{"id":21360,"date":"2025-05-27T13:08:36","date_gmt":"2025-05-27T13:08:36","guid":{"rendered":"https:\/\/cpv2024.ine.gob.bo\/?page_id=21360"},"modified":"2025-11-12T18:08:07","modified_gmt":"2025-11-12T18:08:07","slug":"financiamiento-2025","status":"publish","type":"page","link":"https:\/\/cpv2024.ine.gob.bo\/index.php\/principal\/financiamiento-2025\/","title":{"rendered":"Financiamiento &#8211; 2025"},"content":{"rendered":"\n<div class=\"wp-block-group has-global-padding is-layout-constrained wp-container-core-group-is-layout-63eb7806 wp-block-group-is-layout-constrained\">\n<p class=\"is-style-text-subtitle is-style-text-subtitle--2\">FINANCIAMIENTO<\/p>\n\n\n\n<p>Mediante el Decreto Supremo 4694, de 6 de abril de 2022, se autoriz\u00f3 suscribir el Contrato de Pr\u00e9stamo BOL-35\/202 con el Fondo Financiero para el Desarrollo de la Cuenca del Plata &#8211; FONPLATA por un monto de hasta 40 millones de d\u00f3lares estadounidenses, destinados a financiar el Proyecto Censo de Poblaci\u00f3n y Vivienda 2022, cr\u00e9dito aprobado por la Asamblea Legislativa Plurinacional del Bolivia mediante Ley 1439, de 27 de junio de 2022.<\/p>\n\n\n\n<ul class=\"wp-block-list\">\n<li><em>Decreto Supremo 4694 Autorizaci\u00f3n de la suscripci\u00f3n del Contrato de Pr\u00e9stamo, con FONPLATA<\/em><strong>&nbsp;<\/strong><a href=\"https:\/\/nube.ine.gob.bo\/index.php\/s\/XmKw3MKgADyoJCV\/download\"><strong>Descarga el Decreto Supremo&nbsp;<\/strong><\/a><\/li>\n<\/ul>\n\n\n\n<ul class=\"wp-block-list\">\n<li><em>Ley 1439&nbsp;Aprobaci\u00f3n&nbsp;del&nbsp;Contrato de Pr\u00e9stamo BOL-35\/2022<strong>&nbsp;<\/strong><\/em><a href=\"https:\/\/nube.ine.gob.bo\/index.php\/s\/qyBz2rjD0sW9r6K\/download\"><strong>Descarga la ley&nbsp;<\/strong><\/a><\/li>\n<\/ul>\n\n\n\n<p class=\"justify-text\">Mediante el Decreto Supremo 4707, de 27 de abril de 2022 se autoriz\u00f3 suscribir el Contrato de Pr\u00e9stamo N\u00ba 5514\/OC-BO, con el Banco Interamericano de Desarrollo &#8211; BID, para financiar el Programa de Fortalecimiento del Sistema Estad\u00edstico del Estado Plurinacional de Bolivia; por un monto de hasta 100 millones de d\u00f3lares estadounidenses, cr\u00e9dito aprobado por la Asamblea Legislativa Plurinacional del Bolivia mediante Ley 1447, de 25 de julio de 2022; este cr\u00e9dito adem\u00e1s de co-financiar el Censo de Poblaci\u00f3n y Vivienda 2024, est\u00e1 destinado a otras operaciones estad\u00edsticas y de fortalecimiento institucional y las estad\u00edsticas oficiales del Estado Plurinacional de Bolivia.<\/p>\n\n\n\n<ul class=\"wp-block-list\">\n<li><em>Decreto Supremo&nbsp;4707 Autorizaci\u00f3n de la suscripci\u00f3n del Contrato de Pr\u00e9stamo N\u00ba 5514\/OC-BO, con el BID<\/em><strong>&nbsp;<\/strong><a href=\"https:\/\/nube.ine.gob.bo\/index.php\/s\/fV2nXZ0MfTolEjm\/download\"><strong>Descarga el Decreto Supremo&nbsp;<\/strong><\/a><\/li>\n<\/ul>\n\n\n\n<ul class=\"wp-block-list\">\n<li><em>Ley 1447 Aprobaci\u00f3n del Contrato de Pr\u00e9stamo N\u00b05514\/0C-BO<\/em><strong>&nbsp;<\/strong><a href=\"https:\/\/nube.ine.gob.bo\/index.php\/s\/XeTGsV7GW9gu2SW\/download\"><strong>Descarga la ley<\/strong><\/a><\/li>\n<\/ul>\n\n\n\n<div style=\"height:36px\" aria-hidden=\"true\" class=\"wp-block-spacer\"><\/div>\n\n\n\n<figure class=\"wp-block-image aligncenter size-large is-resized\"><img loading=\"lazy\" decoding=\"async\" width=\"1024\" height=\"288\" src=\"https:\/\/cpv2024.ine.gob.bo\/wp-content\/uploads\/2025\/11\/DISENO-FINANCIAMIENTO-OK_Mesa-de-trabajo-1-1024x288.png\" alt=\"\" class=\"wp-image-30683\" style=\"width:678px;height:auto\" srcset=\"https:\/\/cpv2024.ine.gob.bo\/wp-content\/uploads\/2025\/11\/DISENO-FINANCIAMIENTO-OK_Mesa-de-trabajo-1-1024x288.png 1024w, https:\/\/cpv2024.ine.gob.bo\/wp-content\/uploads\/2025\/11\/DISENO-FINANCIAMIENTO-OK_Mesa-de-trabajo-1-300x84.png 300w, https:\/\/cpv2024.ine.gob.bo\/wp-content\/uploads\/2025\/11\/DISENO-FINANCIAMIENTO-OK_Mesa-de-trabajo-1-768x216.png 768w, https:\/\/cpv2024.ine.gob.bo\/wp-content\/uploads\/2025\/11\/DISENO-FINANCIAMIENTO-OK_Mesa-de-trabajo-1-1536x432.png 1536w, https:\/\/cpv2024.ine.gob.bo\/wp-content\/uploads\/2025\/11\/DISENO-FINANCIAMIENTO-OK_Mesa-de-trabajo-1-2048x575.png 2048w\" sizes=\"auto, (max-width: 1024px) 100vw, 1024px\" \/><\/figure>\n\n\n\n<div style=\"height:36px\" aria-hidden=\"true\" class=\"wp-block-spacer\"><\/div>\n<\/div>\n","protected":false},"excerpt":{"rendered":"<p>FINANCIAMIENTO Mediante el Decreto Supremo 4694, de 6 de abril de 2022, se autoriz\u00f3 suscribir el Contrato de Pr\u00e9stamo BOL-35\/202 con el Fondo Financiero para el Desarrollo de la Cuenca del Plata &#8211; FONPLATA por un monto de hasta 40 millones de d\u00f3lares estadounidenses, destinados a financiar el Proyecto Censo de Poblaci\u00f3n y Vivienda 2022, [&hellip;]<\/p>\n","protected":false},"author":1,"featured_media":0,"parent":2,"menu_order":0,"comment_status":"closed","ping_status":"closed","template":"wp-custom-template-sticky-menu","meta":{"inline_featured_image":false,"_uag_custom_page_level_css":"","_joinchat":[],"footnotes":""},"class_list":["post-21360","page","type-page","status-publish","hentry"],"yoast_head":"<!-- This site is optimized with the Yoast SEO plugin v26.2 - https:\/\/yoast.com\/wordpress\/plugins\/seo\/ -->\n<title>Financiamiento - 2025 - Censo 2024<\/title>\n<meta name=\"robots\" content=\"index, follow, max-snippet:-1, max-image-preview:large, max-video-preview:-1\" \/>\n<link rel=\"canonical\" href=\"https:\/\/cpv2024.ine.gob.bo\/index.php\/principal\/financiamiento-2025\/\" \/>\n<meta property=\"og:locale\" content=\"es_ES\" \/>\n<meta property=\"og:type\" content=\"article\" \/>\n<meta property=\"og:title\" content=\"Financiamiento - 2025 - Censo 2024\" \/>\n<meta property=\"og:description\" content=\"FINANCIAMIENTO Mediante el Decreto Supremo 4694, de 6 de abril de 2022, se autoriz\u00f3 suscribir el Contrato de Pr\u00e9stamo BOL-35\/202 con el Fondo Financiero para el Desarrollo de la Cuenca del Plata &#8211; FONPLATA por un monto de hasta 40 millones de d\u00f3lares estadounidenses, destinados a financiar el Proyecto Censo de Poblaci\u00f3n y Vivienda 2022, [&hellip;]\" \/>\n<meta property=\"og:url\" content=\"https:\/\/cpv2024.ine.gob.bo\/index.php\/principal\/financiamiento-2025\/\" \/>\n<meta property=\"og:site_name\" content=\"Censo 2024\" \/>\n<meta property=\"article:publisher\" content=\"https:\/\/www.facebook.com\/ineboliviaoficial\/?locale=es_LA\" \/>\n<meta property=\"article:modified_time\" content=\"2025-11-12T18:08:07+00:00\" \/>\n<meta property=\"og:image\" content=\"https:\/\/cpv2024.ine.gob.bo\/wp-content\/uploads\/2025\/11\/DISENO-FINANCIAMIENTO-OK_Mesa-de-trabajo-1-scaled.png\" \/>\n\t<meta property=\"og:image:width\" content=\"2560\" \/>\n\t<meta property=\"og:image:height\" content=\"719\" \/>\n\t<meta property=\"og:image:type\" content=\"image\/png\" \/>\n<meta name=\"twitter:card\" content=\"summary_large_image\" \/>\n<meta name=\"twitter:site\" content=\"@ine_bolivia\" \/>\n<meta name=\"twitter:label1\" content=\"Tiempo de lectura\" \/>\n\t<meta name=\"twitter:data1\" content=\"2 minutos\" \/>\n<script type=\"application\/ld+json\" class=\"yoast-schema-graph\">{\"@context\":\"https:\/\/schema.org\",\"@graph\":[{\"@type\":\"WebPage\",\"@id\":\"https:\/\/cpv2024.ine.gob.bo\/index.php\/principal\/financiamiento-2025\/\",\"url\":\"https:\/\/cpv2024.ine.gob.bo\/index.php\/principal\/financiamiento-2025\/\",\"name\":\"Financiamiento - 2025 - Censo 2024\",\"isPartOf\":{\"@id\":\"https:\/\/cpv2024.ine.gob.bo\/#website\"},\"primaryImageOfPage\":{\"@id\":\"https:\/\/cpv2024.ine.gob.bo\/index.php\/principal\/financiamiento-2025\/#primaryimage\"},\"image\":{\"@id\":\"https:\/\/cpv2024.ine.gob.bo\/index.php\/principal\/financiamiento-2025\/#primaryimage\"},\"thumbnailUrl\":\"https:\/\/cpv2024.ine.gob.bo\/wp-content\/uploads\/2025\/11\/DISENO-FINANCIAMIENTO-OK_Mesa-de-trabajo-1-1024x288.png\",\"datePublished\":\"2025-05-27T13:08:36+00:00\",\"dateModified\":\"2025-11-12T18:08:07+00:00\",\"breadcrumb\":{\"@id\":\"https:\/\/cpv2024.ine.gob.bo\/index.php\/principal\/financiamiento-2025\/#breadcrumb\"},\"inLanguage\":\"es\",\"potentialAction\":[{\"@type\":\"ReadAction\",\"target\":[\"https:\/\/cpv2024.ine.gob.bo\/index.php\/principal\/financiamiento-2025\/\"]}]},{\"@type\":\"ImageObject\",\"inLanguage\":\"es\",\"@id\":\"https:\/\/cpv2024.ine.gob.bo\/index.php\/principal\/financiamiento-2025\/#primaryimage\",\"url\":\"https:\/\/cpv2024.ine.gob.bo\/wp-content\/uploads\/2025\/11\/DISENO-FINANCIAMIENTO-OK_Mesa-de-trabajo-1-scaled.png\",\"contentUrl\":\"https:\/\/cpv2024.ine.gob.bo\/wp-content\/uploads\/2025\/11\/DISENO-FINANCIAMIENTO-OK_Mesa-de-trabajo-1-scaled.png\",\"width\":2560,\"height\":719},{\"@type\":\"BreadcrumbList\",\"@id\":\"https:\/\/cpv2024.ine.gob.bo\/index.php\/principal\/financiamiento-2025\/#breadcrumb\",\"itemListElement\":[{\"@type\":\"ListItem\",\"position\":1,\"name\":\"Portada\",\"item\":\"https:\/\/cpv2024.ine.gob.bo\/\"},{\"@type\":\"ListItem\",\"position\":2,\"name\":\"PRINCIPAL\",\"item\":\"https:\/\/cpv2024.ine.gob.bo\/\"},{\"@type\":\"ListItem\",\"position\":3,\"name\":\"Financiamiento &#8211; 2025\"}]},{\"@type\":\"WebSite\",\"@id\":\"https:\/\/cpv2024.ine.gob.bo\/#website\",\"url\":\"https:\/\/cpv2024.ine.gob.bo\/\",\"name\":\"Censo 2024\",\"description\":\"Pagina oficial del censo de poblaci\u00f3n Bolivia 2024\",\"publisher\":{\"@id\":\"https:\/\/cpv2024.ine.gob.bo\/#organization\"},\"alternateName\":\"https:\/\/cpv2024.ine.gob.bo\/\",\"potentialAction\":[{\"@type\":\"SearchAction\",\"target\":{\"@type\":\"EntryPoint\",\"urlTemplate\":\"https:\/\/cpv2024.ine.gob.bo\/?s={search_term_string}\"},\"query-input\":{\"@type\":\"PropertyValueSpecification\",\"valueRequired\":true,\"valueName\":\"search_term_string\"}}],\"inLanguage\":\"es\"},{\"@type\":\"Organization\",\"@id\":\"https:\/\/cpv2024.ine.gob.bo\/#organization\",\"name\":\"Censo 2024\",\"url\":\"https:\/\/cpv2024.ine.gob.bo\/\",\"logo\":{\"@type\":\"ImageObject\",\"inLanguage\":\"es\",\"@id\":\"https:\/\/cpv2024.ine.gob.bo\/#\/schema\/logo\/image\/\",\"url\":\"https:\/\/cpv2024.ine.gob.bo\/wp-content\/uploads\/2025\/04\/logo-censo_INE-512-px.png\",\"contentUrl\":\"https:\/\/cpv2024.ine.gob.bo\/wp-content\/uploads\/2025\/04\/logo-censo_INE-512-px.png\",\"width\":512,\"height\":264,\"caption\":\"Censo 2024\"},\"image\":{\"@id\":\"https:\/\/cpv2024.ine.gob.bo\/#\/schema\/logo\/image\/\"},\"sameAs\":[\"https:\/\/www.facebook.com\/ineboliviaoficial\/?locale=es_LA\",\"https:\/\/x.com\/ine_bolivia\"]}]}<\/script>\n<!-- \/ Yoast SEO plugin. -->","yoast_head_json":{"title":"Financiamiento - 2025 - Censo 2024","robots":{"index":"index","follow":"follow","max-snippet":"max-snippet:-1","max-image-preview":"max-image-preview:large","max-video-preview":"max-video-preview:-1"},"canonical":"https:\/\/cpv2024.ine.gob.bo\/index.php\/principal\/financiamiento-2025\/","og_locale":"es_ES","og_type":"article","og_title":"Financiamiento - 2025 - Censo 2024","og_description":"FINANCIAMIENTO Mediante el Decreto Supremo 4694, de 6 de abril de 2022, se autoriz\u00f3 suscribir el Contrato de Pr\u00e9stamo BOL-35\/202 con el Fondo Financiero para el Desarrollo de la Cuenca del Plata &#8211; FONPLATA por un monto de hasta 40 millones de d\u00f3lares estadounidenses, destinados a financiar el Proyecto Censo de Poblaci\u00f3n y Vivienda 2022, [&hellip;]","og_url":"https:\/\/cpv2024.ine.gob.bo\/index.php\/principal\/financiamiento-2025\/","og_site_name":"Censo 2024","article_publisher":"https:\/\/www.facebook.com\/ineboliviaoficial\/?locale=es_LA","article_modified_time":"2025-11-12T18:08:07+00:00","og_image":[{"width":2560,"height":719,"url":"https:\/\/cpv2024.ine.gob.bo\/wp-content\/uploads\/2025\/11\/DISENO-FINANCIAMIENTO-OK_Mesa-de-trabajo-1-scaled.png","type":"image\/png"}],"twitter_card":"summary_large_image","twitter_site":"@ine_bolivia","twitter_misc":{"Tiempo de lectura":"2 minutos"},"schema":{"@context":"https:\/\/schema.org","@graph":[{"@type":"WebPage","@id":"https:\/\/cpv2024.ine.gob.bo\/index.php\/principal\/financiamiento-2025\/","url":"https:\/\/cpv2024.ine.gob.bo\/index.php\/principal\/financiamiento-2025\/","name":"Financiamiento - 2025 - Censo 2024","isPartOf":{"@id":"https:\/\/cpv2024.ine.gob.bo\/#website"},"primaryImageOfPage":{"@id":"https:\/\/cpv2024.ine.gob.bo\/index.php\/principal\/financiamiento-2025\/#primaryimage"},"image":{"@id":"https:\/\/cpv2024.ine.gob.bo\/index.php\/principal\/financiamiento-2025\/#primaryimage"},"thumbnailUrl":"https:\/\/cpv2024.ine.gob.bo\/wp-content\/uploads\/2025\/11\/DISENO-FINANCIAMIENTO-OK_Mesa-de-trabajo-1-1024x288.png","datePublished":"2025-05-27T13:08:36+00:00","dateModified":"2025-11-12T18:08:07+00:00","breadcrumb":{"@id":"https:\/\/cpv2024.ine.gob.bo\/index.php\/principal\/financiamiento-2025\/#breadcrumb"},"inLanguage":"es","potentialAction":[{"@type":"ReadAction","target":["https:\/\/cpv2024.ine.gob.bo\/index.php\/principal\/financiamiento-2025\/"]}]},{"@type":"ImageObject","inLanguage":"es","@id":"https:\/\/cpv2024.ine.gob.bo\/index.php\/principal\/financiamiento-2025\/#primaryimage","url":"https:\/\/cpv2024.ine.gob.bo\/wp-content\/uploads\/2025\/11\/DISENO-FINANCIAMIENTO-OK_Mesa-de-trabajo-1-scaled.png","contentUrl":"https:\/\/cpv2024.ine.gob.bo\/wp-content\/uploads\/2025\/11\/DISENO-FINANCIAMIENTO-OK_Mesa-de-trabajo-1-scaled.png","width":2560,"height":719},{"@type":"BreadcrumbList","@id":"https:\/\/cpv2024.ine.gob.bo\/index.php\/principal\/financiamiento-2025\/#breadcrumb","itemListElement":[{"@type":"ListItem","position":1,"name":"Portada","item":"https:\/\/cpv2024.ine.gob.bo\/"},{"@type":"ListItem","position":2,"name":"PRINCIPAL","item":"https:\/\/cpv2024.ine.gob.bo\/"},{"@type":"ListItem","position":3,"name":"Financiamiento &#8211; 2025"}]},{"@type":"WebSite","@id":"https:\/\/cpv2024.ine.gob.bo\/#website","url":"https:\/\/cpv2024.ine.gob.bo\/","name":"Censo 2024","description":"Pagina oficial del censo de poblaci\u00f3n Bolivia 2024","publisher":{"@id":"https:\/\/cpv2024.ine.gob.bo\/#organization"},"alternateName":"https:\/\/cpv2024.ine.gob.bo\/","potentialAction":[{"@type":"SearchAction","target":{"@type":"EntryPoint","urlTemplate":"https:\/\/cpv2024.ine.gob.bo\/?s={search_term_string}"},"query-input":{"@type":"PropertyValueSpecification","valueRequired":true,"valueName":"search_term_string"}}],"inLanguage":"es"},{"@type":"Organization","@id":"https:\/\/cpv2024.ine.gob.bo\/#organization","name":"Censo 2024","url":"https:\/\/cpv2024.ine.gob.bo\/","logo":{"@type":"ImageObject","inLanguage":"es","@id":"https:\/\/cpv2024.ine.gob.bo\/#\/schema\/logo\/image\/","url":"https:\/\/cpv2024.ine.gob.bo\/wp-content\/uploads\/2025\/04\/logo-censo_INE-512-px.png","contentUrl":"https:\/\/cpv2024.ine.gob.bo\/wp-content\/uploads\/2025\/04\/logo-censo_INE-512-px.png","width":512,"height":264,"caption":"Censo 2024"},"image":{"@id":"https:\/\/cpv2024.ine.gob.bo\/#\/schema\/logo\/image\/"},"sameAs":["https:\/\/www.facebook.com\/ineboliviaoficial\/?locale=es_LA","https:\/\/x.com\/ine_bolivia"]}]}},"uagb_featured_image_src":{"full":false,"thumbnail":false,"medium":false,"medium_large":false,"large":false,"1536x1536":false,"2048x2048":false,"gg_gallery_thumbnail":false},"uagb_author_info":{"display_name":"sergio","author_link":"https:\/\/cpv2024.ine.gob.bo\/index.php\/author\/sergio\/"},"uagb_comment_info":0,"uagb_excerpt":"FINANCIAMIENTO Mediante el Decreto Supremo 4694, de 6 de abril de 2022, se autoriz\u00f3 suscribir el Contrato de Pr\u00e9stamo BOL-35\/202 con el Fondo Financiero para el Desarrollo de la Cuenca del Plata &#8211; FONPLATA por un monto de hasta 40 millones de d\u00f3lares estadounidenses, destinados a financiar el Proyecto Censo de Poblaci\u00f3n y Vivienda 2022,&hellip;","_links":{"self":[{"href":"https:\/\/cpv2024.ine.gob.bo\/index.php\/wp-json\/wp\/v2\/pages\/21360","targetHints":{"allow":["GET"]}}],"collection":[{"href":"https:\/\/cpv2024.ine.gob.bo\/index.php\/wp-json\/wp\/v2\/pages"}],"about":[{"href":"https:\/\/cpv2024.ine.gob.bo\/index.php\/wp-json\/wp\/v2\/types\/page"}],"author":[{"embeddable":true,"href":"https:\/\/cpv2024.ine.gob.bo\/index.php\/wp-json\/wp\/v2\/users\/1"}],"replies":[{"embeddable":true,"href":"https:\/\/cpv2024.ine.gob.bo\/index.php\/wp-json\/wp\/v2\/comments?post=21360"}],"version-history":[{"count":10,"href":"https:\/\/cpv2024.ine.gob.bo\/index.php\/wp-json\/wp\/v2\/pages\/21360\/revisions"}],"predecessor-version":[{"id":30684,"href":"https:\/\/cpv2024.ine.gob.bo\/index.php\/wp-json\/wp\/v2\/pages\/21360\/revisions\/30684"}],"up":[{"embeddable":true,"href":"https:\/\/cpv2024.ine.gob.bo\/index.php\/wp-json\/wp\/v2\/pages\/2"}],"wp:attachment":[{"href":"https:\/\/cpv2024.ine.gob.bo\/index.php\/wp-json\/wp\/v2\/media?parent=21360"}],"curies":[{"name":"wp","href":"https:\/\/api.w.org\/{rel}","templated":true}]}}