{"id":22384,"date":"2025-06-10T18:46:10","date_gmt":"2025-06-10T18:46:10","guid":{"rendered":"https:\/\/cpv2024.ine.gob.bo\/?page_id=22384"},"modified":"2025-07-21T14:59:33","modified_gmt":"2025-07-21T14:59:33","slug":"consejo-nacional-de-autonomias","status":"publish","type":"page","link":"https:\/\/cpv2024.ine.gob.bo\/index.php\/sobre-el-censo\/pre-comunicacion\/consejo-nacional-de-autonomias\/","title":{"rendered":"Consejo Nacional de Autonom\u00edas"},"content":{"rendered":"\n<div class=\"wp-block-group has-global-padding is-layout-constrained wp-container-core-group-is-layout-0b40682b wp-block-group-is-layout-constrained\">\n<table id=\"tablepress-15\" class=\"tablepress tablepress-id-15\">\n<thead>\n<tr class=\"row-1\">\n\t<th class=\"column-1\">N\u00ba DE RESOLUCI\u00d3N<\/th><th class=\"column-2\">RESUMEN<\/th><th class=\"column-3\">DOCUMENTO<\/th>\n<\/tr>\n<\/thead>\n<tbody class=\"row-striping row-hover\">\n<tr class=\"row-2\">\n\t<td class=\"column-1\">13<\/td><td class=\"column-2\">El 12 de julio de 2022 se realiz\u00f3 la d\u00e9cimo segunda sesi\u00f3n (XII) del CNA y tuvo como orden del d\u00eda el \u201cCenso de Poblaci\u00f3n y Vivienda 2022 (CPV)\u201d <br \/>\nLa resoluci\u00f3n N\u00b0 13 establece cinco puntos: <br \/>\n\u2022\tPrimero: Se determina que el CPV es una herramienta fundamental para la planificaci\u00f3n del desarrollo nacional. Por ello, es importante despejar las intenciones pol\u00edticas para priorizar un trabajo t\u00e9cnico en beneficio de la poblaci\u00f3n.<br \/>\n\u2022\tSegundo: Se solicita la reprogramaci\u00f3n del CPV porque el COVID-19, las socializaciones de la boleta censal, la incorporaci\u00f3n de idiomas originarios, tener una Actualizaci\u00f3n Cartogr\u00e1fica Estad\u00edstica (ACE), y otros factores afectar\u00edan al proceso censal.<br \/>\n\u2022\tTercero: I. Se recomienda al gobierno ajustar el calendario censal para garantizar un censo con informaci\u00f3n de calidad. Se propone que el censo se realice entre mayo y junio de 2024.<br \/>\n\u2022\tII. Se debe implementar una \u00fanica estrategia de comunicaci\u00f3n masiva sobre el censo en sus diferentes etapas, tomando en cuenta a las NPIOCs.<br \/>\n\u2022\tCuarto: Se determina trabajar de manera conjunta para realizar un CENSO CON CONSENSO, pensando en el bienestar de la poblaci\u00f3n.<br \/>\n\u2022\tQuinto: El CNA realizar\u00e1 reuniones para hacer seguimiento a los avances del proceso censal.<br \/>\nAsistieron y firmaron los mandatarios de Estado, ministros, el director del INE, gobernadores y autoridades ind\u00edgenas.<br \/>\n<\/td><td class=\"column-3\"><a href=\"https:\/\/nube.ine.gob.bo\/index.php\/s\/uAxBHnaosYyvfpt\/download\">Resoluci\u00f3n 13<\/a><\/td>\n<\/tr>\n<tr class=\"row-3\">\n\t<td class=\"column-1\">14<\/td><td class=\"column-2\">El 6 de julio de 2023 se realiz\u00f3 la d\u00e9cimo tercera sesi\u00f3n (XIII) del CNA y tuvo como orden del d\u00eda el \u201cseguimiento a los avances del proceso censal\u201d. <br \/>\nLa resoluci\u00f3n N\u00b0 14 establece siete puntos: <br \/>\n\u2022\tPrimero: Destaca el trabajo de todos los niveles de gobierno porque permiti\u00f3 lograr avances en la realizaci\u00f3n de un CENSO CON CONSENSO.<br \/>\n\u2022\tSegundo: Pondera de positivo los avances t\u00e9cnicos del proceso censal en sus diferentes etapas (socializaciones, convenios suscritos y alianzas estrat\u00e9gicas). Los progresos del proceso censal brindan certeza a la poblaci\u00f3n.<br \/>\n\u2022\tTercero: Pide coordinar con las ETAs planes de contingencia sobre la afectaci\u00f3n del clima para realizar el empadronamiento censal. Adem\u00e1s de promover convenios adicionales para campa\u00f1as comunicacionales que ayuden a minimizar los efectos negativos de la migraci\u00f3n interna.<br \/>\n\u2022\tCuarto: pide fortalecer la coordinaci\u00f3n con las NPIOCs tomando en cuenta sus caracter\u00edsticas territoriales, seg\u00fan sus procedimientos.<br \/>\n\u2022\tQuinto: reafirma que el INE es la \u00fanica entidad competente a nivel nacional para producir y publicar estad\u00edsticas oficiales y realizar censos, como lo se\u00f1ala la CPE.<br \/>\n\u2022\tSexto: ratifica el compromiso y apoyo de las ETAs y miembros del CNA del proceso censal, evitando la politizaci\u00f3n del mismo.<br \/>\n\u2022\tS\u00e9ptimo: reitera que el INE contin\u00fae brindando informes sobre los avances del proceso censal.<br \/>\nAsistieron los mandatarios del Estado bolivianos, personal del INE, los ministros, 7 de los 9 gobernadores y autoridades de las autonom\u00edas ind\u00edgenas.<br \/>\n<\/td><td class=\"column-3\"><a href=\"https:\/\/nube.ine.gob.bo\/index.php\/s\/M7pbIWTOwhzPzNc\/download\">Resoluci\u00f3n 14<\/a><\/td>\n<\/tr>\n<\/tbody>\n<\/table>\n<!-- #tablepress-15 from cache -->\n<\/div>\n","protected":false},"excerpt":{"rendered":"","protected":false},"author":1,"featured_media":0,"parent":22225,"menu_order":0,"comment_status":"closed","ping_status":"closed","template":"wp-custom-template-sticky-menu","meta":{"inline_featured_image":false,"_uag_custom_page_level_css":"","_joinchat":[],"footnotes":""},"class_list":["post-22384","page","type-page","status-publish","hentry"],"yoast_head":"<!-- This site is optimized with the Yoast SEO plugin v26.2 - https:\/\/yoast.com\/wordpress\/plugins\/seo\/ -->\n<title>Consejo Nacional de Autonom\u00edas - Censo 2024<\/title>\n<meta name=\"robots\" content=\"index, follow, max-snippet:-1, max-image-preview:large, max-video-preview:-1\" \/>\n<link rel=\"canonical\" href=\"https:\/\/cpv2024.ine.gob.bo\/index.php\/sobre-el-censo\/pre-comunicacion\/consejo-nacional-de-autonomias\/\" \/>\n<meta property=\"og:locale\" content=\"es_ES\" \/>\n<meta property=\"og:type\" content=\"article\" \/>\n<meta property=\"og:title\" content=\"Consejo Nacional de Autonom\u00edas - Censo 2024\" \/>\n<meta property=\"og:url\" content=\"https:\/\/cpv2024.ine.gob.bo\/index.php\/sobre-el-censo\/pre-comunicacion\/consejo-nacional-de-autonomias\/\" \/>\n<meta property=\"og:site_name\" content=\"Censo 2024\" \/>\n<meta property=\"article:publisher\" content=\"https:\/\/www.facebook.com\/ineboliviaoficial\/?locale=es_LA\" \/>\n<meta property=\"article:modified_time\" content=\"2025-07-21T14:59:33+00:00\" \/>\n<meta name=\"twitter:card\" content=\"summary_large_image\" \/>\n<meta name=\"twitter:site\" content=\"@ine_bolivia\" \/>\n<script type=\"application\/ld+json\" class=\"yoast-schema-graph\">{\"@context\":\"https:\/\/schema.org\",\"@graph\":[{\"@type\":\"WebPage\",\"@id\":\"https:\/\/cpv2024.ine.gob.bo\/index.php\/sobre-el-censo\/pre-comunicacion\/consejo-nacional-de-autonomias\/\",\"url\":\"https:\/\/cpv2024.ine.gob.bo\/index.php\/sobre-el-censo\/pre-comunicacion\/consejo-nacional-de-autonomias\/\",\"name\":\"Consejo Nacional de Autonom\u00edas - Censo 2024\",\"isPartOf\":{\"@id\":\"https:\/\/cpv2024.ine.gob.bo\/#website\"},\"datePublished\":\"2025-06-10T18:46:10+00:00\",\"dateModified\":\"2025-07-21T14:59:33+00:00\",\"breadcrumb\":{\"@id\":\"https:\/\/cpv2024.ine.gob.bo\/index.php\/sobre-el-censo\/pre-comunicacion\/consejo-nacional-de-autonomias\/#breadcrumb\"},\"inLanguage\":\"es\",\"potentialAction\":[{\"@type\":\"ReadAction\",\"target\":[\"https:\/\/cpv2024.ine.gob.bo\/index.php\/sobre-el-censo\/pre-comunicacion\/consejo-nacional-de-autonomias\/\"]}]},{\"@type\":\"BreadcrumbList\",\"@id\":\"https:\/\/cpv2024.ine.gob.bo\/index.php\/sobre-el-censo\/pre-comunicacion\/consejo-nacional-de-autonomias\/#breadcrumb\",\"itemListElement\":[{\"@type\":\"ListItem\",\"position\":1,\"name\":\"Portada\",\"item\":\"https:\/\/cpv2024.ine.gob.bo\/\"},{\"@type\":\"ListItem\",\"position\":2,\"name\":\"SOBRE EL CENSO\",\"item\":\"https:\/\/cpv2024.ine.gob.bo\/index.php\/sobre-el-censo\/\"},{\"@type\":\"ListItem\",\"position\":3,\"name\":\"pre-Comunicaci\u00f3n\",\"item\":\"https:\/\/cpv2024.ine.gob.bo\/index.php\/sobre-el-censo\/pre-comunicacion\/\"},{\"@type\":\"ListItem\",\"position\":4,\"name\":\"Consejo Nacional de Autonom\u00edas\"}]},{\"@type\":\"WebSite\",\"@id\":\"https:\/\/cpv2024.ine.gob.bo\/#website\",\"url\":\"https:\/\/cpv2024.ine.gob.bo\/\",\"name\":\"Censo 2024\",\"description\":\"Pagina oficial del censo de poblaci\u00f3n Bolivia 2024\",\"publisher\":{\"@id\":\"https:\/\/cpv2024.ine.gob.bo\/#organization\"},\"alternateName\":\"https:\/\/cpv2024.ine.gob.bo\/\",\"potentialAction\":[{\"@type\":\"SearchAction\",\"target\":{\"@type\":\"EntryPoint\",\"urlTemplate\":\"https:\/\/cpv2024.ine.gob.bo\/?s={search_term_string}\"},\"query-input\":{\"@type\":\"PropertyValueSpecification\",\"valueRequired\":true,\"valueName\":\"search_term_string\"}}],\"inLanguage\":\"es\"},{\"@type\":\"Organization\",\"@id\":\"https:\/\/cpv2024.ine.gob.bo\/#organization\",\"name\":\"Censo 2024\",\"url\":\"https:\/\/cpv2024.ine.gob.bo\/\",\"logo\":{\"@type\":\"ImageObject\",\"inLanguage\":\"es\",\"@id\":\"https:\/\/cpv2024.ine.gob.bo\/#\/schema\/logo\/image\/\",\"url\":\"https:\/\/cpv2024.ine.gob.bo\/wp-content\/uploads\/2025\/04\/logo-censo_INE-512-px.png\",\"contentUrl\":\"https:\/\/cpv2024.ine.gob.bo\/wp-content\/uploads\/2025\/04\/logo-censo_INE-512-px.png\",\"width\":512,\"height\":264,\"caption\":\"Censo 2024\"},\"image\":{\"@id\":\"https:\/\/cpv2024.ine.gob.bo\/#\/schema\/logo\/image\/\"},\"sameAs\":[\"https:\/\/www.facebook.com\/ineboliviaoficial\/?locale=es_LA\",\"https:\/\/x.com\/ine_bolivia\"]}]}<\/script>\n<!-- \/ Yoast SEO plugin. -->","yoast_head_json":{"title":"Consejo Nacional de Autonom\u00edas - Censo 2024","robots":{"index":"index","follow":"follow","max-snippet":"max-snippet:-1","max-image-preview":"max-image-preview:large","max-video-preview":"max-video-preview:-1"},"canonical":"https:\/\/cpv2024.ine.gob.bo\/index.php\/sobre-el-censo\/pre-comunicacion\/consejo-nacional-de-autonomias\/","og_locale":"es_ES","og_type":"article","og_title":"Consejo Nacional de Autonom\u00edas - Censo 2024","og_url":"https:\/\/cpv2024.ine.gob.bo\/index.php\/sobre-el-censo\/pre-comunicacion\/consejo-nacional-de-autonomias\/","og_site_name":"Censo 2024","article_publisher":"https:\/\/www.facebook.com\/ineboliviaoficial\/?locale=es_LA","article_modified_time":"2025-07-21T14:59:33+00:00","twitter_card":"summary_large_image","twitter_site":"@ine_bolivia","schema":{"@context":"https:\/\/schema.org","@graph":[{"@type":"WebPage","@id":"https:\/\/cpv2024.ine.gob.bo\/index.php\/sobre-el-censo\/pre-comunicacion\/consejo-nacional-de-autonomias\/","url":"https:\/\/cpv2024.ine.gob.bo\/index.php\/sobre-el-censo\/pre-comunicacion\/consejo-nacional-de-autonomias\/","name":"Consejo Nacional de Autonom\u00edas - Censo 2024","isPartOf":{"@id":"https:\/\/cpv2024.ine.gob.bo\/#website"},"datePublished":"2025-06-10T18:46:10+00:00","dateModified":"2025-07-21T14:59:33+00:00","breadcrumb":{"@id":"https:\/\/cpv2024.ine.gob.bo\/index.php\/sobre-el-censo\/pre-comunicacion\/consejo-nacional-de-autonomias\/#breadcrumb"},"inLanguage":"es","potentialAction":[{"@type":"ReadAction","target":["https:\/\/cpv2024.ine.gob.bo\/index.php\/sobre-el-censo\/pre-comunicacion\/consejo-nacional-de-autonomias\/"]}]},{"@type":"BreadcrumbList","@id":"https:\/\/cpv2024.ine.gob.bo\/index.php\/sobre-el-censo\/pre-comunicacion\/consejo-nacional-de-autonomias\/#breadcrumb","itemListElement":[{"@type":"ListItem","position":1,"name":"Portada","item":"https:\/\/cpv2024.ine.gob.bo\/"},{"@type":"ListItem","position":2,"name":"SOBRE EL CENSO","item":"https:\/\/cpv2024.ine.gob.bo\/index.php\/sobre-el-censo\/"},{"@type":"ListItem","position":3,"name":"pre-Comunicaci\u00f3n","item":"https:\/\/cpv2024.ine.gob.bo\/index.php\/sobre-el-censo\/pre-comunicacion\/"},{"@type":"ListItem","position":4,"name":"Consejo Nacional de Autonom\u00edas"}]},{"@type":"WebSite","@id":"https:\/\/cpv2024.ine.gob.bo\/#website","url":"https:\/\/cpv2024.ine.gob.bo\/","name":"Censo 2024","description":"Pagina oficial del censo de poblaci\u00f3n Bolivia 2024","publisher":{"@id":"https:\/\/cpv2024.ine.gob.bo\/#organization"},"alternateName":"https:\/\/cpv2024.ine.gob.bo\/","potentialAction":[{"@type":"SearchAction","target":{"@type":"EntryPoint","urlTemplate":"https:\/\/cpv2024.ine.gob.bo\/?s={search_term_string}"},"query-input":{"@type":"PropertyValueSpecification","valueRequired":true,"valueName":"search_term_string"}}],"inLanguage":"es"},{"@type":"Organization","@id":"https:\/\/cpv2024.ine.gob.bo\/#organization","name":"Censo 2024","url":"https:\/\/cpv2024.ine.gob.bo\/","logo":{"@type":"ImageObject","inLanguage":"es","@id":"https:\/\/cpv2024.ine.gob.bo\/#\/schema\/logo\/image\/","url":"https:\/\/cpv2024.ine.gob.bo\/wp-content\/uploads\/2025\/04\/logo-censo_INE-512-px.png","contentUrl":"https:\/\/cpv2024.ine.gob.bo\/wp-content\/uploads\/2025\/04\/logo-censo_INE-512-px.png","width":512,"height":264,"caption":"Censo 2024"},"image":{"@id":"https:\/\/cpv2024.ine.gob.bo\/#\/schema\/logo\/image\/"},"sameAs":["https:\/\/www.facebook.com\/ineboliviaoficial\/?locale=es_LA","https:\/\/x.com\/ine_bolivia"]}]}},"uagb_featured_image_src":{"full":false,"thumbnail":false,"medium":false,"medium_large":false,"large":false,"1536x1536":false,"2048x2048":false,"gg_gallery_thumbnail":false},"uagb_author_info":{"display_name":"sergio","author_link":"https:\/\/cpv2024.ine.gob.bo\/index.php\/author\/sergio\/"},"uagb_comment_info":0,"uagb_excerpt":null,"_links":{"self":[{"href":"https:\/\/cpv2024.ine.gob.bo\/index.php\/wp-json\/wp\/v2\/pages\/22384","targetHints":{"allow":["GET"]}}],"collection":[{"href":"https:\/\/cpv2024.ine.gob.bo\/index.php\/wp-json\/wp\/v2\/pages"}],"about":[{"href":"https:\/\/cpv2024.ine.gob.bo\/index.php\/wp-json\/wp\/v2\/types\/page"}],"author":[{"embeddable":true,"href":"https:\/\/cpv2024.ine.gob.bo\/index.php\/wp-json\/wp\/v2\/users\/1"}],"replies":[{"embeddable":true,"href":"https:\/\/cpv2024.ine.gob.bo\/index.php\/wp-json\/wp\/v2\/comments?post=22384"}],"version-history":[{"count":2,"href":"https:\/\/cpv2024.ine.gob.bo\/index.php\/wp-json\/wp\/v2\/pages\/22384\/revisions"}],"predecessor-version":[{"id":23720,"href":"https:\/\/cpv2024.ine.gob.bo\/index.php\/wp-json\/wp\/v2\/pages\/22384\/revisions\/23720"}],"up":[{"embeddable":true,"href":"https:\/\/cpv2024.ine.gob.bo\/index.php\/wp-json\/wp\/v2\/pages\/22225"}],"wp:attachment":[{"href":"https:\/\/cpv2024.ine.gob.bo\/index.php\/wp-json\/wp\/v2\/media?parent=22384"}],"curies":[{"name":"wp","href":"https:\/\/api.w.org\/{rel}","templated":true}]}}