{"id":23583,"date":"2025-07-20T19:08:15","date_gmt":"2025-07-20T19:08:15","guid":{"rendered":"https:\/\/cpv2024.ine.gob.bo\/?page_id=23583"},"modified":"2025-09-30T16:27:02","modified_gmt":"2025-09-30T16:27:02","slug":"censo-2024","status":"publish","type":"page","link":"https:\/\/cpv2024.ine.gob.bo\/index.php\/censo-2024\/","title":{"rendered":"ASPECTOS GENERALES"},"content":{"rendered":"\n<div class=\"wp-block-group has-global-padding is-layout-constrained wp-container-core-group-is-layout-0b40682b wp-block-group-is-layout-constrained\">\n<p class=\"is-style-text-subtitle has-x-large-font-size is-style-text-subtitle--2\">ASPECTOS GENERALES <\/p>\n\n\n\n<p class=\"justify-text\">El Censo de Poblaci\u00f3n y Vivienda 2024 (Censo 2024) es la operaci\u00f3n estad\u00edstica de mayor relevancia en el pa\u00eds, puesto que es la fuente de informaci\u00f3n con mayor nivel de desagregaci\u00f3n geogr\u00e1fica que proporciona informaci\u00f3n sobre la dimensi\u00f3n, estructura, caracter\u00edsticas, distribuci\u00f3n en el territorio nacional de la poblaci\u00f3n; y que permite cuantificar las viviendas y sus caracter\u00edsticas.<\/p>\n\n\n\n<p class=\"justify-text\">La investigaci\u00f3n est\u00e1 dirigida a recolectar informaci\u00f3n de todas las viviendas particulares con personas presentes o ausentes, viviendas desocupadas, viviendas colectivas, o establecimientos no destinados para vivienda con personas que pasaron la noche anterior al censo (momento censal); y de las personas que est\u00e9n presentes al momento del censo, en las viviendas particulares ocupadas, las viviendas colectivas y, tambi\u00e9n de todas las personas que viven en la calle, de las que est\u00e9n en tr\u00e1nsito en terminales, aeropuertos y puertos fluviales.<\/p>\n\n\n\n<p class=\"is-style-text-subtitle has-large-font-size is-style-text-subtitle--3\"><strong>Objetivo general<\/strong><\/p>\n\n\n\n<p class=\"justify-text\">El objetivo general del Censo 2024 es proporcionar datos estad\u00edsticos sobre la dimensi\u00f3n, estructura y distribuci\u00f3n espacial de la poblaci\u00f3n. Adem\u00e1s, de las caracter\u00edsticas demogr\u00e1ficas, sociales, econ\u00f3micas de la poblaci\u00f3n y las caracter\u00edsticas de las viviendas y acceso a los servicios p\u00fablicos.<\/p>\n\n\n\n<p class=\"is-style-text-subtitle has-large-font-size is-style-text-subtitle--4\"><strong>Objetivos espec\u00edficos<\/strong><\/p>\n\n\n\n<p>Los objetivos espec\u00edficos son:<\/p>\n\n\n\n<ol class=\"wp-block-list\">\n<li class=\"justify-text\">Contar con informaci\u00f3n de las caracter\u00edsticas demogr\u00e1ficas y sociales y econ\u00f3micas de la poblaci\u00f3n.<\/li>\n\n\n\n<li class=\"justify-text\">Contar con informaci\u00f3n actualizada sobre n\u00famero de las viviendas y sus caracter\u00edsticas principales, as\u00ed como de las condiciones habitacionales de los hogares.<\/li>\n\n\n\n<li class=\"justify-text\">Suministrar informaci\u00f3n para la determinaci\u00f3n y localizaci\u00f3n de necesidades b\u00e1sicas insatisfechas y la construcci\u00f3n de indicadores de pobreza. Suministrar informaci\u00f3n para la determinaci\u00f3n y localizaci\u00f3n de la poblaci\u00f3n con necesidades b\u00e1sicas insatisfechas y la construcci\u00f3n de indicadores de pobreza.<\/li>\n\n\n\n<li class=\"justify-text\">Proporcionar insumos para la generaci\u00f3n de estad\u00edsticas e indicadores para el seguimiento y atenci\u00f3n a compromisos nacionales e internacionales, como el Plan de Desarrollo Econ\u00f3mico y Social, los objetivos de Desarrollo Sostenible (ODS), el Consenso de Montevideo.<\/li>\n\n\n\n<li class=\"justify-text\">Proporcionar un marco muestral completo y actualizado que permita el dise\u00f1o eficiente de futuras investigaciones estad\u00edsticas por muestreo. Actualizar el Sistema de Informaci\u00f3n Geogr\u00e1fico Estad\u00edstico.<\/li>\n<\/ol>\n\n\n\n<p><strong>Periodo de recolecci\u00f3n de datos<\/strong>: el Censo 2024 se realiz\u00f3 del 23 al 25 de marzo de 2024, un d\u00eda en lugares amanzanados y hasta tres d\u00edas en \u00e1reas dispersas.<\/p>\n\n\n\n<p class=\"justify-text\"><strong>Censo de hecho: <\/strong>al igual que los 11 censos de poblaci\u00f3n y 5 de vivienda anteriores, el INE aplic\u00f3 el tipo de censo de hecho, en el cual se registraron los datos de las personas que pasaron en la vivienda la noche anterior al d\u00eda del censo, tambi\u00e9n cens\u00f3 a todas las personas que viven en situaci\u00f3n de calle, a las que se encontr\u00f3 en tr\u00e1nsito de un lugar a otro, en aeropuertos, terminales terrestres o puertos fluviales.<\/p>\n\n\n\n<p class=\"justify-text\"><strong>Recolecci\u00f3n de datos:<\/strong> en el Censo 2024, la recolecci\u00f3n de informaci\u00f3n de viviendas y poblaci\u00f3n, se realiz\u00f3 a trav\u00e9s de la aplicaci\u00f3n del cuestionario censal impreso, bajo la modalidad de entrevista directa con las jefas o jefes del hogar y todas las personas que pasaron la noche anterior al censo en la vivienda.<\/p>\n\n\n\n<p class=\"justify-text\"><strong>Agentes censales voluntarios:<\/strong> trabajaron 550.649 agentes censales voluntarios, entre censistas, supervisores y agentes de reserva, quienes fueron capacitados para registrar los datos de la poblaci\u00f3n y de las viviendas en el cuestionario censal, durante el operativo del Censo 2024.<\/p>\n<\/div>\n","protected":false},"excerpt":{"rendered":"<p>ASPECTOS GENERALES El Censo de Poblaci\u00f3n y Vivienda 2024 (Censo 2024) es la operaci\u00f3n estad\u00edstica de mayor relevancia en el pa\u00eds, puesto que es la fuente de informaci\u00f3n con mayor nivel de desagregaci\u00f3n geogr\u00e1fica que proporciona informaci\u00f3n sobre la dimensi\u00f3n, estructura, caracter\u00edsticas, distribuci\u00f3n en el territorio nacional de la poblaci\u00f3n; y que permite cuantificar las [&hellip;]<\/p>\n","protected":false},"author":1,"featured_media":0,"parent":0,"menu_order":0,"comment_status":"closed","ping_status":"closed","template":"wp-custom-template-sticky-menu","meta":{"inline_featured_image":false,"_uag_custom_page_level_css":"","_joinchat":[],"footnotes":""},"class_list":["post-23583","page","type-page","status-publish","hentry"],"yoast_head":"<!-- This site is optimized with the Yoast SEO plugin v26.2 - https:\/\/yoast.com\/wordpress\/plugins\/seo\/ -->\n<title>ASPECTOS GENERALES - Censo 2024<\/title>\n<meta name=\"description\" content=\"objetivo general y objetivos especificos del censo de poblacion 2024 en Bolivia, censo de hecho, recoleccion de datos y agentes censales\" \/>\n<meta name=\"robots\" content=\"index, follow, max-snippet:-1, max-image-preview:large, max-video-preview:-1\" \/>\n<link rel=\"canonical\" href=\"https:\/\/cpv2024.ine.gob.bo\/index.php\/censo-2024\/\" \/>\n<meta property=\"og:locale\" content=\"es_ES\" \/>\n<meta property=\"og:type\" content=\"article\" \/>\n<meta property=\"og:title\" content=\"ASPECTOS GENERALES - Censo 2024\" \/>\n<meta property=\"og:description\" content=\"objetivo general y objetivos especificos del censo de poblacion 2024 en Bolivia, censo de hecho, recoleccion de datos y agentes censales\" \/>\n<meta property=\"og:url\" content=\"https:\/\/cpv2024.ine.gob.bo\/index.php\/censo-2024\/\" \/>\n<meta property=\"og:site_name\" content=\"Censo 2024\" \/>\n<meta property=\"article:publisher\" content=\"https:\/\/www.facebook.com\/ineboliviaoficial\/?locale=es_LA\" \/>\n<meta property=\"article:modified_time\" content=\"2025-09-30T16:27:02+00:00\" \/>\n<meta name=\"twitter:card\" content=\"summary_large_image\" \/>\n<meta name=\"twitter:site\" content=\"@ine_bolivia\" \/>\n<meta name=\"twitter:label1\" content=\"Tiempo de lectura\" \/>\n\t<meta name=\"twitter:data1\" content=\"3 minutos\" \/>\n<script type=\"application\/ld+json\" class=\"yoast-schema-graph\">{\"@context\":\"https:\/\/schema.org\",\"@graph\":[{\"@type\":\"WebPage\",\"@id\":\"https:\/\/cpv2024.ine.gob.bo\/index.php\/censo-2024\/\",\"url\":\"https:\/\/cpv2024.ine.gob.bo\/index.php\/censo-2024\/\",\"name\":\"ASPECTOS GENERALES - Censo 2024\",\"isPartOf\":{\"@id\":\"https:\/\/cpv2024.ine.gob.bo\/#website\"},\"datePublished\":\"2025-07-20T19:08:15+00:00\",\"dateModified\":\"2025-09-30T16:27:02+00:00\",\"description\":\"objetivo general y objetivos especificos del censo de poblacion 2024 en Bolivia, censo de hecho, recoleccion de datos y agentes censales\",\"breadcrumb\":{\"@id\":\"https:\/\/cpv2024.ine.gob.bo\/index.php\/censo-2024\/#breadcrumb\"},\"inLanguage\":\"es\",\"potentialAction\":[{\"@type\":\"ReadAction\",\"target\":[\"https:\/\/cpv2024.ine.gob.bo\/index.php\/censo-2024\/\"]}]},{\"@type\":\"BreadcrumbList\",\"@id\":\"https:\/\/cpv2024.ine.gob.bo\/index.php\/censo-2024\/#breadcrumb\",\"itemListElement\":[{\"@type\":\"ListItem\",\"position\":1,\"name\":\"Portada\",\"item\":\"https:\/\/cpv2024.ine.gob.bo\/\"},{\"@type\":\"ListItem\",\"position\":2,\"name\":\"ASPECTOS GENERALES\"}]},{\"@type\":\"WebSite\",\"@id\":\"https:\/\/cpv2024.ine.gob.bo\/#website\",\"url\":\"https:\/\/cpv2024.ine.gob.bo\/\",\"name\":\"Censo 2024\",\"description\":\"Pagina oficial del censo de poblaci\u00f3n Bolivia 2024\",\"publisher\":{\"@id\":\"https:\/\/cpv2024.ine.gob.bo\/#organization\"},\"alternateName\":\"https:\/\/cpv2024.ine.gob.bo\/\",\"potentialAction\":[{\"@type\":\"SearchAction\",\"target\":{\"@type\":\"EntryPoint\",\"urlTemplate\":\"https:\/\/cpv2024.ine.gob.bo\/?s={search_term_string}\"},\"query-input\":{\"@type\":\"PropertyValueSpecification\",\"valueRequired\":true,\"valueName\":\"search_term_string\"}}],\"inLanguage\":\"es\"},{\"@type\":\"Organization\",\"@id\":\"https:\/\/cpv2024.ine.gob.bo\/#organization\",\"name\":\"Censo 2024\",\"url\":\"https:\/\/cpv2024.ine.gob.bo\/\",\"logo\":{\"@type\":\"ImageObject\",\"inLanguage\":\"es\",\"@id\":\"https:\/\/cpv2024.ine.gob.bo\/#\/schema\/logo\/image\/\",\"url\":\"https:\/\/cpv2024.ine.gob.bo\/wp-content\/uploads\/2025\/04\/logo-censo_INE-512-px.png\",\"contentUrl\":\"https:\/\/cpv2024.ine.gob.bo\/wp-content\/uploads\/2025\/04\/logo-censo_INE-512-px.png\",\"width\":512,\"height\":264,\"caption\":\"Censo 2024\"},\"image\":{\"@id\":\"https:\/\/cpv2024.ine.gob.bo\/#\/schema\/logo\/image\/\"},\"sameAs\":[\"https:\/\/www.facebook.com\/ineboliviaoficial\/?locale=es_LA\",\"https:\/\/x.com\/ine_bolivia\"]}]}<\/script>\n<!-- \/ Yoast SEO plugin. -->","yoast_head_json":{"title":"ASPECTOS GENERALES - Censo 2024","description":"objetivo general y objetivos especificos del censo de poblacion 2024 en Bolivia, censo de hecho, recoleccion de datos y agentes censales","robots":{"index":"index","follow":"follow","max-snippet":"max-snippet:-1","max-image-preview":"max-image-preview:large","max-video-preview":"max-video-preview:-1"},"canonical":"https:\/\/cpv2024.ine.gob.bo\/index.php\/censo-2024\/","og_locale":"es_ES","og_type":"article","og_title":"ASPECTOS GENERALES - Censo 2024","og_description":"objetivo general y objetivos especificos del censo de poblacion 2024 en Bolivia, censo de hecho, recoleccion de datos y agentes censales","og_url":"https:\/\/cpv2024.ine.gob.bo\/index.php\/censo-2024\/","og_site_name":"Censo 2024","article_publisher":"https:\/\/www.facebook.com\/ineboliviaoficial\/?locale=es_LA","article_modified_time":"2025-09-30T16:27:02+00:00","twitter_card":"summary_large_image","twitter_site":"@ine_bolivia","twitter_misc":{"Tiempo de lectura":"3 minutos"},"schema":{"@context":"https:\/\/schema.org","@graph":[{"@type":"WebPage","@id":"https:\/\/cpv2024.ine.gob.bo\/index.php\/censo-2024\/","url":"https:\/\/cpv2024.ine.gob.bo\/index.php\/censo-2024\/","name":"ASPECTOS GENERALES - Censo 2024","isPartOf":{"@id":"https:\/\/cpv2024.ine.gob.bo\/#website"},"datePublished":"2025-07-20T19:08:15+00:00","dateModified":"2025-09-30T16:27:02+00:00","description":"objetivo general y objetivos especificos del censo de poblacion 2024 en Bolivia, censo de hecho, recoleccion de datos y agentes censales","breadcrumb":{"@id":"https:\/\/cpv2024.ine.gob.bo\/index.php\/censo-2024\/#breadcrumb"},"inLanguage":"es","potentialAction":[{"@type":"ReadAction","target":["https:\/\/cpv2024.ine.gob.bo\/index.php\/censo-2024\/"]}]},{"@type":"BreadcrumbList","@id":"https:\/\/cpv2024.ine.gob.bo\/index.php\/censo-2024\/#breadcrumb","itemListElement":[{"@type":"ListItem","position":1,"name":"Portada","item":"https:\/\/cpv2024.ine.gob.bo\/"},{"@type":"ListItem","position":2,"name":"ASPECTOS GENERALES"}]},{"@type":"WebSite","@id":"https:\/\/cpv2024.ine.gob.bo\/#website","url":"https:\/\/cpv2024.ine.gob.bo\/","name":"Censo 2024","description":"Pagina oficial del censo de poblaci\u00f3n Bolivia 2024","publisher":{"@id":"https:\/\/cpv2024.ine.gob.bo\/#organization"},"alternateName":"https:\/\/cpv2024.ine.gob.bo\/","potentialAction":[{"@type":"SearchAction","target":{"@type":"EntryPoint","urlTemplate":"https:\/\/cpv2024.ine.gob.bo\/?s={search_term_string}"},"query-input":{"@type":"PropertyValueSpecification","valueRequired":true,"valueName":"search_term_string"}}],"inLanguage":"es"},{"@type":"Organization","@id":"https:\/\/cpv2024.ine.gob.bo\/#organization","name":"Censo 2024","url":"https:\/\/cpv2024.ine.gob.bo\/","logo":{"@type":"ImageObject","inLanguage":"es","@id":"https:\/\/cpv2024.ine.gob.bo\/#\/schema\/logo\/image\/","url":"https:\/\/cpv2024.ine.gob.bo\/wp-content\/uploads\/2025\/04\/logo-censo_INE-512-px.png","contentUrl":"https:\/\/cpv2024.ine.gob.bo\/wp-content\/uploads\/2025\/04\/logo-censo_INE-512-px.png","width":512,"height":264,"caption":"Censo 2024"},"image":{"@id":"https:\/\/cpv2024.ine.gob.bo\/#\/schema\/logo\/image\/"},"sameAs":["https:\/\/www.facebook.com\/ineboliviaoficial\/?locale=es_LA","https:\/\/x.com\/ine_bolivia"]}]}},"uagb_featured_image_src":{"full":false,"thumbnail":false,"medium":false,"medium_large":false,"large":false,"1536x1536":false,"2048x2048":false,"gg_gallery_thumbnail":false},"uagb_author_info":{"display_name":"sergio","author_link":"https:\/\/cpv2024.ine.gob.bo\/index.php\/author\/sergio\/"},"uagb_comment_info":0,"uagb_excerpt":"ASPECTOS GENERALES El Censo de Poblaci\u00f3n y Vivienda 2024 (Censo 2024) es la operaci\u00f3n estad\u00edstica de mayor relevancia en el pa\u00eds, puesto que es la fuente de informaci\u00f3n con mayor nivel de desagregaci\u00f3n geogr\u00e1fica que proporciona informaci\u00f3n sobre la dimensi\u00f3n, estructura, caracter\u00edsticas, distribuci\u00f3n en el territorio nacional de la poblaci\u00f3n; y que permite cuantificar las&hellip;","_links":{"self":[{"href":"https:\/\/cpv2024.ine.gob.bo\/index.php\/wp-json\/wp\/v2\/pages\/23583","targetHints":{"allow":["GET"]}}],"collection":[{"href":"https:\/\/cpv2024.ine.gob.bo\/index.php\/wp-json\/wp\/v2\/pages"}],"about":[{"href":"https:\/\/cpv2024.ine.gob.bo\/index.php\/wp-json\/wp\/v2\/types\/page"}],"author":[{"embeddable":true,"href":"https:\/\/cpv2024.ine.gob.bo\/index.php\/wp-json\/wp\/v2\/users\/1"}],"replies":[{"embeddable":true,"href":"https:\/\/cpv2024.ine.gob.bo\/index.php\/wp-json\/wp\/v2\/comments?post=23583"}],"version-history":[{"count":10,"href":"https:\/\/cpv2024.ine.gob.bo\/index.php\/wp-json\/wp\/v2\/pages\/23583\/revisions"}],"predecessor-version":[{"id":30420,"href":"https:\/\/cpv2024.ine.gob.bo\/index.php\/wp-json\/wp\/v2\/pages\/23583\/revisions\/30420"}],"wp:attachment":[{"href":"https:\/\/cpv2024.ine.gob.bo\/index.php\/wp-json\/wp\/v2\/media?parent=23583"}],"curies":[{"name":"wp","href":"https:\/\/api.w.org\/{rel}","templated":true}]}}