{"id":23595,"date":"2025-07-20T19:30:16","date_gmt":"2025-07-20T19:30:16","guid":{"rendered":"https:\/\/cpv2024.ine.gob.bo\/?page_id=23595"},"modified":"2025-11-11T21:54:20","modified_gmt":"2025-11-11T21:54:20","slug":"marco-legal-2025","status":"publish","type":"page","link":"https:\/\/cpv2024.ine.gob.bo\/index.php\/marco-legal-2025\/","title":{"rendered":"MARCO LEGAL &#8211; 2025"},"content":{"rendered":"\n<div class=\"wp-block-group has-global-padding is-layout-constrained wp-container-core-group-is-layout-0b40682b wp-block-group-is-layout-constrained\">\n<p class=\"has-x-large-font-size\">MARCO LEGAL<\/p>\n\n\n\n<p class=\"justify-text\">El nivel central del Estado Plurinacional de Bolivia tiene la competencia privativa de la realizaci\u00f3n de los censos oficiales, seg\u00fan la Constituci\u00f3n Pol\u00edtica del Estado.<\/p>\n\n\n\n<p class=\"justify-text\">El Instituto Nacional de Estad\u00edstica (INE) es la \u00fanica entidad rectora de la producci\u00f3n de estad\u00edsticas oficiales de Bolivia de acuerdo a la Ley 1405 de Estad\u00edsticas Oficiales, es la responsable de la realizaci\u00f3n de censos oficiales, de producir, normar y difundir estad\u00edsticas oficiales, a trav\u00e9s de registros administrativos, censos, encuestas, informaci\u00f3n geoestad\u00edstica e informaci\u00f3n no estructurada, entre otras.<\/p>\n\n\n\n<p class=\"justify-text\">Por su parte, la Constituci\u00f3n Pol\u00edtica del Estado, en el art\u00edculo 146 (par\u00e1grafo V), establece que \u201cla distribuci\u00f3n del total de esca\u00f1os entre los departamentos se determinar\u00e1 por el \u00d3rgano Electoral en base al n\u00famero de habitantes de cada uno de ellos, de acuerdo al \u00faltimo Censo Nacional, de acuerdo a la Ley. Por equidad la ley asignar\u00e1 un n\u00famero de esca\u00f1os m\u00ednimo a los departamentos con menor poblaci\u00f3n y menor grado de desarrollo econ\u00f3mico\u201d.<\/p>\n\n\n\n<ul class=\"wp-block-list\">\n<li><em><a href=\"https:\/\/nube.ine.gob.bo\/index.php\/s\/qz7rkSxD9laSOdH\/download?path=%2FDocumentos%20que%20respaldan%20avances%20para%20el%20Censo&amp;files=Ley%20N%C2%B0%201405%20DE%20ESTAD%C3%8DSTICAS%20ACTUAL_watermark%20LOGO.pdf\">Ley 1405 de Estad\u00edsticas Oficiales del Estado Plurinacional de Bolivia (Competencia del INE para realizar censos \u2013 1\/11\/2021).<\/a><\/em><strong><em><a href=\"https:\/\/nube.ine.gob.bo\/index.php\/s\/qz7rkSxD9laSOdH\/download?path=%2FDocumentos%20que%20respaldan%20avances%20para%20el%20Censo&amp;files=Ley%20N%C2%B0%201405%20DE%20ESTAD%C3%8DSTICAS%20ACTUAL_watermark%20LOGO.pdf\"> Descargar<\/a><\/em><\/strong><\/li>\n<\/ul>\n\n\n\n<p class=\"has-large-font-size\"><strong>Censo 2024: Declaratoria de prioridad nacional y fecha de realizaci\u00f3n<\/strong><\/p>\n\n\n\n<p class=\"justify-text\">El Decreto Supremo 4546, de 21 de julio de 2021, declar\u00f3 de prioridad nacional la realizaci\u00f3n del Censo de Poblaci\u00f3n y Vivienda, instruyendo a autoridades, instituciones y a la poblaci\u00f3n en general a colaborar en todas sus etapas.<\/p>\n\n\n\n<p class=\"justify-text\">Posteriormente, el Decreto Supremo 4760, de 13 de julio de 2022, modific\u00f3 la fecha original del operativo, estableciendo que el censo deb\u00eda realizarse hasta el primer trimestre de 2024.<\/p>\n\n\n\n<p class=\"justify-text\">Finalmente, el Decreto Supremo 4824, de 11 de noviembre de 2022, determin\u00f3 que el Censo se llevar\u00eda a cabo el 23 de marzo de 2024, y que los resultados preliminares de poblaci\u00f3n ser\u00edan presentados en septiembre de 2024, como base para la distribuci\u00f3n de recursos econ\u00f3micos por coparticipaci\u00f3n.<\/p>\n\n\n\n<ul class=\"wp-block-list\">\n<li><a href=\"https:\/\/nube.ine.gob.bo\/index.php\/s\/em1nEX1lOlZlEiU\/download\"><em>Decreto Supremo 4546 (Inicio de actividades censales \u2013 21\/07\/2021)<strong>.<\/strong><\/em><\/a><strong><a href=\"https:\/\/nube.ine.gob.bo\/index.php\/s\/em1nEX1lOlZlEiU\/download\"><em> Descargar<\/em><\/a><\/strong><\/li>\n\n\n\n<li><strong><a href=\"https:\/\/nube.ine.gob.bo\/index.php\/s\/i5KW1HLL5YUSfEd\/download\"><\/a><\/strong><a href=\"https:\/\/nube.ine.gob.bo\/index.php\/s\/i5KW1HLL5YUSfEd\/download\"><em>Decreto Supremo 4760 (13\/07\/2022).<\/em><\/a><strong><a href=\"https:\/\/nube.ine.gob.bo\/index.php\/s\/i5KW1HLL5YUSfEd\/download\"><em> Descargar<\/em><\/a><\/strong><\/li>\n\n\n\n<li><em>&nbsp;<a href=\"https:\/\/nube.ine.gob.bo\/index.php\/s\/6T58LFvdiWJgnan\/download\" target=\"_blank\" rel=\"noreferrer noopener\">Decreto Supremo 4824 (12\/11\/2022).<\/a><\/em><strong><em><a href=\"https:\/\/nube.ine.gob.bo\/index.php\/s\/6T58LFvdiWJgnan\/download\" target=\"_blank\" rel=\"noreferrer noopener\"> Descargar<\/a><\/em><\/strong><\/li>\n<\/ul>\n\n\n\n<p class=\"has-large-font-size\"><strong>Confidencialidad del dato<\/strong><\/p>\n\n\n\n<p class=\"justify-text\">El art\u00edculo 5 de la Ley 1405 de Estad\u00edsticas Oficiales establece la confidencialidad de la informaci\u00f3n proporcionada por los informantes, la misma que no podr\u00e1 ser revelada en forma individual y s\u00f3lo podr\u00e1 ser publicada de forma anonimizada. Asimismo, no podr\u00e1 ser utilizada con prop\u00f3sitos tributarios, judiciales, administrativos o policiales, aunque medie orden administrativa o judicial.<\/p>\n\n\n\n<p class=\"justify-text\">Por otra parte, el intercambio de informaci\u00f3n a nivel de microdato entre las entidades productoras de estad\u00edsticas oficiales, as\u00ed como el INE, debe realizarse s\u00f3lo en el marco de las atribuciones de cada entidad, respetando el secreto estad\u00edstico.<\/p>\n\n\n\n<p class=\"has-large-font-size\"><strong>Aplicaci\u00f3n de resultados<\/strong><strong><\/strong><\/p>\n\n\n\n<p class=\"justify-text\">La Ley 1492 de Aplicaci\u00f3n de los Resultados del Censo de Poblaci\u00f3n y Vivienda en los \u00c1mbitos Financiero y Electoral, de 2 de diciembre de 2022, establece que en base a los datos oficiales de poblaci\u00f3n del Censo 2024, que emita el INE, el \u00d3rgano Ejecutivo efectuar\u00e1 la nueva distribuci\u00f3n de recursos de coparticipaci\u00f3n tributaria, a partir de septiembre de 2024, y el Tribunal Supremo Electoral elabore el proyecto de ley de distribuci\u00f3n de esca\u00f1os, para su aplicaci\u00f3n en las pr\u00f3ximas elecciones generales.<\/p>\n\n\n\n<p class=\"has-large-font-size\"><strong>Auto de Buen Gobierno Departamental<\/strong><\/p>\n\n\n\n<p class=\"justify-text\">Para garantizar el buen desarrollo del censo, los gobiernos departamentales emitieron autos de buen gobierno, suspendiendo actividades y estableciendo restricciones del 22 al 25 de marzo de 2024.<\/p>\n\n\n\n<ul class=\"wp-block-list\">\n<li><em>&nbsp;<a href=\"https:\/\/nube.ine.gob.bo\/index.php\/s\/irId2BoueHUjE2N\/download\" target=\"_blank\" rel=\"noreferrer noopener\">Decreto Departamental Beni N\u00b0 03\/2024<\/a><\/em><strong><em><a href=\"https:\/\/nube.ine.gob.bo\/index.php\/s\/irId2BoueHUjE2N\/download\" target=\"_blank\" rel=\"noreferrer noopener\">. Descargar<\/a><\/em><\/strong><\/li>\n\n\n\n<li><strong><em>&nbsp;<\/em><\/strong><em><a href=\"https:\/\/nube.ine.gob.bo\/index.php\/s\/4c0St11sLDqCa5o\/download\" target=\"_blank\" rel=\"noreferrer noopener\">Decreto Departamental Chuquisaca N\u00b0 040\/2024.<\/a><\/em><strong><em><a href=\"https:\/\/nube.ine.gob.bo\/index.php\/s\/4c0St11sLDqCa5o\/download\" target=\"_blank\" rel=\"noreferrer noopener\"> Descargar<\/a><\/em><\/strong><\/li>\n\n\n\n<li><em>&nbsp;<a href=\"https:\/\/nube.ine.gob.bo\/index.php\/s\/oUe1DcJukXwWr0b\/download\" target=\"_blank\" rel=\"noreferrer noopener\">Decreto Departamental  Cochabamba N\u00b0 5861\/2024.<\/a><\/em><strong><em><a href=\"https:\/\/nube.ine.gob.bo\/index.php\/s\/oUe1DcJukXwWr0b\/download\" target=\"_blank\" rel=\"noreferrer noopener\"> Descargar<\/a><\/em><\/strong><\/li>\n\n\n\n<li><em>&nbsp;<a href=\"https:\/\/nube.ine.gob.bo\/index.php\/s\/333h5JBfCvLEbQF\/download\" target=\"_blank\" rel=\"noreferrer noopener\">Decreto Departamental  La Paz N\u00b0 165\/2024. <\/a><\/em><strong><em><a href=\"https:\/\/nube.ine.gob.bo\/index.php\/s\/333h5JBfCvLEbQF\/download\" target=\"_blank\" rel=\"noreferrer noopener\">Descargar<\/a><\/em><\/strong><\/li>\n\n\n\n<li><strong><em>&nbsp;<\/em><\/strong><em><a href=\"https:\/\/nube.ine.gob.bo\/index.php\/s\/Z9Am6TFtfR7Df4L\/download\" target=\"_blank\" rel=\"noreferrer noopener\">Decreto Departamental  Oruro N\u00b0 146\/2024. <\/a><\/em><strong><em><a href=\"https:\/\/nube.ine.gob.bo\/index.php\/s\/Z9Am6TFtfR7Df4L\/download\" target=\"_blank\" rel=\"noreferrer noopener\">Descargar<\/a><\/em><\/strong><\/li>\n\n\n\n<li><strong><em>&nbsp;<\/em><\/strong><em><a href=\"https:\/\/nube.ine.gob.bo\/index.php\/s\/J8cFy0TB3524syP\/download\" target=\"_blank\" rel=\"noreferrer noopener\">Decreto Departamental  Pando N\u00b0 05\/2024.<\/a><\/em><strong><em><a href=\"https:\/\/nube.ine.gob.bo\/index.php\/s\/J8cFy0TB3524syP\/download\" target=\"_blank\" rel=\"noreferrer noopener\"> Descargar<\/a><\/em><\/strong><\/li>\n\n\n\n<li><em>&nbsp;<a href=\"https:\/\/nube.ine.gob.bo\/index.php\/s\/DNI9LW0V9vwCBIs\/download\" target=\"_blank\" rel=\"noreferrer noopener\">Decreto Departamental  Potos\u00ed N\u00b0 128\/2024.<\/a><\/em><strong><em><a href=\"https:\/\/nube.ine.gob.bo\/index.php\/s\/DNI9LW0V9vwCBIs\/download\" target=\"_blank\" rel=\"noreferrer noopener\"> Descargar<\/a><\/em><\/strong><\/li>\n\n\n\n<li><em>&nbsp;<a href=\"https:\/\/nube.ine.gob.bo\/index.php\/s\/8didRAqtNBnoahH\/download\" target=\"_blank\" rel=\"noreferrer noopener\">Decreto Departamental  Santa Cruz N\u00b0 445\/2024.<\/a><\/em><strong><em><a href=\"https:\/\/nube.ine.gob.bo\/index.php\/s\/8didRAqtNBnoahH\/download\" target=\"_blank\" rel=\"noreferrer noopener\"> Descargar<\/a><\/em><\/strong><\/li>\n\n\n\n<li><strong><em>&nbsp;<\/em><\/strong><em><a href=\"https:\/\/nube.ine.gob.bo\/index.php\/s\/zEohxvQTzk0wj8l\/download\" target=\"_blank\" rel=\"noreferrer noopener\">Decreto Departamental  Tarija N\u00b0 005\/2024.<\/a><\/em><strong><em><a href=\"https:\/\/nube.ine.gob.bo\/index.php\/s\/zEohxvQTzk0wj8l\/download\" target=\"_blank\" rel=\"noreferrer noopener\"> Descargar<\/a><\/em><\/strong><\/li>\n<\/ul>\n\n\n\n<p class=\"has-large-font-size\"><strong>Aprobaci\u00f3n de los resultados del Censo<\/strong><\/p>\n\n\n\n<p class=\"justify-text\">Mediante la Resoluci\u00f3n Administrativa INE\/DGE\/N\u00b0 137\/2024, de 29 de agosto de 2024, el INE aprob\u00f3 los resultados del Conteo Poblacional del Censo de Poblaci\u00f3n y Vivienda 2024 y autoriz\u00f3 su publicaci\u00f3n como primera entrega.<\/p>\n\n\n\n<ul class=\"wp-block-list\">\n<li><em>&nbsp;<a href=\"https:\/\/nube.ine.gob.bo\/index.php\/s\/9DyibQFo14E8KM9\/download\" target=\"_blank\" rel=\"noreferrer noopener\">Resoluci\u00f3n Administrativa INE\/DGE\/ N\u00b0 137\/2024.<\/a><\/em><strong><em><a href=\"https:\/\/nube.ine.gob.bo\/index.php\/s\/9DyibQFo14E8KM9\/download\" target=\"_blank\" rel=\"noreferrer noopener\"> Descargar<\/a><\/em><\/strong><\/li>\n<\/ul>\n\n\n\n<p class=\"has-large-font-size\"><strong>Aprobaci\u00f3n de base de datos final del Censo<\/strong> <strong>de Poblaci\u00f3n y Vivienda &#8211; 2024<\/strong><\/p>\n\n\n\n<p class=\"justify-text\">Mediante la Resoluci\u00f3n Administrativa INE\/DGE\/N\u00b0 78\/2025, de 27 de agosto de 2025, el INE aprob\u00f3 la base de datos final del Censo de Poblaci\u00f3n y Vivienda 2024 y autoriz\u00f3 su publicaci\u00f3n.<\/p>\n\n\n\n<ul class=\"wp-block-list\">\n<li><em>\u00a0<a href=\"https:\/\/nube.ine.gob.bo\/index.php\/s\/9DyibQFo14E8KM9\/download\" target=\"_blank\" rel=\"noreferrer noopener\">Resoluci\u00f3n Administrativa INE\/DGE\/ N\u00b0 78\/2025.<\/a><\/em><strong><em><a href=\"https:\/\/www.ine.gob.bo\/index.php\/descarga\/214\/informacion-administrativa\/71838\/res-adm-ine-dge-n78-2025-aprobacion-de-la-base-de-datos-final-del-censo-de-poblacion-y-vivienda-2024.pdf\" target=\"_blank\" rel=\"noreferrer noopener\"> Descargar<\/a><\/em><\/strong><\/li>\n<\/ul>\n\n\n\n<p class=\"has-large-font-size\"><strong>Tratamiento de l\u00edmites imprecisos <\/strong><\/p>\n\n\n\n<p class=\"justify-text\"><em>Conforme a la Ley 339, el INE no tiene competencia en materia de l\u00edmites de unidades territoriales. En ning\u00fan caso el INE regula, atiende, administra o resuelve conflictos de l\u00edmites entre comunidades, barrios, municipios y\/o departamentos.<\/em><em><\/em><\/p>\n\n\n\n<p class=\"justify-text\"><em>El Censo no busca resolver ninguna disputa sobre territorio, lo que s\u00ed hace el Censo es desarrollar un conjunto de actividades estad\u00edsticas destinadas a recoger, recopilar, evaluar, analizar, publicar y difundir caracter\u00edsticas habitacionales de los hogares y datos demogr\u00e1ficos, econ\u00f3micos y sociales relativos a todos los habitantes de un pa\u00eds en un momento determinado.<\/em><em><\/em><\/p>\n\n\n\n<p class=\"justify-text\"><em>El tema de l\u00edmites corresponde a otra instancia y el Censo no tiene injerencia <\/em><em>alguna en este aspecto<\/em>.<\/p>\n\n\n\n<ul class=\"wp-block-list\">\n<li><em><a href=\"https:\/\/nube.ine.gob.bo\/index.php\/s\/qz7rkSxD9laSOdH\/download?path=%2FDocumentos%20que%20respaldan%20avances%20para%20el%20Censo%2FCONFLICTO%20DE%20LIMITES%2FLEYES&amp;files=1.%20Ley%20N%C2%B0%201405%20DE%20ESTAD%C3%8DSTICAS.pdf\">Ley N\u00b0 339 de limitaci\u00f3n de Unidades Territoriales (Ley delimitaci\u00f3n de Unidades Territoriales \u2013 31\/01\/2013). <\/a><\/em><strong><em><a href=\"https:\/\/nube.ine.gob.bo\/index.php\/s\/qz7rkSxD9laSOdH\/download?path=%2FDocumentos%20que%20respaldan%20avances%20para%20el%20Censo%2FCONFLICTO%20DE%20LIMITES%2FLEYES&amp;files=1.%20Ley%20N%C2%B0%201405%20DE%20ESTAD%C3%8DSTICAS.pdf\">Descargar<\/a><\/em><\/strong><\/li>\n<\/ul>\n<\/div>\n\n\n\n<p><\/p>\n","protected":false},"excerpt":{"rendered":"<p>MARCO LEGAL El nivel central del Estado Plurinacional de Bolivia tiene la competencia privativa de la realizaci\u00f3n de los censos oficiales, seg\u00fan la Constituci\u00f3n Pol\u00edtica del Estado. El Instituto Nacional de Estad\u00edstica (INE) es la \u00fanica entidad rectora de la producci\u00f3n de estad\u00edsticas oficiales de Bolivia de acuerdo a la Ley 1405 de Estad\u00edsticas Oficiales, [&hellip;]<\/p>\n","protected":false},"author":1,"featured_media":0,"parent":0,"menu_order":0,"comment_status":"closed","ping_status":"closed","template":"wp-custom-template-sticky-menu","meta":{"inline_featured_image":false,"_uag_custom_page_level_css":"","_joinchat":[],"footnotes":""},"class_list":["post-23595","page","type-page","status-publish","hentry"],"yoast_head":"<!-- This site is optimized with the Yoast SEO plugin v26.2 - https:\/\/yoast.com\/wordpress\/plugins\/seo\/ -->\n<title>MARCO LEGAL - 2025 - Censo 2024<\/title>\n<meta name=\"robots\" content=\"index, follow, max-snippet:-1, max-image-preview:large, max-video-preview:-1\" \/>\n<link rel=\"canonical\" href=\"https:\/\/cpv2024.ine.gob.bo\/index.php\/marco-legal-2025\/\" \/>\n<meta property=\"og:locale\" content=\"es_ES\" \/>\n<meta property=\"og:type\" content=\"article\" \/>\n<meta property=\"og:title\" content=\"MARCO LEGAL - 2025 - Censo 2024\" \/>\n<meta property=\"og:description\" content=\"MARCO LEGAL El nivel central del Estado Plurinacional de Bolivia tiene la competencia privativa de la realizaci\u00f3n de los censos oficiales, seg\u00fan la Constituci\u00f3n Pol\u00edtica del Estado. El Instituto Nacional de Estad\u00edstica (INE) es la \u00fanica entidad rectora de la producci\u00f3n de estad\u00edsticas oficiales de Bolivia de acuerdo a la Ley 1405 de Estad\u00edsticas Oficiales, [&hellip;]\" \/>\n<meta property=\"og:url\" content=\"https:\/\/cpv2024.ine.gob.bo\/index.php\/marco-legal-2025\/\" \/>\n<meta property=\"og:site_name\" content=\"Censo 2024\" \/>\n<meta property=\"article:publisher\" content=\"https:\/\/www.facebook.com\/ineboliviaoficial\/?locale=es_LA\" \/>\n<meta property=\"article:modified_time\" content=\"2025-11-11T21:54:20+00:00\" \/>\n<meta name=\"twitter:card\" content=\"summary_large_image\" \/>\n<meta name=\"twitter:site\" content=\"@ine_bolivia\" \/>\n<meta name=\"twitter:label1\" content=\"Tiempo de lectura\" \/>\n\t<meta name=\"twitter:data1\" content=\"4 minutos\" \/>\n<script type=\"application\/ld+json\" class=\"yoast-schema-graph\">{\"@context\":\"https:\/\/schema.org\",\"@graph\":[{\"@type\":\"WebPage\",\"@id\":\"https:\/\/cpv2024.ine.gob.bo\/index.php\/marco-legal-2025\/\",\"url\":\"https:\/\/cpv2024.ine.gob.bo\/index.php\/marco-legal-2025\/\",\"name\":\"MARCO LEGAL - 2025 - Censo 2024\",\"isPartOf\":{\"@id\":\"https:\/\/cpv2024.ine.gob.bo\/#website\"},\"datePublished\":\"2025-07-20T19:30:16+00:00\",\"dateModified\":\"2025-11-11T21:54:20+00:00\",\"breadcrumb\":{\"@id\":\"https:\/\/cpv2024.ine.gob.bo\/index.php\/marco-legal-2025\/#breadcrumb\"},\"inLanguage\":\"es\",\"potentialAction\":[{\"@type\":\"ReadAction\",\"target\":[\"https:\/\/cpv2024.ine.gob.bo\/index.php\/marco-legal-2025\/\"]}]},{\"@type\":\"BreadcrumbList\",\"@id\":\"https:\/\/cpv2024.ine.gob.bo\/index.php\/marco-legal-2025\/#breadcrumb\",\"itemListElement\":[{\"@type\":\"ListItem\",\"position\":1,\"name\":\"Portada\",\"item\":\"https:\/\/cpv2024.ine.gob.bo\/\"},{\"@type\":\"ListItem\",\"position\":2,\"name\":\"MARCO LEGAL &#8211; 2025\"}]},{\"@type\":\"WebSite\",\"@id\":\"https:\/\/cpv2024.ine.gob.bo\/#website\",\"url\":\"https:\/\/cpv2024.ine.gob.bo\/\",\"name\":\"Censo 2024\",\"description\":\"Pagina oficial del censo de poblaci\u00f3n Bolivia 2024\",\"publisher\":{\"@id\":\"https:\/\/cpv2024.ine.gob.bo\/#organization\"},\"alternateName\":\"https:\/\/cpv2024.ine.gob.bo\/\",\"potentialAction\":[{\"@type\":\"SearchAction\",\"target\":{\"@type\":\"EntryPoint\",\"urlTemplate\":\"https:\/\/cpv2024.ine.gob.bo\/?s={search_term_string}\"},\"query-input\":{\"@type\":\"PropertyValueSpecification\",\"valueRequired\":true,\"valueName\":\"search_term_string\"}}],\"inLanguage\":\"es\"},{\"@type\":\"Organization\",\"@id\":\"https:\/\/cpv2024.ine.gob.bo\/#organization\",\"name\":\"Censo 2024\",\"url\":\"https:\/\/cpv2024.ine.gob.bo\/\",\"logo\":{\"@type\":\"ImageObject\",\"inLanguage\":\"es\",\"@id\":\"https:\/\/cpv2024.ine.gob.bo\/#\/schema\/logo\/image\/\",\"url\":\"https:\/\/cpv2024.ine.gob.bo\/wp-content\/uploads\/2025\/04\/logo-censo_INE-512-px.png\",\"contentUrl\":\"https:\/\/cpv2024.ine.gob.bo\/wp-content\/uploads\/2025\/04\/logo-censo_INE-512-px.png\",\"width\":512,\"height\":264,\"caption\":\"Censo 2024\"},\"image\":{\"@id\":\"https:\/\/cpv2024.ine.gob.bo\/#\/schema\/logo\/image\/\"},\"sameAs\":[\"https:\/\/www.facebook.com\/ineboliviaoficial\/?locale=es_LA\",\"https:\/\/x.com\/ine_bolivia\"]}]}<\/script>\n<!-- \/ Yoast SEO plugin. -->","yoast_head_json":{"title":"MARCO LEGAL - 2025 - Censo 2024","robots":{"index":"index","follow":"follow","max-snippet":"max-snippet:-1","max-image-preview":"max-image-preview:large","max-video-preview":"max-video-preview:-1"},"canonical":"https:\/\/cpv2024.ine.gob.bo\/index.php\/marco-legal-2025\/","og_locale":"es_ES","og_type":"article","og_title":"MARCO LEGAL - 2025 - Censo 2024","og_description":"MARCO LEGAL El nivel central del Estado Plurinacional de Bolivia tiene la competencia privativa de la realizaci\u00f3n de los censos oficiales, seg\u00fan la Constituci\u00f3n Pol\u00edtica del Estado. El Instituto Nacional de Estad\u00edstica (INE) es la \u00fanica entidad rectora de la producci\u00f3n de estad\u00edsticas oficiales de Bolivia de acuerdo a la Ley 1405 de Estad\u00edsticas Oficiales, [&hellip;]","og_url":"https:\/\/cpv2024.ine.gob.bo\/index.php\/marco-legal-2025\/","og_site_name":"Censo 2024","article_publisher":"https:\/\/www.facebook.com\/ineboliviaoficial\/?locale=es_LA","article_modified_time":"2025-11-11T21:54:20+00:00","twitter_card":"summary_large_image","twitter_site":"@ine_bolivia","twitter_misc":{"Tiempo de lectura":"4 minutos"},"schema":{"@context":"https:\/\/schema.org","@graph":[{"@type":"WebPage","@id":"https:\/\/cpv2024.ine.gob.bo\/index.php\/marco-legal-2025\/","url":"https:\/\/cpv2024.ine.gob.bo\/index.php\/marco-legal-2025\/","name":"MARCO LEGAL - 2025 - Censo 2024","isPartOf":{"@id":"https:\/\/cpv2024.ine.gob.bo\/#website"},"datePublished":"2025-07-20T19:30:16+00:00","dateModified":"2025-11-11T21:54:20+00:00","breadcrumb":{"@id":"https:\/\/cpv2024.ine.gob.bo\/index.php\/marco-legal-2025\/#breadcrumb"},"inLanguage":"es","potentialAction":[{"@type":"ReadAction","target":["https:\/\/cpv2024.ine.gob.bo\/index.php\/marco-legal-2025\/"]}]},{"@type":"BreadcrumbList","@id":"https:\/\/cpv2024.ine.gob.bo\/index.php\/marco-legal-2025\/#breadcrumb","itemListElement":[{"@type":"ListItem","position":1,"name":"Portada","item":"https:\/\/cpv2024.ine.gob.bo\/"},{"@type":"ListItem","position":2,"name":"MARCO LEGAL &#8211; 2025"}]},{"@type":"WebSite","@id":"https:\/\/cpv2024.ine.gob.bo\/#website","url":"https:\/\/cpv2024.ine.gob.bo\/","name":"Censo 2024","description":"Pagina oficial del censo de poblaci\u00f3n Bolivia 2024","publisher":{"@id":"https:\/\/cpv2024.ine.gob.bo\/#organization"},"alternateName":"https:\/\/cpv2024.ine.gob.bo\/","potentialAction":[{"@type":"SearchAction","target":{"@type":"EntryPoint","urlTemplate":"https:\/\/cpv2024.ine.gob.bo\/?s={search_term_string}"},"query-input":{"@type":"PropertyValueSpecification","valueRequired":true,"valueName":"search_term_string"}}],"inLanguage":"es"},{"@type":"Organization","@id":"https:\/\/cpv2024.ine.gob.bo\/#organization","name":"Censo 2024","url":"https:\/\/cpv2024.ine.gob.bo\/","logo":{"@type":"ImageObject","inLanguage":"es","@id":"https:\/\/cpv2024.ine.gob.bo\/#\/schema\/logo\/image\/","url":"https:\/\/cpv2024.ine.gob.bo\/wp-content\/uploads\/2025\/04\/logo-censo_INE-512-px.png","contentUrl":"https:\/\/cpv2024.ine.gob.bo\/wp-content\/uploads\/2025\/04\/logo-censo_INE-512-px.png","width":512,"height":264,"caption":"Censo 2024"},"image":{"@id":"https:\/\/cpv2024.ine.gob.bo\/#\/schema\/logo\/image\/"},"sameAs":["https:\/\/www.facebook.com\/ineboliviaoficial\/?locale=es_LA","https:\/\/x.com\/ine_bolivia"]}]}},"uagb_featured_image_src":{"full":false,"thumbnail":false,"medium":false,"medium_large":false,"large":false,"1536x1536":false,"2048x2048":false,"gg_gallery_thumbnail":false},"uagb_author_info":{"display_name":"sergio","author_link":"https:\/\/cpv2024.ine.gob.bo\/index.php\/author\/sergio\/"},"uagb_comment_info":0,"uagb_excerpt":"MARCO LEGAL El nivel central del Estado Plurinacional de Bolivia tiene la competencia privativa de la realizaci\u00f3n de los censos oficiales, seg\u00fan la Constituci\u00f3n Pol\u00edtica del Estado. El Instituto Nacional de Estad\u00edstica (INE) es la \u00fanica entidad rectora de la producci\u00f3n de estad\u00edsticas oficiales de Bolivia de acuerdo a la Ley 1405 de Estad\u00edsticas Oficiales,&hellip;","_links":{"self":[{"href":"https:\/\/cpv2024.ine.gob.bo\/index.php\/wp-json\/wp\/v2\/pages\/23595","targetHints":{"allow":["GET"]}}],"collection":[{"href":"https:\/\/cpv2024.ine.gob.bo\/index.php\/wp-json\/wp\/v2\/pages"}],"about":[{"href":"https:\/\/cpv2024.ine.gob.bo\/index.php\/wp-json\/wp\/v2\/types\/page"}],"author":[{"embeddable":true,"href":"https:\/\/cpv2024.ine.gob.bo\/index.php\/wp-json\/wp\/v2\/users\/1"}],"replies":[{"embeddable":true,"href":"https:\/\/cpv2024.ine.gob.bo\/index.php\/wp-json\/wp\/v2\/comments?post=23595"}],"version-history":[{"count":10,"href":"https:\/\/cpv2024.ine.gob.bo\/index.php\/wp-json\/wp\/v2\/pages\/23595\/revisions"}],"predecessor-version":[{"id":30679,"href":"https:\/\/cpv2024.ine.gob.bo\/index.php\/wp-json\/wp\/v2\/pages\/23595\/revisions\/30679"}],"wp:attachment":[{"href":"https:\/\/cpv2024.ine.gob.bo\/index.php\/wp-json\/wp\/v2\/media?parent=23595"}],"curies":[{"name":"wp","href":"https:\/\/api.w.org\/{rel}","templated":true}]}}