{"id":23970,"date":"2025-07-31T12:58:43","date_gmt":"2025-07-31T12:58:43","guid":{"rendered":"https:\/\/cpv2024.ine.gob.bo\/?page_id=23970"},"modified":"2025-09-30T14:48:01","modified_gmt":"2025-09-30T14:48:01","slug":"actualizacion-cartografica-estadistica-2025","status":"publish","type":"page","link":"https:\/\/cpv2024.ine.gob.bo\/index.php\/principal\/actualizacion-cartografica-estadistica-2025\/","title":{"rendered":"Actualizaci\u00f3n Cartogr\u00e1fica Estad\u00edstica &#8211; 2025"},"content":{"rendered":"\n<div class=\"wp-block-group has-global-padding is-layout-constrained wp-container-core-group-is-layout-0b40682b wp-block-group-is-layout-constrained\">\n<p class=\"has-large-font-size\"><strong>Actualizaci\u00f3n Cartogr\u00e1fica Estad\u00edstica<\/strong><\/p>\n\n\n\n<p class=\"justify-text\">En la etapa precensal, se ejecut\u00f3 el operativo de campo de la Actualizaci\u00f3n Cartogr\u00e1fica Estad\u00edstica (ACE), cuyo objetivo es obtener informaci\u00f3n sobre el n\u00famero de viviendas, para conformar unidades operativas censales.&nbsp;<\/p>\n\n\n\n<p class=\"justify-text\">Para la construcci\u00f3n de la cartograf\u00eda base estad\u00edstica se recopil\u00f3 informaci\u00f3n del INE, como:<\/p>\n\n\n\n<ul class=\"wp-block-list\">\n<li class=\"justify-text\">L\u00edmites referenciales municipales del Viceministerio de Autonom\u00edas.<\/li>\n\n\n\n<li class=\"justify-text\">Cobertura de r\u00edos, caminos, toponimia, equipamientos, entre otros, del Instituto Nacional de Estad\u00edstica (INE).<\/li>\n\n\n\n<li class=\"justify-text\">Ubicaci\u00f3n geogr\u00e1fica de viviendas de todo el pa\u00eds en base a im\u00e1genes de sat\u00e9lite actuales del INE.<\/li>\n<\/ul>\n\n\n\n<figure class=\"wp-block-image aligncenter size-full is-resized\"><a href=\"https:\/\/cpv2024.ine.gob.bo\/wp-content\/uploads\/2025\/06\/CARTOGRAFIA-BASE-1024x813-1.jpeg\"><img loading=\"lazy\" decoding=\"async\" width=\"1024\" height=\"813\" src=\"https:\/\/cpv2024.ine.gob.bo\/wp-content\/uploads\/2025\/06\/CARTOGRAFIA-BASE-1024x813-1.jpeg\" alt=\"\" class=\"wp-image-22070\" style=\"width:760px;height:auto\" srcset=\"https:\/\/cpv2024.ine.gob.bo\/wp-content\/uploads\/2025\/06\/CARTOGRAFIA-BASE-1024x813-1.jpeg 1024w, https:\/\/cpv2024.ine.gob.bo\/wp-content\/uploads\/2025\/06\/CARTOGRAFIA-BASE-1024x813-1-300x238.jpeg 300w, https:\/\/cpv2024.ine.gob.bo\/wp-content\/uploads\/2025\/06\/CARTOGRAFIA-BASE-1024x813-1-768x610.jpeg 768w\" sizes=\"auto, (max-width: 1024px) 100vw, 1024px\" \/><\/a><\/figure>\n\n\n\n<p class=\"justify-text\">Para el operativo de campo de la ACE se planific\u00f3 el despliegue de 348 brigadas distribuidas a nivel nacional, conformados por un supervisor de brigada y tres actualizadores, de acuerdo a la metodolog\u00eda definida, la recolecci\u00f3n de datos, que se lo realiz\u00f3 mediante dispositivos m\u00f3viles (tabletas), en base a la determinaci\u00f3n de \u00e1reas de trabajo (AT).<\/p>\n\n\n\n<p class=\"justify-text\">El operativo de campo, inici\u00f3 en el mes de mayo de 2022 y concluy\u00f3 en agosto de 2023.<\/p>\n\n\n\n<figure class=\"wp-block-image aligncenter size-large is-resized\"><img loading=\"lazy\" decoding=\"async\" width=\"1024\" height=\"791\" src=\"https:\/\/cpv2024.ine.gob.bo\/wp-content\/uploads\/2025\/08\/CRONOGRAMA-CPV-PRESENTACION-2024-04-1-1024x791.png\" alt=\"\" class=\"wp-image-26603\" style=\"width:1131px;height:auto\" srcset=\"https:\/\/cpv2024.ine.gob.bo\/wp-content\/uploads\/2025\/08\/CRONOGRAMA-CPV-PRESENTACION-2024-04-1-1024x791.png 1024w, https:\/\/cpv2024.ine.gob.bo\/wp-content\/uploads\/2025\/08\/CRONOGRAMA-CPV-PRESENTACION-2024-04-1-300x232.png 300w, https:\/\/cpv2024.ine.gob.bo\/wp-content\/uploads\/2025\/08\/CRONOGRAMA-CPV-PRESENTACION-2024-04-1-768x593.png 768w, https:\/\/cpv2024.ine.gob.bo\/wp-content\/uploads\/2025\/08\/CRONOGRAMA-CPV-PRESENTACION-2024-04-1-1536x1187.png 1536w, https:\/\/cpv2024.ine.gob.bo\/wp-content\/uploads\/2025\/08\/CRONOGRAMA-CPV-PRESENTACION-2024-04-1.png 1650w\" sizes=\"auto, (max-width: 1024px) 100vw, 1024px\" \/><\/figure>\n\n\n\n<p class=\"has-large-font-size\"><strong>Marco censal<\/strong><\/p>\n\n\n\n<p class=\"justify-text\">Al concluir el operativo de campo de la Actualizaci\u00f3n Cartogr\u00e1fica Estad\u00edstica (ACE), se conform\u00f3 el marco censal el cual constituye un proceso clave para garantizar una cobertura adecuada del Censo de Poblaci\u00f3n y Vivienda. A partir de la ACE, se delimit\u00f3 el territorio en segmentos censales bajo par\u00e1metros definidos seg\u00fan \u00e1rea amanzanada o dispersa:<\/p>\n\n\n\n<p class=\"has-large-font-size\"><a><\/a><a><strong>Par\u00e1metros de segmentaci\u00f3n<\/strong><\/a><\/p>\n\n\n\n<figure class=\"wp-block-table aligncenter\"><table class=\"has-fixed-layout\"><tbody><tr><td><strong>\u00c1rea amanzanada<\/strong><\/td><td class=\"has-text-align-left\" data-align=\"left\"><strong>\u00c1rea dispersa<\/strong><\/td><\/tr><tr><td>Un segmento estaba conformado por 14 viviendas.Un segmento estaba conformado por 36 de personas.Un segmento estaba dentro de una manzana o en m\u00e1s de una. &nbsp; Hubo excepciones o casos especiales por la disposici\u00f3n de poblaci\u00f3n y vivienda, por su ubicaci\u00f3n, disposici\u00f3n, entre otros, y tambi\u00e9n por el tipo de viviendas colectivas, como cuarteles, centros penitenciarios, hospitales, casas hogares o de acogida entre otros. &nbsp;<\/td><td class=\"has-text-align-left\" data-align=\"left\">Un segmento para el \u00e1rea dispersa ten\u00eda de 25 a 30 viviendas. Como par\u00e1metro adicional, la cantidad de viviendas desocupadas ayudo cuando las viviendas sean mayores al rango m\u00e1ximo de 30 viviendas. Este par\u00e1metro se tom\u00f3 como principal. Un segmento ten\u00eda de 50 a 75 personas, este par\u00e1metro se tom\u00f3 como secundario. Un segmento estaba conformado por una sola comunidad. Una comunidad tuvo m\u00e1s de un segmento. Un segmento estaba conformado por dos o m\u00e1s comunidades enteras, dependiendo del tama\u00f1o de estas. La delimitaci\u00f3n de segmentos, estaba basado en: elementos naturales: r\u00edos, acequias, cerros, serran\u00edas. Elementos antr\u00f3picos, carreteras y\/o, caminos, cambios de cobertura (ejemplo: sembrad\u00edos). &nbsp;<\/td><\/tr><\/tbody><\/table><\/figure>\n\n\n\n<p class=\"justify-text\">La segmentaci\u00f3n se realiz\u00f3 de forma autom\u00e1tica y asistida, apoyada por herramientas tecnol\u00f3gicas que permitieron corregir errores y optimizar la agrupaci\u00f3n de viviendas. Cada segmento qued\u00f3 representado gr\u00e1ficamente mediante pol\u00edgonos con l\u00edmites reconocibles, lo que facilit\u00f3 la planificaci\u00f3n del operativo censal. Adem\u00e1s, se aplic\u00f3 un proceso riguroso de codificaci\u00f3n geoespacial y una extensa revisi\u00f3n t\u00e9cnica y de campo por los equipos de las oficinas departamentales que, por su experiencia y conocimiento de campo, revisaron y verificaron la segmentaci\u00f3n realizada en gabinete.<\/p>\n\n\n\n<p class=\"justify-text\">Posteriormente, los segmentos fueron agrupados en sectores, zonas y \u00e1reas censales conformando de esta manera el marco censal.<\/p>\n\n\n\n<p class=\"justify-text\">La generaci\u00f3n del marco censal fue objeto de m\u00faltiples controles de calidad y validaci\u00f3n por distintas \u00e1reas t\u00e9cnicas del INE. Se implement\u00f3 un protocolo de revisi\u00f3n cruzada entre las \u00e1reas de Cartograf\u00eda, Inform\u00e1tica, Muestreo y Log\u00edstica, as\u00ed como Operativos de Campo, garantizando la coherencia de la base de datos, la correcta codificaci\u00f3n y la precisi\u00f3n cartogr\u00e1fica. Cada observaci\u00f3n detectada se ajust\u00f3 hasta lograr el cierre oficial del marco censal departamental, respaldado por la validaci\u00f3n t\u00e9cnica y el visto bueno de las \u00e1reas involucradas. Este marco censal, concluido en enero de 2024, constituye la base oficial y definitiva para la planificaci\u00f3n, ejecuci\u00f3n y control del operativo censal, asegurando la cobertura integral y precisa del territorio nacional.<\/p>\n\n\n\n<p class=\"justify-text\">A partir de esta segmentaci\u00f3n, se elaboraron los mapas censales correspondientes a las \u00e1reas, zonas, sectores y segmentos censales.<\/p>\n\n\n\n<figure class=\"wp-block-image aligncenter size-full is-resized\"><a href=\"https:\/\/cpv2024.ine.gob.bo\/wp-content\/uploads\/2025\/07\/mapas-mejorados_Mesa-de-trabajo-1-scaled.png\"><img loading=\"lazy\" decoding=\"async\" width=\"2560\" height=\"1893\" src=\"https:\/\/cpv2024.ine.gob.bo\/wp-content\/uploads\/2025\/07\/mapas-mejorados_Mesa-de-trabajo-1-scaled.png\" alt=\"\" class=\"wp-image-23741\" style=\"width:862px;height:auto\" srcset=\"https:\/\/cpv2024.ine.gob.bo\/wp-content\/uploads\/2025\/07\/mapas-mejorados_Mesa-de-trabajo-1-scaled.png 2560w, https:\/\/cpv2024.ine.gob.bo\/wp-content\/uploads\/2025\/07\/mapas-mejorados_Mesa-de-trabajo-1-300x222.png 300w, https:\/\/cpv2024.ine.gob.bo\/wp-content\/uploads\/2025\/07\/mapas-mejorados_Mesa-de-trabajo-1-1024x757.png 1024w, https:\/\/cpv2024.ine.gob.bo\/wp-content\/uploads\/2025\/07\/mapas-mejorados_Mesa-de-trabajo-1-768x568.png 768w, https:\/\/cpv2024.ine.gob.bo\/wp-content\/uploads\/2025\/07\/mapas-mejorados_Mesa-de-trabajo-1-1536x1136.png 1536w, https:\/\/cpv2024.ine.gob.bo\/wp-content\/uploads\/2025\/07\/mapas-mejorados_Mesa-de-trabajo-1-2048x1515.png 2048w\" sizes=\"auto, (max-width: 2560px) 100vw, 2560px\" \/><\/a><\/figure>\n<\/div>\n","protected":false},"excerpt":{"rendered":"<p>Actualizaci\u00f3n Cartogr\u00e1fica Estad\u00edstica En la etapa precensal, se ejecut\u00f3 el operativo de campo de la Actualizaci\u00f3n Cartogr\u00e1fica Estad\u00edstica (ACE), cuyo objetivo es obtener informaci\u00f3n sobre el n\u00famero de viviendas, para conformar unidades operativas censales.&nbsp; Para la construcci\u00f3n de la cartograf\u00eda base estad\u00edstica se recopil\u00f3 informaci\u00f3n del INE, como: Para el operativo de campo de la [&hellip;]<\/p>\n","protected":false},"author":1,"featured_media":0,"parent":2,"menu_order":0,"comment_status":"closed","ping_status":"closed","template":"wp-custom-template-sticky-menu","meta":{"inline_featured_image":false,"_uag_custom_page_level_css":"","_joinchat":[],"footnotes":""},"class_list":["post-23970","page","type-page","status-publish","hentry"],"yoast_head":"<!-- This site is optimized with the Yoast SEO plugin v26.2 - https:\/\/yoast.com\/wordpress\/plugins\/seo\/ -->\n<title>Detalles de la actualizaci\u00f3n cartogr\u00e1fica: objetivos clave - Censo 2024<\/title>\n<meta name=\"description\" content=\"Explora los detalles de la actualizaci\u00f3n cartogr\u00e1fica que utiliza im\u00e1genes satelitales para ubicar viviendas en el pa\u00eds.\" \/>\n<meta name=\"robots\" content=\"index, follow, max-snippet:-1, max-image-preview:large, max-video-preview:-1\" \/>\n<link rel=\"canonical\" href=\"https:\/\/cpv2024.ine.gob.bo\/index.php\/principal\/actualizacion-cartografica-estadistica-2025\/\" \/>\n<meta property=\"og:locale\" content=\"es_ES\" \/>\n<meta property=\"og:type\" content=\"article\" \/>\n<meta property=\"og:title\" content=\"Detalles de la actualizaci\u00f3n cartogr\u00e1fica: objetivos clave - Censo 2024\" \/>\n<meta property=\"og:description\" content=\"Explora los detalles de la actualizaci\u00f3n cartogr\u00e1fica que utiliza im\u00e1genes satelitales para ubicar viviendas en el pa\u00eds.\" \/>\n<meta property=\"og:url\" content=\"https:\/\/cpv2024.ine.gob.bo\/index.php\/principal\/actualizacion-cartografica-estadistica-2025\/\" \/>\n<meta property=\"og:site_name\" content=\"Censo 2024\" \/>\n<meta property=\"article:publisher\" content=\"https:\/\/www.facebook.com\/ineboliviaoficial\/?locale=es_LA\" \/>\n<meta property=\"article:modified_time\" content=\"2025-09-30T14:48:01+00:00\" \/>\n<meta property=\"og:image\" content=\"https:\/\/cpv2024.ine.gob.bo\/wp-content\/uploads\/2025\/06\/CARTOGRAFIA-BASE-1024x813-1.jpeg\" \/>\n\t<meta property=\"og:image:width\" content=\"1024\" \/>\n\t<meta property=\"og:image:height\" content=\"813\" \/>\n\t<meta property=\"og:image:type\" content=\"image\/jpeg\" \/>\n<meta name=\"twitter:card\" content=\"summary_large_image\" \/>\n<meta name=\"twitter:site\" content=\"@ine_bolivia\" \/>\n<meta name=\"twitter:label1\" content=\"Tiempo de lectura\" \/>\n\t<meta name=\"twitter:data1\" content=\"4 minutos\" \/>\n<script type=\"application\/ld+json\" class=\"yoast-schema-graph\">{\"@context\":\"https:\/\/schema.org\",\"@graph\":[{\"@type\":\"WebPage\",\"@id\":\"https:\/\/cpv2024.ine.gob.bo\/index.php\/principal\/actualizacion-cartografica-estadistica-2025\/\",\"url\":\"https:\/\/cpv2024.ine.gob.bo\/index.php\/principal\/actualizacion-cartografica-estadistica-2025\/\",\"name\":\"Detalles de la actualizaci\u00f3n cartogr\u00e1fica: objetivos clave - Censo 2024\",\"isPartOf\":{\"@id\":\"https:\/\/cpv2024.ine.gob.bo\/#website\"},\"primaryImageOfPage\":{\"@id\":\"https:\/\/cpv2024.ine.gob.bo\/index.php\/principal\/actualizacion-cartografica-estadistica-2025\/#primaryimage\"},\"image\":{\"@id\":\"https:\/\/cpv2024.ine.gob.bo\/index.php\/principal\/actualizacion-cartografica-estadistica-2025\/#primaryimage\"},\"thumbnailUrl\":\"https:\/\/cpv2024.ine.gob.bo\/wp-content\/uploads\/2025\/06\/CARTOGRAFIA-BASE-1024x813-1.jpeg\",\"datePublished\":\"2025-07-31T12:58:43+00:00\",\"dateModified\":\"2025-09-30T14:48:01+00:00\",\"description\":\"Explora los detalles de la actualizaci\u00f3n cartogr\u00e1fica que utiliza im\u00e1genes satelitales para ubicar viviendas en el pa\u00eds.\",\"breadcrumb\":{\"@id\":\"https:\/\/cpv2024.ine.gob.bo\/index.php\/principal\/actualizacion-cartografica-estadistica-2025\/#breadcrumb\"},\"inLanguage\":\"es\",\"potentialAction\":[{\"@type\":\"ReadAction\",\"target\":[\"https:\/\/cpv2024.ine.gob.bo\/index.php\/principal\/actualizacion-cartografica-estadistica-2025\/\"]}]},{\"@type\":\"ImageObject\",\"inLanguage\":\"es\",\"@id\":\"https:\/\/cpv2024.ine.gob.bo\/index.php\/principal\/actualizacion-cartografica-estadistica-2025\/#primaryimage\",\"url\":\"https:\/\/cpv2024.ine.gob.bo\/wp-content\/uploads\/2025\/06\/CARTOGRAFIA-BASE-1024x813-1.jpeg\",\"contentUrl\":\"https:\/\/cpv2024.ine.gob.bo\/wp-content\/uploads\/2025\/06\/CARTOGRAFIA-BASE-1024x813-1.jpeg\",\"width\":1024,\"height\":813},{\"@type\":\"BreadcrumbList\",\"@id\":\"https:\/\/cpv2024.ine.gob.bo\/index.php\/principal\/actualizacion-cartografica-estadistica-2025\/#breadcrumb\",\"itemListElement\":[{\"@type\":\"ListItem\",\"position\":1,\"name\":\"Portada\",\"item\":\"https:\/\/cpv2024.ine.gob.bo\/\"},{\"@type\":\"ListItem\",\"position\":2,\"name\":\"PRINCIPAL\",\"item\":\"https:\/\/cpv2024.ine.gob.bo\/\"},{\"@type\":\"ListItem\",\"position\":3,\"name\":\"Actualizaci\u00f3n Cartogr\u00e1fica Estad\u00edstica &#8211; 2025\"}]},{\"@type\":\"WebSite\",\"@id\":\"https:\/\/cpv2024.ine.gob.bo\/#website\",\"url\":\"https:\/\/cpv2024.ine.gob.bo\/\",\"name\":\"Censo 2024\",\"description\":\"Pagina oficial del censo de poblaci\u00f3n Bolivia 2024\",\"publisher\":{\"@id\":\"https:\/\/cpv2024.ine.gob.bo\/#organization\"},\"alternateName\":\"https:\/\/cpv2024.ine.gob.bo\/\",\"potentialAction\":[{\"@type\":\"SearchAction\",\"target\":{\"@type\":\"EntryPoint\",\"urlTemplate\":\"https:\/\/cpv2024.ine.gob.bo\/?s={search_term_string}\"},\"query-input\":{\"@type\":\"PropertyValueSpecification\",\"valueRequired\":true,\"valueName\":\"search_term_string\"}}],\"inLanguage\":\"es\"},{\"@type\":\"Organization\",\"@id\":\"https:\/\/cpv2024.ine.gob.bo\/#organization\",\"name\":\"Censo 2024\",\"url\":\"https:\/\/cpv2024.ine.gob.bo\/\",\"logo\":{\"@type\":\"ImageObject\",\"inLanguage\":\"es\",\"@id\":\"https:\/\/cpv2024.ine.gob.bo\/#\/schema\/logo\/image\/\",\"url\":\"https:\/\/cpv2024.ine.gob.bo\/wp-content\/uploads\/2025\/04\/logo-censo_INE-512-px.png\",\"contentUrl\":\"https:\/\/cpv2024.ine.gob.bo\/wp-content\/uploads\/2025\/04\/logo-censo_INE-512-px.png\",\"width\":512,\"height\":264,\"caption\":\"Censo 2024\"},\"image\":{\"@id\":\"https:\/\/cpv2024.ine.gob.bo\/#\/schema\/logo\/image\/\"},\"sameAs\":[\"https:\/\/www.facebook.com\/ineboliviaoficial\/?locale=es_LA\",\"https:\/\/x.com\/ine_bolivia\"]}]}<\/script>\n<!-- \/ Yoast SEO plugin. -->","yoast_head_json":{"title":"Detalles de la actualizaci\u00f3n cartogr\u00e1fica: objetivos clave - Censo 2024","description":"Explora los detalles de la actualizaci\u00f3n cartogr\u00e1fica que utiliza im\u00e1genes satelitales para ubicar viviendas en el pa\u00eds.","robots":{"index":"index","follow":"follow","max-snippet":"max-snippet:-1","max-image-preview":"max-image-preview:large","max-video-preview":"max-video-preview:-1"},"canonical":"https:\/\/cpv2024.ine.gob.bo\/index.php\/principal\/actualizacion-cartografica-estadistica-2025\/","og_locale":"es_ES","og_type":"article","og_title":"Detalles de la actualizaci\u00f3n cartogr\u00e1fica: objetivos clave - Censo 2024","og_description":"Explora los detalles de la actualizaci\u00f3n cartogr\u00e1fica que utiliza im\u00e1genes satelitales para ubicar viviendas en el pa\u00eds.","og_url":"https:\/\/cpv2024.ine.gob.bo\/index.php\/principal\/actualizacion-cartografica-estadistica-2025\/","og_site_name":"Censo 2024","article_publisher":"https:\/\/www.facebook.com\/ineboliviaoficial\/?locale=es_LA","article_modified_time":"2025-09-30T14:48:01+00:00","og_image":[{"width":1024,"height":813,"url":"https:\/\/cpv2024.ine.gob.bo\/wp-content\/uploads\/2025\/06\/CARTOGRAFIA-BASE-1024x813-1.jpeg","type":"image\/jpeg"}],"twitter_card":"summary_large_image","twitter_site":"@ine_bolivia","twitter_misc":{"Tiempo de lectura":"4 minutos"},"schema":{"@context":"https:\/\/schema.org","@graph":[{"@type":"WebPage","@id":"https:\/\/cpv2024.ine.gob.bo\/index.php\/principal\/actualizacion-cartografica-estadistica-2025\/","url":"https:\/\/cpv2024.ine.gob.bo\/index.php\/principal\/actualizacion-cartografica-estadistica-2025\/","name":"Detalles de la actualizaci\u00f3n cartogr\u00e1fica: objetivos clave - Censo 2024","isPartOf":{"@id":"https:\/\/cpv2024.ine.gob.bo\/#website"},"primaryImageOfPage":{"@id":"https:\/\/cpv2024.ine.gob.bo\/index.php\/principal\/actualizacion-cartografica-estadistica-2025\/#primaryimage"},"image":{"@id":"https:\/\/cpv2024.ine.gob.bo\/index.php\/principal\/actualizacion-cartografica-estadistica-2025\/#primaryimage"},"thumbnailUrl":"https:\/\/cpv2024.ine.gob.bo\/wp-content\/uploads\/2025\/06\/CARTOGRAFIA-BASE-1024x813-1.jpeg","datePublished":"2025-07-31T12:58:43+00:00","dateModified":"2025-09-30T14:48:01+00:00","description":"Explora los detalles de la actualizaci\u00f3n cartogr\u00e1fica que utiliza im\u00e1genes satelitales para ubicar viviendas en el pa\u00eds.","breadcrumb":{"@id":"https:\/\/cpv2024.ine.gob.bo\/index.php\/principal\/actualizacion-cartografica-estadistica-2025\/#breadcrumb"},"inLanguage":"es","potentialAction":[{"@type":"ReadAction","target":["https:\/\/cpv2024.ine.gob.bo\/index.php\/principal\/actualizacion-cartografica-estadistica-2025\/"]}]},{"@type":"ImageObject","inLanguage":"es","@id":"https:\/\/cpv2024.ine.gob.bo\/index.php\/principal\/actualizacion-cartografica-estadistica-2025\/#primaryimage","url":"https:\/\/cpv2024.ine.gob.bo\/wp-content\/uploads\/2025\/06\/CARTOGRAFIA-BASE-1024x813-1.jpeg","contentUrl":"https:\/\/cpv2024.ine.gob.bo\/wp-content\/uploads\/2025\/06\/CARTOGRAFIA-BASE-1024x813-1.jpeg","width":1024,"height":813},{"@type":"BreadcrumbList","@id":"https:\/\/cpv2024.ine.gob.bo\/index.php\/principal\/actualizacion-cartografica-estadistica-2025\/#breadcrumb","itemListElement":[{"@type":"ListItem","position":1,"name":"Portada","item":"https:\/\/cpv2024.ine.gob.bo\/"},{"@type":"ListItem","position":2,"name":"PRINCIPAL","item":"https:\/\/cpv2024.ine.gob.bo\/"},{"@type":"ListItem","position":3,"name":"Actualizaci\u00f3n Cartogr\u00e1fica Estad\u00edstica &#8211; 2025"}]},{"@type":"WebSite","@id":"https:\/\/cpv2024.ine.gob.bo\/#website","url":"https:\/\/cpv2024.ine.gob.bo\/","name":"Censo 2024","description":"Pagina oficial del censo de poblaci\u00f3n Bolivia 2024","publisher":{"@id":"https:\/\/cpv2024.ine.gob.bo\/#organization"},"alternateName":"https:\/\/cpv2024.ine.gob.bo\/","potentialAction":[{"@type":"SearchAction","target":{"@type":"EntryPoint","urlTemplate":"https:\/\/cpv2024.ine.gob.bo\/?s={search_term_string}"},"query-input":{"@type":"PropertyValueSpecification","valueRequired":true,"valueName":"search_term_string"}}],"inLanguage":"es"},{"@type":"Organization","@id":"https:\/\/cpv2024.ine.gob.bo\/#organization","name":"Censo 2024","url":"https:\/\/cpv2024.ine.gob.bo\/","logo":{"@type":"ImageObject","inLanguage":"es","@id":"https:\/\/cpv2024.ine.gob.bo\/#\/schema\/logo\/image\/","url":"https:\/\/cpv2024.ine.gob.bo\/wp-content\/uploads\/2025\/04\/logo-censo_INE-512-px.png","contentUrl":"https:\/\/cpv2024.ine.gob.bo\/wp-content\/uploads\/2025\/04\/logo-censo_INE-512-px.png","width":512,"height":264,"caption":"Censo 2024"},"image":{"@id":"https:\/\/cpv2024.ine.gob.bo\/#\/schema\/logo\/image\/"},"sameAs":["https:\/\/www.facebook.com\/ineboliviaoficial\/?locale=es_LA","https:\/\/x.com\/ine_bolivia"]}]}},"uagb_featured_image_src":{"full":false,"thumbnail":false,"medium":false,"medium_large":false,"large":false,"1536x1536":false,"2048x2048":false,"gg_gallery_thumbnail":false},"uagb_author_info":{"display_name":"sergio","author_link":"https:\/\/cpv2024.ine.gob.bo\/index.php\/author\/sergio\/"},"uagb_comment_info":0,"uagb_excerpt":"Actualizaci\u00f3n Cartogr\u00e1fica Estad\u00edstica En la etapa precensal, se ejecut\u00f3 el operativo de campo de la Actualizaci\u00f3n Cartogr\u00e1fica Estad\u00edstica (ACE), cuyo objetivo es obtener informaci\u00f3n sobre el n\u00famero de viviendas, para conformar unidades operativas censales.&nbsp; Para la construcci\u00f3n de la cartograf\u00eda base estad\u00edstica se recopil\u00f3 informaci\u00f3n del INE, como: Para el operativo de campo de la&hellip;","_links":{"self":[{"href":"https:\/\/cpv2024.ine.gob.bo\/index.php\/wp-json\/wp\/v2\/pages\/23970","targetHints":{"allow":["GET"]}}],"collection":[{"href":"https:\/\/cpv2024.ine.gob.bo\/index.php\/wp-json\/wp\/v2\/pages"}],"about":[{"href":"https:\/\/cpv2024.ine.gob.bo\/index.php\/wp-json\/wp\/v2\/types\/page"}],"author":[{"embeddable":true,"href":"https:\/\/cpv2024.ine.gob.bo\/index.php\/wp-json\/wp\/v2\/users\/1"}],"replies":[{"embeddable":true,"href":"https:\/\/cpv2024.ine.gob.bo\/index.php\/wp-json\/wp\/v2\/comments?post=23970"}],"version-history":[{"count":3,"href":"https:\/\/cpv2024.ine.gob.bo\/index.php\/wp-json\/wp\/v2\/pages\/23970\/revisions"}],"predecessor-version":[{"id":26604,"href":"https:\/\/cpv2024.ine.gob.bo\/index.php\/wp-json\/wp\/v2\/pages\/23970\/revisions\/26604"}],"up":[{"embeddable":true,"href":"https:\/\/cpv2024.ine.gob.bo\/index.php\/wp-json\/wp\/v2\/pages\/2"}],"wp:attachment":[{"href":"https:\/\/cpv2024.ine.gob.bo\/index.php\/wp-json\/wp\/v2\/media?parent=23970"}],"curies":[{"name":"wp","href":"https:\/\/api.w.org\/{rel}","templated":true}]}}