{"id":23975,"date":"2025-07-31T13:09:31","date_gmt":"2025-07-31T13:09:31","guid":{"rendered":"https:\/\/cpv2024.ine.gob.bo\/?page_id=23975"},"modified":"2025-09-08T12:38:51","modified_gmt":"2025-09-08T12:38:51","slug":"cuestionario-censal-2025","status":"publish","type":"page","link":"https:\/\/cpv2024.ine.gob.bo\/index.php\/principal\/cuestionario-censal-2025\/","title":{"rendered":"Cuestionario censal &#8211; 2025"},"content":{"rendered":"\n<div class=\"wp-block-group has-global-padding is-layout-constrained wp-container-core-group-is-layout-0b40682b wp-block-group-is-layout-constrained\">\n<p class=\"has-large-font-size\"><strong>Cuestionario censal<\/strong><\/p>\n\n\n\n<p class=\"justify-text\">El <strong>contenido tem\u00e1tico del cuestionario censal<\/strong> constituye un instrumento fundamental para generar informaci\u00f3n estructural del pa\u00eds sobre las condiciones sociales, demogr\u00e1ficas y culturales de la poblaci\u00f3n. Esta informaci\u00f3n permite identificar a los grupos en situaci\u00f3n de vulnerabilidad, con el fin de orientar el dise\u00f1o e implementaci\u00f3n de pol\u00edticas p\u00fablicas focalizadas. Asimismo, facilita el conocimiento de las caracter\u00edsticas habitacionales y la identificaci\u00f3n de \u00e1reas geogr\u00e1ficas prioritarias que requieren atenci\u00f3n mediante intervenciones estatales.<\/p>\n\n\n\n<p class=\"justify-text\">Durante el proceso de <strong>dise\u00f1o del cuestionario censal<\/strong>, se llevaron a cabo reuniones t\u00e9cnicas con diversos ministerios e instituciones vinculadas a las tem\u00e1ticas censales, se realizaron pruebas cualitativas para validar la pertinencia y comprensi\u00f3n de las preguntas, y se habilit\u00f3 el espacio participativo denominado <strong><a href=\"https:\/\/www.ine.gob.bo\/index.php\/servicios-al-ciudadano\/instituto-abierto\/\" target=\"_blank\" rel=\"noreferrer noopener\">Instituto Abierto<\/a><\/strong>, a trav\u00e9s del cual los usuarios pudieron formular sugerencias sobre el contenido del cuestionario y se sostuvieron reuniones t\u00e9cnicas con delegados de los gobiernos aut\u00f3nomos departamentales, asociaciones departamentales de municipios, gobiernos aut\u00f3nomos municipales, autonom\u00edas ind\u00edgena originario campesinas, universidades e institutos de investigaci\u00f3n, promoviendo as\u00ed un proceso de construcci\u00f3n participativa y t\u00e9cnica del instrumento censal.<\/p>\n\n\n\n<figure class=\"wp-block-image size-full\"><a href=\"https:\/\/cpv2024.ine.gob.bo\/wp-content\/uploads\/2025\/06\/instituto.jpg\"><img loading=\"lazy\" decoding=\"async\" width=\"2048\" height=\"703\" src=\"https:\/\/cpv2024.ine.gob.bo\/wp-content\/uploads\/2025\/06\/instituto.jpg\" alt=\"\" class=\"wp-image-22190\" srcset=\"https:\/\/cpv2024.ine.gob.bo\/wp-content\/uploads\/2025\/06\/instituto.jpg 2048w, https:\/\/cpv2024.ine.gob.bo\/wp-content\/uploads\/2025\/06\/instituto-300x103.jpg 300w, https:\/\/cpv2024.ine.gob.bo\/wp-content\/uploads\/2025\/06\/instituto-1024x352.jpg 1024w, https:\/\/cpv2024.ine.gob.bo\/wp-content\/uploads\/2025\/06\/instituto-768x264.jpg 768w, https:\/\/cpv2024.ine.gob.bo\/wp-content\/uploads\/2025\/06\/instituto-1536x527.jpg 1536w\" sizes=\"auto, (max-width: 2048px) 100vw, 2048px\" \/><\/a><\/figure>\n\n\n\n<p class=\"justify-text\">Todos los requerimientos sobre la inclusi\u00f3n de tem\u00e1ticas y\/o preguntas en el cuestionario censal fueron analizados y evaluados con criterios estrictamente t\u00e9cnicos basados en el \u201cproceso de producci\u00f3n de estad\u00edsticas de calidad\u201d, seg\u00fan lo establecido en la Ley 1405 de Estad\u00edsticas Oficiales del Estado Plurinacional de Bolivia; los \u201cPrincipios y recomendaciones para los censos de poblaci\u00f3n y habitaci\u00f3n\u201d y otros documentos metodol\u00f3gicos y de recomendaciones de la Divisi\u00f3n de Estad\u00edstica de las Naciones Unidas, CELADE\/CEPAL, UNFPA, siguiendo un Protocolo para la inclusi\u00f3n de preguntas o tem\u00e1ticas se eval\u00faan aspectos sobre la pertinencia, coherencia, disponibilidad en otras fuentes de informaci\u00f3n y factibilidad.<\/p>\n\n\n\n<p class=\"justify-text\">Para la elaboraci\u00f3n del contenido del \u201ccuestionario censal\u201d se establecieron reuniones t\u00e9cnicas con 20 instituciones, 18 de ellas instituciones estatales, un organismo internacional y un colectivo social para analizar los temas del cuestionario, como: migraci\u00f3n; idioma y cultura; salud, fecundidad, mortalidad, dificultades permanentes\/discapacidad; educaci\u00f3n; tecnolog\u00edas de informaci\u00f3n y comunicaci\u00f3n; empleo; vivienda; servicios b\u00e1sicos y medio ambiente; otras tem\u00e1ticas identidad de g\u00e9nero y violencia, participaci\u00f3n ciudadana y una final de revisi\u00f3n a detalle del cuestionario censal.<\/p>\n\n\n\n<figure class=\"wp-block-image aligncenter size-full\"><a href=\"https:\/\/cpv2024.ine.gob.bo\/wp-content\/uploads\/2025\/07\/foto-2025-07-22-143145.png\"><img loading=\"lazy\" decoding=\"async\" width=\"888\" height=\"773\" src=\"https:\/\/cpv2024.ine.gob.bo\/wp-content\/uploads\/2025\/07\/foto-2025-07-22-143145.png\" alt=\"\" class=\"wp-image-23743\" srcset=\"https:\/\/cpv2024.ine.gob.bo\/wp-content\/uploads\/2025\/07\/foto-2025-07-22-143145.png 888w, https:\/\/cpv2024.ine.gob.bo\/wp-content\/uploads\/2025\/07\/foto-2025-07-22-143145-300x261.png 300w, https:\/\/cpv2024.ine.gob.bo\/wp-content\/uploads\/2025\/07\/foto-2025-07-22-143145-768x669.png 768w\" sizes=\"auto, (max-width: 888px) 100vw, 888px\" \/><\/a><\/figure>\n\n\n\n<p class=\"justify-text\">Durante la gesti\u00f3n 2023 se volvi\u00f3 a convocar a los ministerios, a los delegados t\u00e9cnicos de los gobiernos aut\u00f3nomos departamentales, asociaciones departamentales de municipios, gobiernos aut\u00f3nomos municipales, autonom\u00edas ind\u00edgena originario campesinas, universidades e institutos de investigaci\u00f3n para compartirles los resultados de las pruebas cualitativas y realizar los ajustes a las preguntas del&nbsp;cuestionario.<\/p>\n\n\n\n<p class=\"justify-text\">Tambi\u00e9n se present\u00f3 y discuti\u00f3 el cuestionario censal, en un taller, con representantes de organismos internacionales: UNFPA, UNICEF, FAO, OPS\/OMS, ONU-HABITAT, ONU Mujeres, PNUD, ONU, OIT, OIM. Adem\u00e1s de socializar, explicar y aclarar aspectos conceptuales del instrumento, se retroalimento para asegurar que los indicadores que se generen sean de utilidad para el seguimiento a la agenda nacional e internacional, el Plan de Desarrollo Econ\u00f3mico y Social, las metas de los Objetivos de Desarrollo Sostenible y las del Consenso de Montevideo.<\/p>\n\n\n\n<p class=\"justify-text\">Seg\u00fan el trabajo que ha venido desarrollando el INE desde la gesti\u00f3n 2021, posterior a las reuniones con los ministerios e instituciones relacionadas con las tem\u00e1ticas censales, se puso a disposici\u00f3n del p\u00fablico en general el cuestionario consolidado preliminar en el espacio del <strong>Instituto Abierto<\/strong>. En este \u00e1mbito se remitieron 52 notas de invitaci\u00f3n dirigidas a Gobiernos Aut\u00f3nomos Departamentales (GAD), Asociaciones de Municipios, Federaciones de Asociaciones Municipales (FAM), Gobiernos Aut\u00f3nomos Ind\u00edgena Originario Campesinos (GAIOC) y Universidades e Institutos de Investigaci\u00f3n.<\/p>\n\n\n\n<p class=\"justify-text\">Del 1 al 18 de septiembre de 2022, a trav\u00e9s del Instituto Abierto, se recibieron 74 aportaciones de 13 instituciones, de las cuales llegaron 29 mediante el formulario habilitado, 34 por ventanilla \u00fanica mediante nota, 4 por correo electr\u00f3nico y 7 v\u00eda WhatsApp. Toda esta informaci\u00f3n fue consolidada para las presentaciones realizadas en las tres reuniones de cierre del instituto abierto (27, 28 y 29 de septiembre de 2022), las cuales tuvieron una importante participaci\u00f3n de las instituciones de manera presencial y virtual. En estos eventos el INE tambi\u00e9n comunic\u00f3 con base a criterios t\u00e9cnicos las recomendaciones de Naciones Unidas y el proceso de producci\u00f3n de las estad\u00edsticas. La evaluaci\u00f3n de cada recomendaci\u00f3n o sugerencia se realiz\u00f3 con base en el \u201cProtocolo de inclusi\u00f3n de tem\u00e1ticas o preguntas seg\u00fan fase del proceso de producci\u00f3n de estad\u00edsticas de calidad\u201d. Detalles de esta actividad junto al informe y toda la documentaci\u00f3n mencionada est\u00e1n disponibles en el sitio web: <a href=\"https:\/\/www.ine.gob.bo\/index.php\/servicios-al-ciudadano\/instituto-abierto-censo\/\">https:\/\/www.ine.gob.bo\/index.php\/servicios-al-ciudadano\/instituto-abierto-censo\/<\/a>.<\/p>\n\n\n\n<div class=\"wp-block-group is-content-justification-center is-nowrap is-layout-flex wp-container-core-group-is-layout-23441af8 wp-block-group-is-layout-flex\">\n<figure class=\"wp-block-image aligncenter size-full is-resized\"><a href=\"https:\/\/cpv2024.ine.gob.bo\/wp-content\/uploads\/2025\/07\/DSC_0022.jpeg-scaled.jpg\"><img loading=\"lazy\" decoding=\"async\" width=\"2560\" height=\"1696\" src=\"https:\/\/cpv2024.ine.gob.bo\/wp-content\/uploads\/2025\/07\/DSC_0022.jpeg-scaled.jpg\" alt=\"\" class=\"wp-image-23744\" style=\"width:440px;height:auto\" srcset=\"https:\/\/cpv2024.ine.gob.bo\/wp-content\/uploads\/2025\/07\/DSC_0022.jpeg-scaled.jpg 2560w, https:\/\/cpv2024.ine.gob.bo\/wp-content\/uploads\/2025\/07\/DSC_0022.jpeg-300x199.jpg 300w, https:\/\/cpv2024.ine.gob.bo\/wp-content\/uploads\/2025\/07\/DSC_0022.jpeg-1024x678.jpg 1024w, https:\/\/cpv2024.ine.gob.bo\/wp-content\/uploads\/2025\/07\/DSC_0022.jpeg-768x509.jpg 768w, https:\/\/cpv2024.ine.gob.bo\/wp-content\/uploads\/2025\/07\/DSC_0022.jpeg-1536x1017.jpg 1536w, https:\/\/cpv2024.ine.gob.bo\/wp-content\/uploads\/2025\/07\/DSC_0022.jpeg-2048x1356.jpg 2048w\" sizes=\"auto, (max-width: 2560px) 100vw, 2560px\" \/><\/a><\/figure>\n\n\n\n<figure class=\"wp-block-image size-full is-resized\"><a href=\"https:\/\/cpv2024.ine.gob.bo\/wp-content\/uploads\/2025\/07\/Instituto_-scaled.jpg\"><img loading=\"lazy\" decoding=\"async\" width=\"2560\" height=\"1367\" src=\"https:\/\/cpv2024.ine.gob.bo\/wp-content\/uploads\/2025\/07\/Instituto_-scaled.jpg\" alt=\"\" class=\"wp-image-23745\" style=\"width:534px;height:auto\" srcset=\"https:\/\/cpv2024.ine.gob.bo\/wp-content\/uploads\/2025\/07\/Instituto_-scaled.jpg 2560w, https:\/\/cpv2024.ine.gob.bo\/wp-content\/uploads\/2025\/07\/Instituto_-300x160.jpg 300w, https:\/\/cpv2024.ine.gob.bo\/wp-content\/uploads\/2025\/07\/Instituto_-1024x547.jpg 1024w, https:\/\/cpv2024.ine.gob.bo\/wp-content\/uploads\/2025\/07\/Instituto_-768x410.jpg 768w, https:\/\/cpv2024.ine.gob.bo\/wp-content\/uploads\/2025\/07\/Instituto_-1536x820.jpg 1536w, https:\/\/cpv2024.ine.gob.bo\/wp-content\/uploads\/2025\/07\/Instituto_-2048x1094.jpg 2048w\" sizes=\"auto, (max-width: 2560px) 100vw, 2560px\" \/><\/a><\/figure>\n<\/div>\n\n\n\n<p class=\"justify-text\">El cuestionario censal contiene un total de 59 preguntas, distribuidos seg\u00fan el siguiente detalle:<\/p>\n\n\n\n<ul class=\"wp-block-list\">\n<li class=\"justify-text\">Cap\u00edtulo A. Ubicaci\u00f3n de la vivienda: con 12 numerales para el llenado, adem\u00e1s de \u201cn\u00famero de cuestionario\u201d y el espacio de \u201cContinuaci\u00f3n de:\u201d<\/li>\n\n\n\n<li class=\"justify-text\">Cap\u00edtulo B. Tipo de Vivienda: con dos preguntas que permiten cuantificar el n\u00famero de viviendas particulares seg\u00fan su estado de ocupaci\u00f3n y viviendas colectivas seg\u00fan su funci\u00f3n.<\/li>\n\n\n\n<li class=\"justify-text\">Cap\u00edtulo C. Caracter\u00edsticas de la vivienda con personas presentes: con 17 preguntas pre codificadas.<\/li>\n\n\n\n<li class=\"justify-text\">Cap\u00edtulo D. Emigraci\u00f3n internacional: con una pregunta y seis subpreguntas.<\/li>\n\n\n\n<li class=\"justify-text\">Cap\u00edtulo E. Mortalidad: con una pregunta y siete subpreguntas.<\/li>\n\n\n\n<li class=\"justify-text\">Cap\u00edtulo F. Listado de personas: con dos preguntas y tres subpreguntas.<\/li>\n\n\n\n<li class=\"justify-text\">Cap\u00edtulo G. Caracter\u00edsticas de cada persona: con 35 preguntas.<\/li>\n<\/ul>\n\n\n\n<p>El cuestionario contiene cinco filtros de edad, tres preguntas m\u00faltiples y en la \u00faltima hoja se tiene instrucciones generales (c\u00f3mo identificar viviendas en el predio, c\u00f3mo llenar el cuestionario, c\u00f3mo llenar un cuestionario y \u201cContinuaci\u00f3n de:\u201d).<\/p>\n\n\n\n<figure class=\"wp-block-image aligncenter size-full is-resized\"><a href=\"https:\/\/cpv2024.ine.gob.bo\/wp-content\/uploads\/2025\/08\/CUESTIONARIO-CENSO-DE-POBLACION-Y-VIVIENDA_page-0002.jpg\"><img loading=\"lazy\" decoding=\"async\" width=\"1270\" height=\"1949\" src=\"https:\/\/cpv2024.ine.gob.bo\/wp-content\/uploads\/2025\/08\/CUESTIONARIO-CENSO-DE-POBLACION-Y-VIVIENDA_page-0002.jpg\" alt=\"\" class=\"wp-image-24509\" style=\"width:630px;height:auto\" srcset=\"https:\/\/cpv2024.ine.gob.bo\/wp-content\/uploads\/2025\/08\/CUESTIONARIO-CENSO-DE-POBLACION-Y-VIVIENDA_page-0002.jpg 1270w, https:\/\/cpv2024.ine.gob.bo\/wp-content\/uploads\/2025\/08\/CUESTIONARIO-CENSO-DE-POBLACION-Y-VIVIENDA_page-0002-195x300.jpg 195w, https:\/\/cpv2024.ine.gob.bo\/wp-content\/uploads\/2025\/08\/CUESTIONARIO-CENSO-DE-POBLACION-Y-VIVIENDA_page-0002-667x1024.jpg 667w, https:\/\/cpv2024.ine.gob.bo\/wp-content\/uploads\/2025\/08\/CUESTIONARIO-CENSO-DE-POBLACION-Y-VIVIENDA_page-0002-768x1179.jpg 768w, https:\/\/cpv2024.ine.gob.bo\/wp-content\/uploads\/2025\/08\/CUESTIONARIO-CENSO-DE-POBLACION-Y-VIVIENDA_page-0002-1001x1536.jpg 1001w\" sizes=\"auto, (max-width: 1270px) 100vw, 1270px\" \/><\/a><\/figure>\n\n\n\n<p><a href=\"https:\/\/nube.ine.gob.bo\/index.php\/s\/hAkHycQoosa7x14\/download\">https:\/\/nube.ine.gob.bo\/index.php\/s\/hAkHycQoosa7x14\/download<\/a><\/p>\n<\/div>\n","protected":false},"excerpt":{"rendered":"<p>Cuestionario censal El contenido tem\u00e1tico del cuestionario censal constituye un instrumento fundamental para generar informaci\u00f3n estructural del pa\u00eds sobre las condiciones sociales, demogr\u00e1ficas y culturales de la poblaci\u00f3n. Esta informaci\u00f3n permite identificar a los grupos en situaci\u00f3n de vulnerabilidad, con el fin de orientar el dise\u00f1o e implementaci\u00f3n de pol\u00edticas p\u00fablicas focalizadas. Asimismo, facilita el [&hellip;]<\/p>\n","protected":false},"author":1,"featured_media":0,"parent":2,"menu_order":0,"comment_status":"closed","ping_status":"closed","template":"wp-custom-template-sticky-menu","meta":{"inline_featured_image":false,"_uag_custom_page_level_css":"","_joinchat":[],"footnotes":""},"class_list":["post-23975","page","type-page","status-publish","hentry"],"yoast_head":"<!-- This site is optimized with the Yoast SEO plugin v26.2 - https:\/\/yoast.com\/wordpress\/plugins\/seo\/ -->\n<title>Cuestionario censal - 2025 - Censo 2024<\/title>\n<meta name=\"robots\" content=\"index, follow, max-snippet:-1, max-image-preview:large, max-video-preview:-1\" \/>\n<link rel=\"canonical\" href=\"https:\/\/cpv2024.ine.gob.bo\/index.php\/principal\/cuestionario-censal-2025\/\" \/>\n<meta property=\"og:locale\" content=\"es_ES\" \/>\n<meta property=\"og:type\" content=\"article\" \/>\n<meta property=\"og:title\" content=\"Cuestionario censal - 2025 - Censo 2024\" \/>\n<meta property=\"og:description\" content=\"Cuestionario censal El contenido tem\u00e1tico del cuestionario censal constituye un instrumento fundamental para generar informaci\u00f3n estructural del pa\u00eds sobre las condiciones sociales, demogr\u00e1ficas y culturales de la poblaci\u00f3n. Esta informaci\u00f3n permite identificar a los grupos en situaci\u00f3n de vulnerabilidad, con el fin de orientar el dise\u00f1o e implementaci\u00f3n de pol\u00edticas p\u00fablicas focalizadas. Asimismo, facilita el [&hellip;]\" \/>\n<meta property=\"og:url\" content=\"https:\/\/cpv2024.ine.gob.bo\/index.php\/principal\/cuestionario-censal-2025\/\" \/>\n<meta property=\"og:site_name\" content=\"Censo 2024\" \/>\n<meta property=\"article:publisher\" content=\"https:\/\/www.facebook.com\/ineboliviaoficial\/?locale=es_LA\" \/>\n<meta property=\"article:modified_time\" content=\"2025-09-08T12:38:51+00:00\" \/>\n<meta property=\"og:image\" content=\"https:\/\/cpv2024.ine.gob.bo\/wp-content\/uploads\/2025\/06\/instituto.jpg\" \/>\n\t<meta property=\"og:image:width\" content=\"2048\" \/>\n\t<meta property=\"og:image:height\" content=\"703\" \/>\n\t<meta property=\"og:image:type\" content=\"image\/jpeg\" \/>\n<meta name=\"twitter:card\" content=\"summary_large_image\" \/>\n<meta name=\"twitter:site\" content=\"@ine_bolivia\" \/>\n<meta name=\"twitter:label1\" content=\"Tiempo de lectura\" \/>\n\t<meta name=\"twitter:data1\" content=\"5 minutos\" \/>\n<script type=\"application\/ld+json\" class=\"yoast-schema-graph\">{\"@context\":\"https:\/\/schema.org\",\"@graph\":[{\"@type\":\"WebPage\",\"@id\":\"https:\/\/cpv2024.ine.gob.bo\/index.php\/principal\/cuestionario-censal-2025\/\",\"url\":\"https:\/\/cpv2024.ine.gob.bo\/index.php\/principal\/cuestionario-censal-2025\/\",\"name\":\"Cuestionario censal - 2025 - Censo 2024\",\"isPartOf\":{\"@id\":\"https:\/\/cpv2024.ine.gob.bo\/#website\"},\"primaryImageOfPage\":{\"@id\":\"https:\/\/cpv2024.ine.gob.bo\/index.php\/principal\/cuestionario-censal-2025\/#primaryimage\"},\"image\":{\"@id\":\"https:\/\/cpv2024.ine.gob.bo\/index.php\/principal\/cuestionario-censal-2025\/#primaryimage\"},\"thumbnailUrl\":\"https:\/\/cpv2024.ine.gob.bo\/wp-content\/uploads\/2025\/06\/instituto.jpg\",\"datePublished\":\"2025-07-31T13:09:31+00:00\",\"dateModified\":\"2025-09-08T12:38:51+00:00\",\"breadcrumb\":{\"@id\":\"https:\/\/cpv2024.ine.gob.bo\/index.php\/principal\/cuestionario-censal-2025\/#breadcrumb\"},\"inLanguage\":\"es\",\"potentialAction\":[{\"@type\":\"ReadAction\",\"target\":[\"https:\/\/cpv2024.ine.gob.bo\/index.php\/principal\/cuestionario-censal-2025\/\"]}]},{\"@type\":\"ImageObject\",\"inLanguage\":\"es\",\"@id\":\"https:\/\/cpv2024.ine.gob.bo\/index.php\/principal\/cuestionario-censal-2025\/#primaryimage\",\"url\":\"https:\/\/cpv2024.ine.gob.bo\/wp-content\/uploads\/2025\/06\/instituto.jpg\",\"contentUrl\":\"https:\/\/cpv2024.ine.gob.bo\/wp-content\/uploads\/2025\/06\/instituto.jpg\",\"width\":2048,\"height\":703},{\"@type\":\"BreadcrumbList\",\"@id\":\"https:\/\/cpv2024.ine.gob.bo\/index.php\/principal\/cuestionario-censal-2025\/#breadcrumb\",\"itemListElement\":[{\"@type\":\"ListItem\",\"position\":1,\"name\":\"Portada\",\"item\":\"https:\/\/cpv2024.ine.gob.bo\/\"},{\"@type\":\"ListItem\",\"position\":2,\"name\":\"PRINCIPAL\",\"item\":\"https:\/\/cpv2024.ine.gob.bo\/\"},{\"@type\":\"ListItem\",\"position\":3,\"name\":\"Cuestionario censal &#8211; 2025\"}]},{\"@type\":\"WebSite\",\"@id\":\"https:\/\/cpv2024.ine.gob.bo\/#website\",\"url\":\"https:\/\/cpv2024.ine.gob.bo\/\",\"name\":\"Censo 2024\",\"description\":\"Pagina oficial del censo de poblaci\u00f3n Bolivia 2024\",\"publisher\":{\"@id\":\"https:\/\/cpv2024.ine.gob.bo\/#organization\"},\"alternateName\":\"https:\/\/cpv2024.ine.gob.bo\/\",\"potentialAction\":[{\"@type\":\"SearchAction\",\"target\":{\"@type\":\"EntryPoint\",\"urlTemplate\":\"https:\/\/cpv2024.ine.gob.bo\/?s={search_term_string}\"},\"query-input\":{\"@type\":\"PropertyValueSpecification\",\"valueRequired\":true,\"valueName\":\"search_term_string\"}}],\"inLanguage\":\"es\"},{\"@type\":\"Organization\",\"@id\":\"https:\/\/cpv2024.ine.gob.bo\/#organization\",\"name\":\"Censo 2024\",\"url\":\"https:\/\/cpv2024.ine.gob.bo\/\",\"logo\":{\"@type\":\"ImageObject\",\"inLanguage\":\"es\",\"@id\":\"https:\/\/cpv2024.ine.gob.bo\/#\/schema\/logo\/image\/\",\"url\":\"https:\/\/cpv2024.ine.gob.bo\/wp-content\/uploads\/2025\/04\/logo-censo_INE-512-px.png\",\"contentUrl\":\"https:\/\/cpv2024.ine.gob.bo\/wp-content\/uploads\/2025\/04\/logo-censo_INE-512-px.png\",\"width\":512,\"height\":264,\"caption\":\"Censo 2024\"},\"image\":{\"@id\":\"https:\/\/cpv2024.ine.gob.bo\/#\/schema\/logo\/image\/\"},\"sameAs\":[\"https:\/\/www.facebook.com\/ineboliviaoficial\/?locale=es_LA\",\"https:\/\/x.com\/ine_bolivia\"]}]}<\/script>\n<!-- \/ Yoast SEO plugin. -->","yoast_head_json":{"title":"Cuestionario censal - 2025 - Censo 2024","robots":{"index":"index","follow":"follow","max-snippet":"max-snippet:-1","max-image-preview":"max-image-preview:large","max-video-preview":"max-video-preview:-1"},"canonical":"https:\/\/cpv2024.ine.gob.bo\/index.php\/principal\/cuestionario-censal-2025\/","og_locale":"es_ES","og_type":"article","og_title":"Cuestionario censal - 2025 - Censo 2024","og_description":"Cuestionario censal El contenido tem\u00e1tico del cuestionario censal constituye un instrumento fundamental para generar informaci\u00f3n estructural del pa\u00eds sobre las condiciones sociales, demogr\u00e1ficas y culturales de la poblaci\u00f3n. Esta informaci\u00f3n permite identificar a los grupos en situaci\u00f3n de vulnerabilidad, con el fin de orientar el dise\u00f1o e implementaci\u00f3n de pol\u00edticas p\u00fablicas focalizadas. Asimismo, facilita el [&hellip;]","og_url":"https:\/\/cpv2024.ine.gob.bo\/index.php\/principal\/cuestionario-censal-2025\/","og_site_name":"Censo 2024","article_publisher":"https:\/\/www.facebook.com\/ineboliviaoficial\/?locale=es_LA","article_modified_time":"2025-09-08T12:38:51+00:00","og_image":[{"width":2048,"height":703,"url":"https:\/\/cpv2024.ine.gob.bo\/wp-content\/uploads\/2025\/06\/instituto.jpg","type":"image\/jpeg"}],"twitter_card":"summary_large_image","twitter_site":"@ine_bolivia","twitter_misc":{"Tiempo de lectura":"5 minutos"},"schema":{"@context":"https:\/\/schema.org","@graph":[{"@type":"WebPage","@id":"https:\/\/cpv2024.ine.gob.bo\/index.php\/principal\/cuestionario-censal-2025\/","url":"https:\/\/cpv2024.ine.gob.bo\/index.php\/principal\/cuestionario-censal-2025\/","name":"Cuestionario censal - 2025 - Censo 2024","isPartOf":{"@id":"https:\/\/cpv2024.ine.gob.bo\/#website"},"primaryImageOfPage":{"@id":"https:\/\/cpv2024.ine.gob.bo\/index.php\/principal\/cuestionario-censal-2025\/#primaryimage"},"image":{"@id":"https:\/\/cpv2024.ine.gob.bo\/index.php\/principal\/cuestionario-censal-2025\/#primaryimage"},"thumbnailUrl":"https:\/\/cpv2024.ine.gob.bo\/wp-content\/uploads\/2025\/06\/instituto.jpg","datePublished":"2025-07-31T13:09:31+00:00","dateModified":"2025-09-08T12:38:51+00:00","breadcrumb":{"@id":"https:\/\/cpv2024.ine.gob.bo\/index.php\/principal\/cuestionario-censal-2025\/#breadcrumb"},"inLanguage":"es","potentialAction":[{"@type":"ReadAction","target":["https:\/\/cpv2024.ine.gob.bo\/index.php\/principal\/cuestionario-censal-2025\/"]}]},{"@type":"ImageObject","inLanguage":"es","@id":"https:\/\/cpv2024.ine.gob.bo\/index.php\/principal\/cuestionario-censal-2025\/#primaryimage","url":"https:\/\/cpv2024.ine.gob.bo\/wp-content\/uploads\/2025\/06\/instituto.jpg","contentUrl":"https:\/\/cpv2024.ine.gob.bo\/wp-content\/uploads\/2025\/06\/instituto.jpg","width":2048,"height":703},{"@type":"BreadcrumbList","@id":"https:\/\/cpv2024.ine.gob.bo\/index.php\/principal\/cuestionario-censal-2025\/#breadcrumb","itemListElement":[{"@type":"ListItem","position":1,"name":"Portada","item":"https:\/\/cpv2024.ine.gob.bo\/"},{"@type":"ListItem","position":2,"name":"PRINCIPAL","item":"https:\/\/cpv2024.ine.gob.bo\/"},{"@type":"ListItem","position":3,"name":"Cuestionario censal &#8211; 2025"}]},{"@type":"WebSite","@id":"https:\/\/cpv2024.ine.gob.bo\/#website","url":"https:\/\/cpv2024.ine.gob.bo\/","name":"Censo 2024","description":"Pagina oficial del censo de poblaci\u00f3n Bolivia 2024","publisher":{"@id":"https:\/\/cpv2024.ine.gob.bo\/#organization"},"alternateName":"https:\/\/cpv2024.ine.gob.bo\/","potentialAction":[{"@type":"SearchAction","target":{"@type":"EntryPoint","urlTemplate":"https:\/\/cpv2024.ine.gob.bo\/?s={search_term_string}"},"query-input":{"@type":"PropertyValueSpecification","valueRequired":true,"valueName":"search_term_string"}}],"inLanguage":"es"},{"@type":"Organization","@id":"https:\/\/cpv2024.ine.gob.bo\/#organization","name":"Censo 2024","url":"https:\/\/cpv2024.ine.gob.bo\/","logo":{"@type":"ImageObject","inLanguage":"es","@id":"https:\/\/cpv2024.ine.gob.bo\/#\/schema\/logo\/image\/","url":"https:\/\/cpv2024.ine.gob.bo\/wp-content\/uploads\/2025\/04\/logo-censo_INE-512-px.png","contentUrl":"https:\/\/cpv2024.ine.gob.bo\/wp-content\/uploads\/2025\/04\/logo-censo_INE-512-px.png","width":512,"height":264,"caption":"Censo 2024"},"image":{"@id":"https:\/\/cpv2024.ine.gob.bo\/#\/schema\/logo\/image\/"},"sameAs":["https:\/\/www.facebook.com\/ineboliviaoficial\/?locale=es_LA","https:\/\/x.com\/ine_bolivia"]}]}},"uagb_featured_image_src":{"full":false,"thumbnail":false,"medium":false,"medium_large":false,"large":false,"1536x1536":false,"2048x2048":false,"gg_gallery_thumbnail":false},"uagb_author_info":{"display_name":"sergio","author_link":"https:\/\/cpv2024.ine.gob.bo\/index.php\/author\/sergio\/"},"uagb_comment_info":0,"uagb_excerpt":"Cuestionario censal El contenido tem\u00e1tico del cuestionario censal constituye un instrumento fundamental para generar informaci\u00f3n estructural del pa\u00eds sobre las condiciones sociales, demogr\u00e1ficas y culturales de la poblaci\u00f3n. Esta informaci\u00f3n permite identificar a los grupos en situaci\u00f3n de vulnerabilidad, con el fin de orientar el dise\u00f1o e implementaci\u00f3n de pol\u00edticas p\u00fablicas focalizadas. Asimismo, facilita el&hellip;","_links":{"self":[{"href":"https:\/\/cpv2024.ine.gob.bo\/index.php\/wp-json\/wp\/v2\/pages\/23975","targetHints":{"allow":["GET"]}}],"collection":[{"href":"https:\/\/cpv2024.ine.gob.bo\/index.php\/wp-json\/wp\/v2\/pages"}],"about":[{"href":"https:\/\/cpv2024.ine.gob.bo\/index.php\/wp-json\/wp\/v2\/types\/page"}],"author":[{"embeddable":true,"href":"https:\/\/cpv2024.ine.gob.bo\/index.php\/wp-json\/wp\/v2\/users\/1"}],"replies":[{"embeddable":true,"href":"https:\/\/cpv2024.ine.gob.bo\/index.php\/wp-json\/wp\/v2\/comments?post=23975"}],"version-history":[{"count":6,"href":"https:\/\/cpv2024.ine.gob.bo\/index.php\/wp-json\/wp\/v2\/pages\/23975\/revisions"}],"predecessor-version":[{"id":29363,"href":"https:\/\/cpv2024.ine.gob.bo\/index.php\/wp-json\/wp\/v2\/pages\/23975\/revisions\/29363"}],"up":[{"embeddable":true,"href":"https:\/\/cpv2024.ine.gob.bo\/index.php\/wp-json\/wp\/v2\/pages\/2"}],"wp:attachment":[{"href":"https:\/\/cpv2024.ine.gob.bo\/index.php\/wp-json\/wp\/v2\/media?parent=23975"}],"curies":[{"name":"wp","href":"https:\/\/api.w.org\/{rel}","templated":true}]}}