{"id":23978,"date":"2025-07-31T13:13:02","date_gmt":"2025-07-31T13:13:02","guid":{"rendered":"https:\/\/cpv2024.ine.gob.bo\/?page_id=23978"},"modified":"2025-08-22T21:17:57","modified_gmt":"2025-08-22T21:17:57","slug":"prueba-piloto","status":"publish","type":"page","link":"https:\/\/cpv2024.ine.gob.bo\/index.php\/principal\/prueba-piloto\/","title":{"rendered":"Prueba Piloto &#8211; 2025"},"content":{"rendered":"\n<div class=\"wp-block-group has-global-padding is-layout-constrained wp-container-core-group-is-layout-0b40682b wp-block-group-is-layout-constrained\">\n<p class=\"has-large-font-size\"><strong>Prueba Piloto<\/strong><\/p>\n\n\n\n<p>La Prueba Piloto tuvo como objetivo someter a prueba de aplicaci\u00f3n los instrumentos (tem\u00e1ticos, operativos y t\u00e9cnicos), procesos y sistemas desarrollados por el INE con fines del Censo 2024, con personal voluntario en terreno.<\/p>\n\n\n\n<p>Se realiz\u00f3 del 24 al 27 de marzo de 2023 en cuatro municipios: Ayllu Jatun Yura de Potos\u00ed, Machacamarca de Oruro, Villa Serrano de Chuquisaca y San Ram\u00f3n de Beni, permiti\u00f3 probar y validar el cuestionario censal.&nbsp;<\/p>\n\n\n\n<p class=\"has-large-font-size\"><strong>Ficha t\u00e9cnica<\/strong><\/p>\n\n\n\n<figure class=\"wp-block-table is-style-regular\"><table class=\"has-border-color has-accent-3-border-color has-fixed-layout\" style=\"border-width:3px\"><thead><tr><th><strong>Operaci\u00f3n Estad\u00edstica<\/strong><\/th><th><strong>Pruebas Piloto para el Censo de Poblaci\u00f3n y Vivienda 2024<\/strong><\/th><\/tr><\/thead><tbody><tr><td>Unidad de observaci\u00f3n<\/td><td>Viviendas particulares, hogares, personas en hogares Viviendas colectivas<\/td><\/tr><tr><td>Periodo de recolecci\u00f3n de datos<\/td><td>25 al 27 de marzo de 2023 un d\u00eda (amanzanada) y hasta tres d\u00edas (dispersa)<\/td><\/tr><tr><td>Tipo de entrevista<\/td><td>Entrevista directa cara a cara<\/td><\/tr><tr><td>Instrumentos<\/td><td>Cuestionario censal.<br>Manual del censista.<br>Manual del supervisor de sector.<br>Mapa de segmento, sector y zona.<br>Formularios de control censista, recuento preliminar, asignaci\u00f3n de segmentos, entre otros. <br>Canales de comunicaci\u00f3n (cu\u00f1as y material promocional).<\/td><\/tr><tr><td>Carga por censista prevista<\/td><td>10 a 15 viviendas en \u00e1rea amanzanada 25 a 30 viviendas en \u00e1rea dispersa<\/td><\/tr><tr><td>Lugares<\/td><td>Altiplano: municipio Machacamarca (Oruro) Llano: municipio San Ram\u00f3n (Beni) Valle: municipio Villa Serrano (Chuquisaca) Altiplano: AIOC Jatun Ayllu Yura (Potos\u00ed)<\/td><\/tr><tr><td>Sistemas<\/td><td>Reclutamiento (m\u00f3dulo de registro de estudiantes de educaci\u00f3n escolar), cartograf\u00eda, capacitaci\u00f3n y segmentaci\u00f3n asistida<\/td><\/tr><\/tbody><\/table><\/figure>\n\n\n\n<div class=\"wp-block-group is-nowrap is-layout-flex wp-container-core-group-is-layout-6c531013 wp-block-group-is-layout-flex\">\n<figure class=\"wp-block-image size-large\"><a href=\"https:\/\/cpv2024.ine.gob.bo\/wp-content\/uploads\/2025\/08\/Jatun-Ayllu-Yura-1.jpg\"><img loading=\"lazy\" decoding=\"async\" width=\"1024\" height=\"576\" src=\"https:\/\/cpv2024.ine.gob.bo\/wp-content\/uploads\/2025\/08\/Jatun-Ayllu-Yura-1-1024x576.jpg\" alt=\"\" class=\"wp-image-24520\" srcset=\"https:\/\/cpv2024.ine.gob.bo\/wp-content\/uploads\/2025\/08\/Jatun-Ayllu-Yura-1-1024x576.jpg 1024w, https:\/\/cpv2024.ine.gob.bo\/wp-content\/uploads\/2025\/08\/Jatun-Ayllu-Yura-1-300x169.jpg 300w, https:\/\/cpv2024.ine.gob.bo\/wp-content\/uploads\/2025\/08\/Jatun-Ayllu-Yura-1-768x432.jpg 768w, https:\/\/cpv2024.ine.gob.bo\/wp-content\/uploads\/2025\/08\/Jatun-Ayllu-Yura-1-1536x864.jpg 1536w, https:\/\/cpv2024.ine.gob.bo\/wp-content\/uploads\/2025\/08\/Jatun-Ayllu-Yura-1.jpg 1920w\" sizes=\"auto, (max-width: 1024px) 100vw, 1024px\" \/><\/a><\/figure>\n\n\n\n<figure class=\"wp-block-image size-large\"><a href=\"https:\/\/cpv2024.ine.gob.bo\/wp-content\/uploads\/2025\/08\/jatun-ayllu-yura.jpg\"><img loading=\"lazy\" decoding=\"async\" width=\"1024\" height=\"576\" src=\"https:\/\/cpv2024.ine.gob.bo\/wp-content\/uploads\/2025\/08\/jatun-ayllu-yura-1024x576.jpg\" alt=\"\" class=\"wp-image-24516\" srcset=\"https:\/\/cpv2024.ine.gob.bo\/wp-content\/uploads\/2025\/08\/jatun-ayllu-yura-1024x576.jpg 1024w, https:\/\/cpv2024.ine.gob.bo\/wp-content\/uploads\/2025\/08\/jatun-ayllu-yura-300x169.jpg 300w, https:\/\/cpv2024.ine.gob.bo\/wp-content\/uploads\/2025\/08\/jatun-ayllu-yura-768x432.jpg 768w, https:\/\/cpv2024.ine.gob.bo\/wp-content\/uploads\/2025\/08\/jatun-ayllu-yura-1536x864.jpg 1536w, https:\/\/cpv2024.ine.gob.bo\/wp-content\/uploads\/2025\/08\/jatun-ayllu-yura.jpg 1920w\" sizes=\"auto, (max-width: 1024px) 100vw, 1024px\" \/><\/a><\/figure>\n\n\n\n<figure class=\"wp-block-image size-large\"><a href=\"https:\/\/cpv2024.ine.gob.bo\/wp-content\/uploads\/2025\/08\/Jatun-Ayllu-Yura-2.jpg\"><img loading=\"lazy\" decoding=\"async\" width=\"1024\" height=\"576\" src=\"https:\/\/cpv2024.ine.gob.bo\/wp-content\/uploads\/2025\/08\/Jatun-Ayllu-Yura-2-1024x576.jpg\" alt=\"\" class=\"wp-image-24518\" srcset=\"https:\/\/cpv2024.ine.gob.bo\/wp-content\/uploads\/2025\/08\/Jatun-Ayllu-Yura-2-1024x576.jpg 1024w, https:\/\/cpv2024.ine.gob.bo\/wp-content\/uploads\/2025\/08\/Jatun-Ayllu-Yura-2-300x169.jpg 300w, https:\/\/cpv2024.ine.gob.bo\/wp-content\/uploads\/2025\/08\/Jatun-Ayllu-Yura-2-768x432.jpg 768w, https:\/\/cpv2024.ine.gob.bo\/wp-content\/uploads\/2025\/08\/Jatun-Ayllu-Yura-2-1536x864.jpg 1536w, https:\/\/cpv2024.ine.gob.bo\/wp-content\/uploads\/2025\/08\/Jatun-Ayllu-Yura-2.jpg 1920w\" sizes=\"auto, (max-width: 1024px) 100vw, 1024px\" \/><\/a><\/figure>\n<\/div>\n\n\n\n<div class=\"wp-block-group is-nowrap is-layout-flex wp-container-core-group-is-layout-6c531013 wp-block-group-is-layout-flex\">\n<figure class=\"wp-block-image size-large\"><a href=\"https:\/\/cpv2024.ine.gob.bo\/wp-content\/uploads\/2025\/08\/Machacamarca1.jpg\"><img loading=\"lazy\" decoding=\"async\" width=\"1024\" height=\"576\" src=\"https:\/\/cpv2024.ine.gob.bo\/wp-content\/uploads\/2025\/08\/Machacamarca1-1024x576.jpg\" alt=\"\" class=\"wp-image-24531\" srcset=\"https:\/\/cpv2024.ine.gob.bo\/wp-content\/uploads\/2025\/08\/Machacamarca1-1024x576.jpg 1024w, https:\/\/cpv2024.ine.gob.bo\/wp-content\/uploads\/2025\/08\/Machacamarca1-300x169.jpg 300w, https:\/\/cpv2024.ine.gob.bo\/wp-content\/uploads\/2025\/08\/Machacamarca1-768x432.jpg 768w, https:\/\/cpv2024.ine.gob.bo\/wp-content\/uploads\/2025\/08\/Machacamarca1-1536x864.jpg 1536w, https:\/\/cpv2024.ine.gob.bo\/wp-content\/uploads\/2025\/08\/Machacamarca1.jpg 1920w\" sizes=\"auto, (max-width: 1024px) 100vw, 1024px\" \/><\/a><\/figure>\n\n\n\n<figure class=\"wp-block-image size-large\"><a href=\"https:\/\/cpv2024.ine.gob.bo\/wp-content\/uploads\/2025\/08\/Machacamarca.jpg\"><img loading=\"lazy\" decoding=\"async\" width=\"1024\" height=\"576\" src=\"https:\/\/cpv2024.ine.gob.bo\/wp-content\/uploads\/2025\/08\/Machacamarca-1024x576.jpg\" alt=\"\" class=\"wp-image-24528\" srcset=\"https:\/\/cpv2024.ine.gob.bo\/wp-content\/uploads\/2025\/08\/Machacamarca-1024x576.jpg 1024w, https:\/\/cpv2024.ine.gob.bo\/wp-content\/uploads\/2025\/08\/Machacamarca-300x169.jpg 300w, https:\/\/cpv2024.ine.gob.bo\/wp-content\/uploads\/2025\/08\/Machacamarca-768x432.jpg 768w, https:\/\/cpv2024.ine.gob.bo\/wp-content\/uploads\/2025\/08\/Machacamarca-1536x864.jpg 1536w, https:\/\/cpv2024.ine.gob.bo\/wp-content\/uploads\/2025\/08\/Machacamarca.jpg 1920w\" sizes=\"auto, (max-width: 1024px) 100vw, 1024px\" \/><\/a><\/figure>\n\n\n\n<figure class=\"wp-block-image size-large\"><a href=\"https:\/\/cpv2024.ine.gob.bo\/wp-content\/uploads\/2025\/08\/Machacamarca2.jpg\"><img loading=\"lazy\" decoding=\"async\" width=\"1024\" height=\"576\" src=\"https:\/\/cpv2024.ine.gob.bo\/wp-content\/uploads\/2025\/08\/Machacamarca2-1024x576.jpg\" alt=\"\" class=\"wp-image-24532\" srcset=\"https:\/\/cpv2024.ine.gob.bo\/wp-content\/uploads\/2025\/08\/Machacamarca2-1024x576.jpg 1024w, https:\/\/cpv2024.ine.gob.bo\/wp-content\/uploads\/2025\/08\/Machacamarca2-300x169.jpg 300w, https:\/\/cpv2024.ine.gob.bo\/wp-content\/uploads\/2025\/08\/Machacamarca2-768x432.jpg 768w, https:\/\/cpv2024.ine.gob.bo\/wp-content\/uploads\/2025\/08\/Machacamarca2-1536x864.jpg 1536w, https:\/\/cpv2024.ine.gob.bo\/wp-content\/uploads\/2025\/08\/Machacamarca2.jpg 1920w\" sizes=\"auto, (max-width: 1024px) 100vw, 1024px\" \/><\/a><\/figure>\n<\/div>\n\n\n\n<div class=\"wp-block-group is-nowrap is-layout-flex wp-container-core-group-is-layout-6c531013 wp-block-group-is-layout-flex\">\n<figure class=\"wp-block-image size-large\"><a href=\"https:\/\/cpv2024.ine.gob.bo\/wp-content\/uploads\/2025\/08\/Chuquisaca1.jpg\"><img loading=\"lazy\" decoding=\"async\" width=\"1024\" height=\"576\" src=\"https:\/\/cpv2024.ine.gob.bo\/wp-content\/uploads\/2025\/08\/Chuquisaca1-1024x576.jpg\" alt=\"\" class=\"wp-image-24534\" srcset=\"https:\/\/cpv2024.ine.gob.bo\/wp-content\/uploads\/2025\/08\/Chuquisaca1-1024x576.jpg 1024w, https:\/\/cpv2024.ine.gob.bo\/wp-content\/uploads\/2025\/08\/Chuquisaca1-300x169.jpg 300w, https:\/\/cpv2024.ine.gob.bo\/wp-content\/uploads\/2025\/08\/Chuquisaca1-768x432.jpg 768w, https:\/\/cpv2024.ine.gob.bo\/wp-content\/uploads\/2025\/08\/Chuquisaca1-1536x864.jpg 1536w, https:\/\/cpv2024.ine.gob.bo\/wp-content\/uploads\/2025\/08\/Chuquisaca1.jpg 1920w\" sizes=\"auto, (max-width: 1024px) 100vw, 1024px\" \/><\/a><\/figure>\n\n\n\n<figure class=\"wp-block-image size-large\"><a href=\"https:\/\/cpv2024.ine.gob.bo\/wp-content\/uploads\/2025\/08\/Chuquisaca.jpg\"><img loading=\"lazy\" decoding=\"async\" width=\"1024\" height=\"576\" src=\"https:\/\/cpv2024.ine.gob.bo\/wp-content\/uploads\/2025\/08\/Chuquisaca-1024x576.jpg\" alt=\"\" class=\"wp-image-24533\" srcset=\"https:\/\/cpv2024.ine.gob.bo\/wp-content\/uploads\/2025\/08\/Chuquisaca-1024x576.jpg 1024w, https:\/\/cpv2024.ine.gob.bo\/wp-content\/uploads\/2025\/08\/Chuquisaca-300x169.jpg 300w, https:\/\/cpv2024.ine.gob.bo\/wp-content\/uploads\/2025\/08\/Chuquisaca-768x432.jpg 768w, https:\/\/cpv2024.ine.gob.bo\/wp-content\/uploads\/2025\/08\/Chuquisaca-1536x864.jpg 1536w, https:\/\/cpv2024.ine.gob.bo\/wp-content\/uploads\/2025\/08\/Chuquisaca.jpg 1920w\" sizes=\"auto, (max-width: 1024px) 100vw, 1024px\" \/><\/a><\/figure>\n\n\n\n<figure class=\"wp-block-image size-large\"><a href=\"https:\/\/cpv2024.ine.gob.bo\/wp-content\/uploads\/2025\/08\/Chuquisaca2.jpg\"><img loading=\"lazy\" decoding=\"async\" width=\"1024\" height=\"576\" src=\"https:\/\/cpv2024.ine.gob.bo\/wp-content\/uploads\/2025\/08\/Chuquisaca2-1024x576.jpg\" alt=\"\" class=\"wp-image-24535\" srcset=\"https:\/\/cpv2024.ine.gob.bo\/wp-content\/uploads\/2025\/08\/Chuquisaca2-1024x576.jpg 1024w, https:\/\/cpv2024.ine.gob.bo\/wp-content\/uploads\/2025\/08\/Chuquisaca2-300x169.jpg 300w, https:\/\/cpv2024.ine.gob.bo\/wp-content\/uploads\/2025\/08\/Chuquisaca2-768x432.jpg 768w, https:\/\/cpv2024.ine.gob.bo\/wp-content\/uploads\/2025\/08\/Chuquisaca2-1536x864.jpg 1536w, https:\/\/cpv2024.ine.gob.bo\/wp-content\/uploads\/2025\/08\/Chuquisaca2.jpg 1920w\" sizes=\"auto, (max-width: 1024px) 100vw, 1024px\" \/><\/a><\/figure>\n<\/div>\n\n\n\n<div class=\"wp-block-group is-nowrap is-layout-flex wp-container-core-group-is-layout-6c531013 wp-block-group-is-layout-flex\">\n<figure class=\"wp-block-image size-large\"><a href=\"https:\/\/cpv2024.ine.gob.bo\/wp-content\/uploads\/2025\/08\/San-Ramon1.jpg\"><img loading=\"lazy\" decoding=\"async\" width=\"1024\" height=\"576\" src=\"https:\/\/cpv2024.ine.gob.bo\/wp-content\/uploads\/2025\/08\/San-Ramon1-1024x576.jpg\" alt=\"\" class=\"wp-image-24536\" srcset=\"https:\/\/cpv2024.ine.gob.bo\/wp-content\/uploads\/2025\/08\/San-Ramon1-1024x576.jpg 1024w, https:\/\/cpv2024.ine.gob.bo\/wp-content\/uploads\/2025\/08\/San-Ramon1-300x169.jpg 300w, https:\/\/cpv2024.ine.gob.bo\/wp-content\/uploads\/2025\/08\/San-Ramon1-768x432.jpg 768w, https:\/\/cpv2024.ine.gob.bo\/wp-content\/uploads\/2025\/08\/San-Ramon1-1536x864.jpg 1536w, https:\/\/cpv2024.ine.gob.bo\/wp-content\/uploads\/2025\/08\/San-Ramon1.jpg 1920w\" sizes=\"auto, (max-width: 1024px) 100vw, 1024px\" \/><\/a><\/figure>\n\n\n\n<figure class=\"wp-block-image size-large\"><a href=\"https:\/\/cpv2024.ine.gob.bo\/wp-content\/uploads\/2025\/08\/San-Ramon.jpg\"><img loading=\"lazy\" decoding=\"async\" width=\"1024\" height=\"576\" src=\"https:\/\/cpv2024.ine.gob.bo\/wp-content\/uploads\/2025\/08\/San-Ramon-1024x576.jpg\" alt=\"\" class=\"wp-image-24513\" srcset=\"https:\/\/cpv2024.ine.gob.bo\/wp-content\/uploads\/2025\/08\/San-Ramon-1024x576.jpg 1024w, https:\/\/cpv2024.ine.gob.bo\/wp-content\/uploads\/2025\/08\/San-Ramon-300x169.jpg 300w, https:\/\/cpv2024.ine.gob.bo\/wp-content\/uploads\/2025\/08\/San-Ramon-768x432.jpg 768w, https:\/\/cpv2024.ine.gob.bo\/wp-content\/uploads\/2025\/08\/San-Ramon-1536x864.jpg 1536w, https:\/\/cpv2024.ine.gob.bo\/wp-content\/uploads\/2025\/08\/San-Ramon.jpg 1920w\" sizes=\"auto, (max-width: 1024px) 100vw, 1024px\" \/><\/a><\/figure>\n\n\n\n<figure class=\"wp-block-image size-large\"><a href=\"https:\/\/cpv2024.ine.gob.bo\/wp-content\/uploads\/2025\/08\/San-Ramon2.jpg\"><img loading=\"lazy\" decoding=\"async\" width=\"1024\" height=\"576\" src=\"https:\/\/cpv2024.ine.gob.bo\/wp-content\/uploads\/2025\/08\/San-Ramon2-1024x576.jpg\" alt=\"\" class=\"wp-image-24537\" srcset=\"https:\/\/cpv2024.ine.gob.bo\/wp-content\/uploads\/2025\/08\/San-Ramon2-1024x576.jpg 1024w, https:\/\/cpv2024.ine.gob.bo\/wp-content\/uploads\/2025\/08\/San-Ramon2-300x169.jpg 300w, https:\/\/cpv2024.ine.gob.bo\/wp-content\/uploads\/2025\/08\/San-Ramon2-768x432.jpg 768w, https:\/\/cpv2024.ine.gob.bo\/wp-content\/uploads\/2025\/08\/San-Ramon2-1536x864.jpg 1536w, https:\/\/cpv2024.ine.gob.bo\/wp-content\/uploads\/2025\/08\/San-Ramon2.jpg 1920w\" sizes=\"auto, (max-width: 1024px) 100vw, 1024px\" \/><\/a><\/figure>\n<\/div>\n<\/div>\n","protected":false},"excerpt":{"rendered":"<p>Prueba Piloto La Prueba Piloto tuvo como objetivo someter a prueba de aplicaci\u00f3n los instrumentos (tem\u00e1ticos, operativos y t\u00e9cnicos), procesos y sistemas desarrollados por el INE con fines del Censo 2024, con personal voluntario en terreno. Se realiz\u00f3 del 24 al 27 de marzo de 2023 en cuatro municipios: Ayllu Jatun Yura de Potos\u00ed, Machacamarca [&hellip;]<\/p>\n","protected":false},"author":1,"featured_media":0,"parent":2,"menu_order":0,"comment_status":"closed","ping_status":"closed","template":"wp-custom-template-sticky-menu","meta":{"inline_featured_image":false,"_uag_custom_page_level_css":"","_joinchat":[],"footnotes":""},"class_list":["post-23978","page","type-page","status-publish","hentry"],"yoast_head":"<!-- This site is optimized with the Yoast SEO plugin v26.2 - https:\/\/yoast.com\/wordpress\/plugins\/seo\/ -->\n<title>Prueba Piloto - 2025 - Censo 2024<\/title>\n<meta name=\"robots\" content=\"index, follow, max-snippet:-1, max-image-preview:large, max-video-preview:-1\" \/>\n<link rel=\"canonical\" href=\"https:\/\/cpv2024.ine.gob.bo\/index.php\/principal\/prueba-piloto\/\" \/>\n<meta property=\"og:locale\" content=\"es_ES\" \/>\n<meta property=\"og:type\" content=\"article\" \/>\n<meta property=\"og:title\" content=\"Prueba Piloto - 2025 - Censo 2024\" \/>\n<meta property=\"og:description\" content=\"Prueba Piloto La Prueba Piloto tuvo como objetivo someter a prueba de aplicaci\u00f3n los instrumentos (tem\u00e1ticos, operativos y t\u00e9cnicos), procesos y sistemas desarrollados por el INE con fines del Censo 2024, con personal voluntario en terreno. Se realiz\u00f3 del 24 al 27 de marzo de 2023 en cuatro municipios: Ayllu Jatun Yura de Potos\u00ed, Machacamarca [&hellip;]\" \/>\n<meta property=\"og:url\" content=\"https:\/\/cpv2024.ine.gob.bo\/index.php\/principal\/prueba-piloto\/\" \/>\n<meta property=\"og:site_name\" content=\"Censo 2024\" \/>\n<meta property=\"article:publisher\" content=\"https:\/\/www.facebook.com\/ineboliviaoficial\/?locale=es_LA\" \/>\n<meta property=\"article:modified_time\" content=\"2025-08-22T21:17:57+00:00\" \/>\n<meta property=\"og:image\" content=\"https:\/\/cpv2024.ine.gob.bo\/wp-content\/uploads\/2025\/08\/Jatun-Ayllu-Yura-1.jpg\" \/>\n\t<meta property=\"og:image:width\" content=\"1920\" \/>\n\t<meta property=\"og:image:height\" content=\"1080\" \/>\n\t<meta property=\"og:image:type\" content=\"image\/jpeg\" \/>\n<meta name=\"twitter:card\" content=\"summary_large_image\" \/>\n<meta name=\"twitter:site\" content=\"@ine_bolivia\" \/>\n<meta name=\"twitter:label1\" content=\"Tiempo de lectura\" \/>\n\t<meta name=\"twitter:data1\" content=\"1 minuto\" \/>\n<script type=\"application\/ld+json\" class=\"yoast-schema-graph\">{\"@context\":\"https:\/\/schema.org\",\"@graph\":[{\"@type\":\"WebPage\",\"@id\":\"https:\/\/cpv2024.ine.gob.bo\/index.php\/principal\/prueba-piloto\/\",\"url\":\"https:\/\/cpv2024.ine.gob.bo\/index.php\/principal\/prueba-piloto\/\",\"name\":\"Prueba Piloto - 2025 - Censo 2024\",\"isPartOf\":{\"@id\":\"https:\/\/cpv2024.ine.gob.bo\/#website\"},\"primaryImageOfPage\":{\"@id\":\"https:\/\/cpv2024.ine.gob.bo\/index.php\/principal\/prueba-piloto\/#primaryimage\"},\"image\":{\"@id\":\"https:\/\/cpv2024.ine.gob.bo\/index.php\/principal\/prueba-piloto\/#primaryimage\"},\"thumbnailUrl\":\"https:\/\/cpv2024.ine.gob.bo\/wp-content\/uploads\/2025\/08\/Jatun-Ayllu-Yura-1-1024x576.jpg\",\"datePublished\":\"2025-07-31T13:13:02+00:00\",\"dateModified\":\"2025-08-22T21:17:57+00:00\",\"breadcrumb\":{\"@id\":\"https:\/\/cpv2024.ine.gob.bo\/index.php\/principal\/prueba-piloto\/#breadcrumb\"},\"inLanguage\":\"es\",\"potentialAction\":[{\"@type\":\"ReadAction\",\"target\":[\"https:\/\/cpv2024.ine.gob.bo\/index.php\/principal\/prueba-piloto\/\"]}]},{\"@type\":\"ImageObject\",\"inLanguage\":\"es\",\"@id\":\"https:\/\/cpv2024.ine.gob.bo\/index.php\/principal\/prueba-piloto\/#primaryimage\",\"url\":\"https:\/\/cpv2024.ine.gob.bo\/wp-content\/uploads\/2025\/08\/Jatun-Ayllu-Yura-1.jpg\",\"contentUrl\":\"https:\/\/cpv2024.ine.gob.bo\/wp-content\/uploads\/2025\/08\/Jatun-Ayllu-Yura-1.jpg\",\"width\":1920,\"height\":1080},{\"@type\":\"BreadcrumbList\",\"@id\":\"https:\/\/cpv2024.ine.gob.bo\/index.php\/principal\/prueba-piloto\/#breadcrumb\",\"itemListElement\":[{\"@type\":\"ListItem\",\"position\":1,\"name\":\"Portada\",\"item\":\"https:\/\/cpv2024.ine.gob.bo\/\"},{\"@type\":\"ListItem\",\"position\":2,\"name\":\"PRINCIPAL\",\"item\":\"https:\/\/cpv2024.ine.gob.bo\/\"},{\"@type\":\"ListItem\",\"position\":3,\"name\":\"Prueba Piloto &#8211; 2025\"}]},{\"@type\":\"WebSite\",\"@id\":\"https:\/\/cpv2024.ine.gob.bo\/#website\",\"url\":\"https:\/\/cpv2024.ine.gob.bo\/\",\"name\":\"Censo 2024\",\"description\":\"Pagina oficial del censo de poblaci\u00f3n Bolivia 2024\",\"publisher\":{\"@id\":\"https:\/\/cpv2024.ine.gob.bo\/#organization\"},\"alternateName\":\"https:\/\/cpv2024.ine.gob.bo\/\",\"potentialAction\":[{\"@type\":\"SearchAction\",\"target\":{\"@type\":\"EntryPoint\",\"urlTemplate\":\"https:\/\/cpv2024.ine.gob.bo\/?s={search_term_string}\"},\"query-input\":{\"@type\":\"PropertyValueSpecification\",\"valueRequired\":true,\"valueName\":\"search_term_string\"}}],\"inLanguage\":\"es\"},{\"@type\":\"Organization\",\"@id\":\"https:\/\/cpv2024.ine.gob.bo\/#organization\",\"name\":\"Censo 2024\",\"url\":\"https:\/\/cpv2024.ine.gob.bo\/\",\"logo\":{\"@type\":\"ImageObject\",\"inLanguage\":\"es\",\"@id\":\"https:\/\/cpv2024.ine.gob.bo\/#\/schema\/logo\/image\/\",\"url\":\"https:\/\/cpv2024.ine.gob.bo\/wp-content\/uploads\/2025\/04\/logo-censo_INE-512-px.png\",\"contentUrl\":\"https:\/\/cpv2024.ine.gob.bo\/wp-content\/uploads\/2025\/04\/logo-censo_INE-512-px.png\",\"width\":512,\"height\":264,\"caption\":\"Censo 2024\"},\"image\":{\"@id\":\"https:\/\/cpv2024.ine.gob.bo\/#\/schema\/logo\/image\/\"},\"sameAs\":[\"https:\/\/www.facebook.com\/ineboliviaoficial\/?locale=es_LA\",\"https:\/\/x.com\/ine_bolivia\"]}]}<\/script>\n<!-- \/ Yoast SEO plugin. -->","yoast_head_json":{"title":"Prueba Piloto - 2025 - Censo 2024","robots":{"index":"index","follow":"follow","max-snippet":"max-snippet:-1","max-image-preview":"max-image-preview:large","max-video-preview":"max-video-preview:-1"},"canonical":"https:\/\/cpv2024.ine.gob.bo\/index.php\/principal\/prueba-piloto\/","og_locale":"es_ES","og_type":"article","og_title":"Prueba Piloto - 2025 - Censo 2024","og_description":"Prueba Piloto La Prueba Piloto tuvo como objetivo someter a prueba de aplicaci\u00f3n los instrumentos (tem\u00e1ticos, operativos y t\u00e9cnicos), procesos y sistemas desarrollados por el INE con fines del Censo 2024, con personal voluntario en terreno. Se realiz\u00f3 del 24 al 27 de marzo de 2023 en cuatro municipios: Ayllu Jatun Yura de Potos\u00ed, Machacamarca [&hellip;]","og_url":"https:\/\/cpv2024.ine.gob.bo\/index.php\/principal\/prueba-piloto\/","og_site_name":"Censo 2024","article_publisher":"https:\/\/www.facebook.com\/ineboliviaoficial\/?locale=es_LA","article_modified_time":"2025-08-22T21:17:57+00:00","og_image":[{"width":1920,"height":1080,"url":"https:\/\/cpv2024.ine.gob.bo\/wp-content\/uploads\/2025\/08\/Jatun-Ayllu-Yura-1.jpg","type":"image\/jpeg"}],"twitter_card":"summary_large_image","twitter_site":"@ine_bolivia","twitter_misc":{"Tiempo de lectura":"1 minuto"},"schema":{"@context":"https:\/\/schema.org","@graph":[{"@type":"WebPage","@id":"https:\/\/cpv2024.ine.gob.bo\/index.php\/principal\/prueba-piloto\/","url":"https:\/\/cpv2024.ine.gob.bo\/index.php\/principal\/prueba-piloto\/","name":"Prueba Piloto - 2025 - Censo 2024","isPartOf":{"@id":"https:\/\/cpv2024.ine.gob.bo\/#website"},"primaryImageOfPage":{"@id":"https:\/\/cpv2024.ine.gob.bo\/index.php\/principal\/prueba-piloto\/#primaryimage"},"image":{"@id":"https:\/\/cpv2024.ine.gob.bo\/index.php\/principal\/prueba-piloto\/#primaryimage"},"thumbnailUrl":"https:\/\/cpv2024.ine.gob.bo\/wp-content\/uploads\/2025\/08\/Jatun-Ayllu-Yura-1-1024x576.jpg","datePublished":"2025-07-31T13:13:02+00:00","dateModified":"2025-08-22T21:17:57+00:00","breadcrumb":{"@id":"https:\/\/cpv2024.ine.gob.bo\/index.php\/principal\/prueba-piloto\/#breadcrumb"},"inLanguage":"es","potentialAction":[{"@type":"ReadAction","target":["https:\/\/cpv2024.ine.gob.bo\/index.php\/principal\/prueba-piloto\/"]}]},{"@type":"ImageObject","inLanguage":"es","@id":"https:\/\/cpv2024.ine.gob.bo\/index.php\/principal\/prueba-piloto\/#primaryimage","url":"https:\/\/cpv2024.ine.gob.bo\/wp-content\/uploads\/2025\/08\/Jatun-Ayllu-Yura-1.jpg","contentUrl":"https:\/\/cpv2024.ine.gob.bo\/wp-content\/uploads\/2025\/08\/Jatun-Ayllu-Yura-1.jpg","width":1920,"height":1080},{"@type":"BreadcrumbList","@id":"https:\/\/cpv2024.ine.gob.bo\/index.php\/principal\/prueba-piloto\/#breadcrumb","itemListElement":[{"@type":"ListItem","position":1,"name":"Portada","item":"https:\/\/cpv2024.ine.gob.bo\/"},{"@type":"ListItem","position":2,"name":"PRINCIPAL","item":"https:\/\/cpv2024.ine.gob.bo\/"},{"@type":"ListItem","position":3,"name":"Prueba Piloto &#8211; 2025"}]},{"@type":"WebSite","@id":"https:\/\/cpv2024.ine.gob.bo\/#website","url":"https:\/\/cpv2024.ine.gob.bo\/","name":"Censo 2024","description":"Pagina oficial del censo de poblaci\u00f3n Bolivia 2024","publisher":{"@id":"https:\/\/cpv2024.ine.gob.bo\/#organization"},"alternateName":"https:\/\/cpv2024.ine.gob.bo\/","potentialAction":[{"@type":"SearchAction","target":{"@type":"EntryPoint","urlTemplate":"https:\/\/cpv2024.ine.gob.bo\/?s={search_term_string}"},"query-input":{"@type":"PropertyValueSpecification","valueRequired":true,"valueName":"search_term_string"}}],"inLanguage":"es"},{"@type":"Organization","@id":"https:\/\/cpv2024.ine.gob.bo\/#organization","name":"Censo 2024","url":"https:\/\/cpv2024.ine.gob.bo\/","logo":{"@type":"ImageObject","inLanguage":"es","@id":"https:\/\/cpv2024.ine.gob.bo\/#\/schema\/logo\/image\/","url":"https:\/\/cpv2024.ine.gob.bo\/wp-content\/uploads\/2025\/04\/logo-censo_INE-512-px.png","contentUrl":"https:\/\/cpv2024.ine.gob.bo\/wp-content\/uploads\/2025\/04\/logo-censo_INE-512-px.png","width":512,"height":264,"caption":"Censo 2024"},"image":{"@id":"https:\/\/cpv2024.ine.gob.bo\/#\/schema\/logo\/image\/"},"sameAs":["https:\/\/www.facebook.com\/ineboliviaoficial\/?locale=es_LA","https:\/\/x.com\/ine_bolivia"]}]}},"uagb_featured_image_src":{"full":false,"thumbnail":false,"medium":false,"medium_large":false,"large":false,"1536x1536":false,"2048x2048":false,"gg_gallery_thumbnail":false},"uagb_author_info":{"display_name":"sergio","author_link":"https:\/\/cpv2024.ine.gob.bo\/index.php\/author\/sergio\/"},"uagb_comment_info":0,"uagb_excerpt":"Prueba Piloto La Prueba Piloto tuvo como objetivo someter a prueba de aplicaci\u00f3n los instrumentos (tem\u00e1ticos, operativos y t\u00e9cnicos), procesos y sistemas desarrollados por el INE con fines del Censo 2024, con personal voluntario en terreno. Se realiz\u00f3 del 24 al 27 de marzo de 2023 en cuatro municipios: Ayllu Jatun Yura de Potos\u00ed, Machacamarca&hellip;","_links":{"self":[{"href":"https:\/\/cpv2024.ine.gob.bo\/index.php\/wp-json\/wp\/v2\/pages\/23978","targetHints":{"allow":["GET"]}}],"collection":[{"href":"https:\/\/cpv2024.ine.gob.bo\/index.php\/wp-json\/wp\/v2\/pages"}],"about":[{"href":"https:\/\/cpv2024.ine.gob.bo\/index.php\/wp-json\/wp\/v2\/types\/page"}],"author":[{"embeddable":true,"href":"https:\/\/cpv2024.ine.gob.bo\/index.php\/wp-json\/wp\/v2\/users\/1"}],"replies":[{"embeddable":true,"href":"https:\/\/cpv2024.ine.gob.bo\/index.php\/wp-json\/wp\/v2\/comments?post=23978"}],"version-history":[{"count":9,"href":"https:\/\/cpv2024.ine.gob.bo\/index.php\/wp-json\/wp\/v2\/pages\/23978\/revisions"}],"predecessor-version":[{"id":25776,"href":"https:\/\/cpv2024.ine.gob.bo\/index.php\/wp-json\/wp\/v2\/pages\/23978\/revisions\/25776"}],"up":[{"embeddable":true,"href":"https:\/\/cpv2024.ine.gob.bo\/index.php\/wp-json\/wp\/v2\/pages\/2"}],"wp:attachment":[{"href":"https:\/\/cpv2024.ine.gob.bo\/index.php\/wp-json\/wp\/v2\/media?parent=23978"}],"curies":[{"name":"wp","href":"https:\/\/api.w.org\/{rel}","templated":true}]}}