{"id":23983,"date":"2025-07-31T13:16:29","date_gmt":"2025-07-31T13:16:29","guid":{"rendered":"https:\/\/cpv2024.ine.gob.bo\/?page_id=23983"},"modified":"2025-08-22T21:09:43","modified_gmt":"2025-08-22T21:09:43","slug":"censo-experimental","status":"publish","type":"page","link":"https:\/\/cpv2024.ine.gob.bo\/index.php\/principal\/censo-experimental\/","title":{"rendered":"Censo Experimental &#8211; 2025"},"content":{"rendered":"\n<div class=\"wp-block-group has-global-padding is-layout-constrained wp-container-core-group-is-layout-0b40682b wp-block-group-is-layout-constrained\">\n<p class=\"has-large-font-size\"><strong>Censo Experimental<\/strong><\/p>\n\n\n\n<p>El Censo Experimental tuvo como objetivo aplicar y probar de manera integral todos los procesos, procedimientos, instrumentos, sistemas, y la organizaci\u00f3n del censo, para contar con experiencia previa que facilite y dimensione las necesidades de ejecuci\u00f3n de los procesos para la realizaci\u00f3n del censo.<\/p>\n\n\n\n<p>Capinota, del departamento de Cochabamba, fue el municipio elegido para realizar el Censo Experimental del 29 al 31 de julio de 2023, un operativo que cont\u00f3 con la participaci\u00f3n activa y masiva de la poblaci\u00f3n, que puso a prueba todos los instrumentos y metodolog\u00edas que se utilizar\u00edan en el operativo del Censo 2024.<\/p>\n\n\n\n<h1 class=\"wp-block-heading has-large-font-size\"><a><strong>Ficha t\u00e9cnica<\/strong><\/a><strong><\/strong><\/h1>\n\n\n\n<figure class=\"wp-block-table\"><table class=\"has-fixed-layout\"><thead><tr><td><strong>Operaci\u00f3n estad\u00edstica<\/strong><\/td><td><strong>Censo Experimental para el Censo de Poblaci\u00f3n y Vivienda 2024<\/strong><\/td><\/tr><\/thead><tbody><tr><td>Unidad de observaci\u00f3n<\/td><td>Predio, edificaci\u00f3n destinada a viviendas particulares o colectivas, habitantes que pernoctaron esas edificaciones<\/td><\/tr><tr><td>Periodo de recolecci\u00f3n de datos<\/td><td>29 al 31 de julio de 2023 Un d\u00eda en lugares amanzanados y hasta tres d\u00edas en lugares con viviendas dispersas)<\/td><\/tr><tr><td>Tipo de entrevista<\/td><td>Entrevista directa cara a cara con habitantes de esas viviendas<\/td><\/tr><tr><td>Instrumentos<\/td><td>Cuestionario censal.<br>Manual del censista.<br>Manual del supervisor de sector.<br>Manual del Instructor de agentes censales.<br>Manual de Jefes Jurisdiccionales.<br>Videos para la capacitaci\u00f3n.<br>Gu\u00eda de codificaci\u00f3n.<br>Mapas de: Unidad Territorial Censal (UTC), \u00c1rea Censal, Zona Censal, Sector y Segmento (para el Operativo y para el Reconocimiento).<br>Formularios de control censista, asignaci\u00f3n de segmentos, entre otros. <br>Canales de comunicaci\u00f3n (cu\u00f1as, spots, material impreso, promocional, material audiovisual y para RRSS).<\/td><\/tr><tr><td>Carga por censista prevista<\/td><td>Segmento con 10 a 14 viviendas en \u00e1rea amanzanada Segmento con 25 a 30 viviendas en \u00e1rea dispersa<\/td><\/tr><tr><td>Lugares<\/td><td>Municipio de Capinota, Departamento de Cochabamba (\u00e1rea dispersa y 20 centros poblados)<\/td><\/tr><tr><td>Sistemas<\/td><td>Sistema de reclutamiento de agentes censales Sistema de log\u00edstica y seguimiento de material censal Sistema de transcripci\u00f3n de boletas censales Sistema de control vehicular Cartograf\u00eda y segmentaci\u00f3n asistida Segmentaci\u00f3n autom\u00e1tica (con una efectividad del 40%) y de los remanentes se realiza con segmentaci\u00f3n asistida<\/td><\/tr><\/tbody><\/table><\/figure>\n\n\n\t\t\t\t\t<div\n\t\t\t\t\t\tclass=\"wp-block-uagb-image-gallery uagb-block-191e78d3     \"\n\t\t\t\t\t\tstyle=\"\"\n\t\t\t\t\t>\n\t\t\t\t\t\t\t\t\t\t\t<div class=\"spectra-image-gallery spectra-image-gallery__layout--grid spectra-image-gallery__layout--grid-col-4 spectra-image-gallery__layout--grid-col-tab-3 spectra-image-gallery__layout--grid-col-mob-2\">\n\t\t\t\t\t\t\t\t\t\t\t<div class='spectra-image-gallery__media-wrapper' data-spectra-gallery-image-id='23756' tabindex=\"0\">\n\t\t\t\t\t\t\t<div class=\"spectra-image-gallery__media spectra-image-gallery__media--grid\">\n\t\t\t\t<picture>\n\t\t\t\t\t<source media=\"(min-width: 1024px)\" srcset=\"https:\/\/cpv2024.ine.gob.bo\/wp-content\/uploads\/2025\/07\/DJI_0044-1024x576.jpg\">\n\t\t\t\t\t<source media=\"(min-width: 768px)\" srcset=\"https:\/\/cpv2024.ine.gob.bo\/wp-content\/uploads\/2025\/07\/DJI_0044-1024x576.jpg\">\n\t\t\t\t\t<img decoding=\"async\" class=\"spectra-image-gallery__media-thumbnail spectra-image-gallery__media-thumbnail--grid\" src=\"https:\/\/cpv2024.ine.gob.bo\/wp-content\/uploads\/2025\/07\/DJI_0044-300x169.jpg\" alt=\"\" loading=\"lazy\" \/>\n\t\t\t\t<\/picture>\n\t\t\t\t<div class=\"spectra-image-gallery__media-thumbnail-blurrer\"><\/div>\n\t\t\t\t\t\t\t\t\t\t\t<div class=\"spectra-image-gallery__media-thumbnail-caption-wrapper spectra-image-gallery__media-thumbnail-caption-wrapper--overlay\">\n\t\t\t\t\t\t\t\t\t\t\t<div class=\"spectra-image-gallery__media-thumbnail-caption spectra-image-gallery__media-thumbnail-caption--overlay\">\n\t\t\t\t\tCenso Experimental \t\t\t\t<\/div>\n\t\t\t\t\t\t\t\t\t\t<\/div>\n\t\t\t\t\t\t\t\t\t<\/div>\n\t\t\t\t\t\t<\/div>\n\t\t\t\t\t\t<div class='spectra-image-gallery__media-wrapper' data-spectra-gallery-image-id='23757' tabindex=\"0\">\n\t\t\t\t\t\t\t<div class=\"spectra-image-gallery__media spectra-image-gallery__media--grid\">\n\t\t\t\t<picture>\n\t\t\t\t\t<source media=\"(min-width: 1024px)\" srcset=\"https:\/\/cpv2024.ine.gob.bo\/wp-content\/uploads\/2025\/07\/20230729_085354-1024x462.jpg\">\n\t\t\t\t\t<source media=\"(min-width: 768px)\" srcset=\"https:\/\/cpv2024.ine.gob.bo\/wp-content\/uploads\/2025\/07\/20230729_085354-1024x462.jpg\">\n\t\t\t\t\t<img decoding=\"async\" class=\"spectra-image-gallery__media-thumbnail spectra-image-gallery__media-thumbnail--grid\" src=\"https:\/\/cpv2024.ine.gob.bo\/wp-content\/uploads\/2025\/07\/20230729_085354-300x135.jpg\" alt=\"\" loading=\"lazy\" \/>\n\t\t\t\t<\/picture>\n\t\t\t\t<div class=\"spectra-image-gallery__media-thumbnail-blurrer\"><\/div>\n\t\t\t\t\t\t\t\t\t\t\t<div class=\"spectra-image-gallery__media-thumbnail-caption-wrapper spectra-image-gallery__media-thumbnail-caption-wrapper--overlay\">\n\t\t\t\t\t\t\t\t\t\t\t<div class=\"spectra-image-gallery__media-thumbnail-caption spectra-image-gallery__media-thumbnail-caption--overlay\">\n\t\t\t\t\tCenso Experimental \t\t\t\t<\/div>\n\t\t\t\t\t\t\t\t\t\t<\/div>\n\t\t\t\t\t\t\t\t\t<\/div>\n\t\t\t\t\t\t<\/div>\n\t\t\t\t\t\t<div class='spectra-image-gallery__media-wrapper' data-spectra-gallery-image-id='23758' tabindex=\"0\">\n\t\t\t\t\t\t\t<div class=\"spectra-image-gallery__media spectra-image-gallery__media--grid\">\n\t\t\t\t<picture>\n\t\t\t\t\t<source media=\"(min-width: 1024px)\" srcset=\"https:\/\/cpv2024.ine.gob.bo\/wp-content\/uploads\/2025\/07\/DSC0042-1024x681.jpg\">\n\t\t\t\t\t<source media=\"(min-width: 768px)\" srcset=\"https:\/\/cpv2024.ine.gob.bo\/wp-content\/uploads\/2025\/07\/DSC0042-1024x681.jpg\">\n\t\t\t\t\t<img decoding=\"async\" class=\"spectra-image-gallery__media-thumbnail spectra-image-gallery__media-thumbnail--grid\" src=\"https:\/\/cpv2024.ine.gob.bo\/wp-content\/uploads\/2025\/07\/DSC0042-300x199.jpg\" alt=\"\" loading=\"lazy\" \/>\n\t\t\t\t<\/picture>\n\t\t\t\t<div class=\"spectra-image-gallery__media-thumbnail-blurrer\"><\/div>\n\t\t\t\t\t\t\t\t\t\t\t<div class=\"spectra-image-gallery__media-thumbnail-caption-wrapper spectra-image-gallery__media-thumbnail-caption-wrapper--overlay\">\n\t\t\t\t\t\t\t\t\t\t\t<div class=\"spectra-image-gallery__media-thumbnail-caption spectra-image-gallery__media-thumbnail-caption--overlay\">\n\t\t\t\t\tCenso Experimental \t\t\t\t<\/div>\n\t\t\t\t\t\t\t\t\t\t<\/div>\n\t\t\t\t\t\t\t\t\t<\/div>\n\t\t\t\t\t\t<\/div>\n\t\t\t\t\t\t<div class='spectra-image-gallery__media-wrapper' data-spectra-gallery-image-id='23759' tabindex=\"0\">\n\t\t\t\t\t\t\t<div class=\"spectra-image-gallery__media spectra-image-gallery__media--grid\">\n\t\t\t\t<picture>\n\t\t\t\t\t<source media=\"(min-width: 1024px)\" srcset=\"https:\/\/cpv2024.ine.gob.bo\/wp-content\/uploads\/2025\/07\/Image-2023-07-29-at-2.24.03-PM.jpeg-1024x683.jpg\">\n\t\t\t\t\t<source media=\"(min-width: 768px)\" srcset=\"https:\/\/cpv2024.ine.gob.bo\/wp-content\/uploads\/2025\/07\/Image-2023-07-29-at-2.24.03-PM.jpeg-1024x683.jpg\">\n\t\t\t\t\t<img decoding=\"async\" class=\"spectra-image-gallery__media-thumbnail spectra-image-gallery__media-thumbnail--grid\" src=\"https:\/\/cpv2024.ine.gob.bo\/wp-content\/uploads\/2025\/07\/Image-2023-07-29-at-2.24.03-PM.jpeg-300x200.jpg\" alt=\"\" loading=\"lazy\" \/>\n\t\t\t\t<\/picture>\n\t\t\t\t<div class=\"spectra-image-gallery__media-thumbnail-blurrer\"><\/div>\n\t\t\t\t\t\t\t\t\t\t\t<div class=\"spectra-image-gallery__media-thumbnail-caption-wrapper spectra-image-gallery__media-thumbnail-caption-wrapper--overlay\">\n\t\t\t\t\t\t\t\t\t\t\t<div class=\"spectra-image-gallery__media-thumbnail-caption spectra-image-gallery__media-thumbnail-caption--overlay\">\n\t\t\t\t\tCenso Experimental \t\t\t\t<\/div>\n\t\t\t\t\t\t\t\t\t\t<\/div>\n\t\t\t\t\t\t\t\t\t<\/div>\n\t\t\t\t\t\t<\/div>\n\t\t\t\t\t\t\t\t\t\t<\/div>\n\t\t\t\t\t\t\t\t\t\t\t\t\t\t\t\t\t\t<\/div>\n\t\t\t\t\t\t\t\t\t\t\t<div class='spectra-image-gallery__control-lightbox' tabindex='0'>\n\t\t\t\t\t\t\t\t\t\t\t<div class=\"swiper spectra-image-gallery__control-lightbox--main\" dir=\"\">\n\t\t\t\t\t<div class=\"swiper-wrapper\">\n\t\t\t\t\t\t\t\t\t\t\t\t\t\n\t\t\t\t\t\t\t<div class=\"swiper-slide\">\n\t\t\t\t\t\t\t\t<img class=\"swiper-lazy\" data-src=\"https:\/\/cpv2024.ine.gob.bo\/wp-content\/uploads\/2025\/07\/DJI_0044-scaled.jpg\" alt=\"\"\/>\n\t\t\t\t\t\t\t\t<div class=\"swiper-lazy-preloader swiper-lazy-preloader-white\"><\/div>\n\t\t\t\t\t\t\t\t\t\t\t\t\t\t\t<\/div>\n\t\t\t\t\t\t\t\t\t\t\t\t\t\n\t\t\t\t\t\t\t<div class=\"swiper-slide\">\n\t\t\t\t\t\t\t\t<img class=\"swiper-lazy\" data-src=\"https:\/\/cpv2024.ine.gob.bo\/wp-content\/uploads\/2025\/07\/20230729_085354-scaled.jpg\" alt=\"\"\/>\n\t\t\t\t\t\t\t\t<div class=\"swiper-lazy-preloader swiper-lazy-preloader-white\"><\/div>\n\t\t\t\t\t\t\t\t\t\t\t\t\t\t\t<\/div>\n\t\t\t\t\t\t\t\t\t\t\t\t\t\n\t\t\t\t\t\t\t<div class=\"swiper-slide\">\n\t\t\t\t\t\t\t\t<img class=\"swiper-lazy\" data-src=\"https:\/\/cpv2024.ine.gob.bo\/wp-content\/uploads\/2025\/07\/DSC0042-scaled.jpg\" alt=\"\"\/>\n\t\t\t\t\t\t\t\t<div class=\"swiper-lazy-preloader swiper-lazy-preloader-white\"><\/div>\n\t\t\t\t\t\t\t\t\t\t\t\t\t\t\t<\/div>\n\t\t\t\t\t\t\t\t\t\t\t\t\t\n\t\t\t\t\t\t\t<div class=\"swiper-slide\">\n\t\t\t\t\t\t\t\t<img class=\"swiper-lazy\" data-src=\"https:\/\/cpv2024.ine.gob.bo\/wp-content\/uploads\/2025\/07\/Image-2023-07-29-at-2.24.03-PM.jpeg.jpg\" alt=\"\"\/>\n\t\t\t\t\t\t\t\t<div class=\"swiper-lazy-preloader swiper-lazy-preloader-white\"><\/div>\n\t\t\t\t\t\t\t\t\t\t\t\t\t\t\t<\/div>\n\t\t\t\t\t\t\t\t\t\t\t<\/div>\n\t\t\t\t\t<div class=\"swiper-button-next\"><\/div>\n\t\t\t\t\t<div class=\"swiper-button-prev\"><\/div>\n\t\t\t\t<\/div>\t\t\t\n\t\t\t\t\t\t\t\t\t\t\t\t\t\t<div class=\"spectra-image-gallery__control-lightbox--thumbnails-wrapper\">\n\t\t\t\t\t<div class=\"swiper spectra-image-gallery__control-lightbox--thumbnails\">\n\t\t\t\t\t\t<div class=\"swiper-wrapper\">\n\t\t\t\t\t\t\t\t\t\t\t\t\t\t\t<div class=\"swiper-slide\">\n\t\t\t\t\t\t\t\t\t<img decoding=\"async\" src=\"https:\/\/cpv2024.ine.gob.bo\/wp-content\/uploads\/2025\/07\/DJI_0044-150x150.jpg\" tabindex=\"0\" alt=\"\"\/>\n\t\t\t\t\t\t\t\t<\/div>\n\t\t\t\t\t\t\t\t\t\t\t\t\t\t\t<div class=\"swiper-slide\">\n\t\t\t\t\t\t\t\t\t<img decoding=\"async\" src=\"https:\/\/cpv2024.ine.gob.bo\/wp-content\/uploads\/2025\/07\/20230729_085354-150x150.jpg\" tabindex=\"0\" alt=\"\"\/>\n\t\t\t\t\t\t\t\t<\/div>\n\t\t\t\t\t\t\t\t\t\t\t\t\t\t\t<div class=\"swiper-slide\">\n\t\t\t\t\t\t\t\t\t<img decoding=\"async\" src=\"https:\/\/cpv2024.ine.gob.bo\/wp-content\/uploads\/2025\/07\/DSC0042-150x150.jpg\" tabindex=\"0\" alt=\"\"\/>\n\t\t\t\t\t\t\t\t<\/div>\n\t\t\t\t\t\t\t\t\t\t\t\t\t\t\t<div class=\"swiper-slide\">\n\t\t\t\t\t\t\t\t\t<img decoding=\"async\" src=\"https:\/\/cpv2024.ine.gob.bo\/wp-content\/uploads\/2025\/07\/Image-2023-07-29-at-2.24.03-PM.jpeg-150x150.jpg\" tabindex=\"0\" alt=\"\"\/>\n\t\t\t\t\t\t\t\t<\/div>\n\t\t\t\t\t\t\t\t\t\t\t\t\t<\/div>\n\t\t\t\t\t<\/div>\n\t\t\t\t<\/div>\n\t\t\t\t\t\t\t\t\t\t\t\t\t\t\t\t\t\t\t\t\t\t\t\t\t<button class='spectra-image-gallery__control-lightbox--close' aria-label=\"Close\">\n\t\t\t\t\t\t\t\t\t\t\t\t\t<svg xmlns=\"https:\/\/www.w3.org\/2000\/svg\" viewBox= \"0 0 320 512\"><path d=\"M310.6 361.4c12.5 12.5 12.5 32.75 0 45.25C304.4 412.9 296.2 416 288 416s-16.38-3.125-22.62-9.375L160 301.3L54.63 406.6C48.38 412.9 40.19 416 32 416S15.63 412.9 9.375 406.6c-12.5-12.5-12.5-32.75 0-45.25l105.4-105.4L9.375 150.6c-12.5-12.5-12.5-32.75 0-45.25s32.75-12.5 45.25 0L160 210.8l105.4-105.4c12.5-12.5 32.75-12.5 45.25 0s12.5 32.75 0 45.25l-105.4 105.4L310.6 361.4z\"><\/path><\/svg>\n\t\t\t\t\t\t\t\t\t\t\t\t<\/button>\n\t\t\t\t\t\t\t\t\t\t\t\t\t<\/div>\n\t\t\t\t\t\t\t\t\t<\/div>\n","protected":false},"excerpt":{"rendered":"<p>Censo Experimental El Censo Experimental tuvo como objetivo aplicar y probar de manera integral todos los procesos, procedimientos, instrumentos, sistemas, y la organizaci\u00f3n del censo, para contar con experiencia previa que facilite y dimensione las necesidades de ejecuci\u00f3n de los procesos para la realizaci\u00f3n del censo. Capinota, del departamento de Cochabamba, fue el municipio elegido [&hellip;]<\/p>\n","protected":false},"author":1,"featured_media":0,"parent":2,"menu_order":0,"comment_status":"closed","ping_status":"closed","template":"wp-custom-template-sticky-menu","meta":{"inline_featured_image":false,"_uag_custom_page_level_css":"","_joinchat":[],"footnotes":""},"class_list":["post-23983","page","type-page","status-publish","hentry"],"yoast_head":"<!-- This site is optimized with the Yoast SEO plugin v26.2 - https:\/\/yoast.com\/wordpress\/plugins\/seo\/ -->\n<title>Censo Experimental - 2025 - Censo 2024<\/title>\n<meta name=\"robots\" content=\"index, follow, max-snippet:-1, max-image-preview:large, max-video-preview:-1\" \/>\n<link rel=\"canonical\" href=\"https:\/\/cpv2024.ine.gob.bo\/index.php\/principal\/censo-experimental\/\" \/>\n<meta property=\"og:locale\" content=\"es_ES\" \/>\n<meta property=\"og:type\" content=\"article\" \/>\n<meta property=\"og:title\" content=\"Censo Experimental - 2025 - Censo 2024\" \/>\n<meta property=\"og:description\" content=\"Censo Experimental El Censo Experimental tuvo como objetivo aplicar y probar de manera integral todos los procesos, procedimientos, instrumentos, sistemas, y la organizaci\u00f3n del censo, para contar con experiencia previa que facilite y dimensione las necesidades de ejecuci\u00f3n de los procesos para la realizaci\u00f3n del censo. Capinota, del departamento de Cochabamba, fue el municipio elegido [&hellip;]\" \/>\n<meta property=\"og:url\" content=\"https:\/\/cpv2024.ine.gob.bo\/index.php\/principal\/censo-experimental\/\" \/>\n<meta property=\"og:site_name\" content=\"Censo 2024\" \/>\n<meta property=\"article:publisher\" content=\"https:\/\/www.facebook.com\/ineboliviaoficial\/?locale=es_LA\" \/>\n<meta property=\"article:modified_time\" content=\"2025-08-22T21:09:43+00:00\" \/>\n<meta name=\"twitter:card\" content=\"summary_large_image\" \/>\n<meta name=\"twitter:site\" content=\"@ine_bolivia\" \/>\n<meta name=\"twitter:label1\" content=\"Tiempo de lectura\" \/>\n\t<meta name=\"twitter:data1\" content=\"2 minutos\" \/>\n<script type=\"application\/ld+json\" class=\"yoast-schema-graph\">{\"@context\":\"https:\/\/schema.org\",\"@graph\":[{\"@type\":\"WebPage\",\"@id\":\"https:\/\/cpv2024.ine.gob.bo\/index.php\/principal\/censo-experimental\/\",\"url\":\"https:\/\/cpv2024.ine.gob.bo\/index.php\/principal\/censo-experimental\/\",\"name\":\"Censo Experimental - 2025 - Censo 2024\",\"isPartOf\":{\"@id\":\"https:\/\/cpv2024.ine.gob.bo\/#website\"},\"datePublished\":\"2025-07-31T13:16:29+00:00\",\"dateModified\":\"2025-08-22T21:09:43+00:00\",\"breadcrumb\":{\"@id\":\"https:\/\/cpv2024.ine.gob.bo\/index.php\/principal\/censo-experimental\/#breadcrumb\"},\"inLanguage\":\"es\",\"potentialAction\":[{\"@type\":\"ReadAction\",\"target\":[\"https:\/\/cpv2024.ine.gob.bo\/index.php\/principal\/censo-experimental\/\"]}]},{\"@type\":\"BreadcrumbList\",\"@id\":\"https:\/\/cpv2024.ine.gob.bo\/index.php\/principal\/censo-experimental\/#breadcrumb\",\"itemListElement\":[{\"@type\":\"ListItem\",\"position\":1,\"name\":\"Portada\",\"item\":\"https:\/\/cpv2024.ine.gob.bo\/\"},{\"@type\":\"ListItem\",\"position\":2,\"name\":\"PRINCIPAL\",\"item\":\"https:\/\/cpv2024.ine.gob.bo\/\"},{\"@type\":\"ListItem\",\"position\":3,\"name\":\"Censo Experimental &#8211; 2025\"}]},{\"@type\":\"WebSite\",\"@id\":\"https:\/\/cpv2024.ine.gob.bo\/#website\",\"url\":\"https:\/\/cpv2024.ine.gob.bo\/\",\"name\":\"Censo 2024\",\"description\":\"Pagina oficial del censo de poblaci\u00f3n Bolivia 2024\",\"publisher\":{\"@id\":\"https:\/\/cpv2024.ine.gob.bo\/#organization\"},\"alternateName\":\"https:\/\/cpv2024.ine.gob.bo\/\",\"potentialAction\":[{\"@type\":\"SearchAction\",\"target\":{\"@type\":\"EntryPoint\",\"urlTemplate\":\"https:\/\/cpv2024.ine.gob.bo\/?s={search_term_string}\"},\"query-input\":{\"@type\":\"PropertyValueSpecification\",\"valueRequired\":true,\"valueName\":\"search_term_string\"}}],\"inLanguage\":\"es\"},{\"@type\":\"Organization\",\"@id\":\"https:\/\/cpv2024.ine.gob.bo\/#organization\",\"name\":\"Censo 2024\",\"url\":\"https:\/\/cpv2024.ine.gob.bo\/\",\"logo\":{\"@type\":\"ImageObject\",\"inLanguage\":\"es\",\"@id\":\"https:\/\/cpv2024.ine.gob.bo\/#\/schema\/logo\/image\/\",\"url\":\"https:\/\/cpv2024.ine.gob.bo\/wp-content\/uploads\/2025\/04\/logo-censo_INE-512-px.png\",\"contentUrl\":\"https:\/\/cpv2024.ine.gob.bo\/wp-content\/uploads\/2025\/04\/logo-censo_INE-512-px.png\",\"width\":512,\"height\":264,\"caption\":\"Censo 2024\"},\"image\":{\"@id\":\"https:\/\/cpv2024.ine.gob.bo\/#\/schema\/logo\/image\/\"},\"sameAs\":[\"https:\/\/www.facebook.com\/ineboliviaoficial\/?locale=es_LA\",\"https:\/\/x.com\/ine_bolivia\"]}]}<\/script>\n<!-- \/ Yoast SEO plugin. -->","yoast_head_json":{"title":"Censo Experimental - 2025 - Censo 2024","robots":{"index":"index","follow":"follow","max-snippet":"max-snippet:-1","max-image-preview":"max-image-preview:large","max-video-preview":"max-video-preview:-1"},"canonical":"https:\/\/cpv2024.ine.gob.bo\/index.php\/principal\/censo-experimental\/","og_locale":"es_ES","og_type":"article","og_title":"Censo Experimental - 2025 - Censo 2024","og_description":"Censo Experimental El Censo Experimental tuvo como objetivo aplicar y probar de manera integral todos los procesos, procedimientos, instrumentos, sistemas, y la organizaci\u00f3n del censo, para contar con experiencia previa que facilite y dimensione las necesidades de ejecuci\u00f3n de los procesos para la realizaci\u00f3n del censo. Capinota, del departamento de Cochabamba, fue el municipio elegido [&hellip;]","og_url":"https:\/\/cpv2024.ine.gob.bo\/index.php\/principal\/censo-experimental\/","og_site_name":"Censo 2024","article_publisher":"https:\/\/www.facebook.com\/ineboliviaoficial\/?locale=es_LA","article_modified_time":"2025-08-22T21:09:43+00:00","twitter_card":"summary_large_image","twitter_site":"@ine_bolivia","twitter_misc":{"Tiempo de lectura":"2 minutos"},"schema":{"@context":"https:\/\/schema.org","@graph":[{"@type":"WebPage","@id":"https:\/\/cpv2024.ine.gob.bo\/index.php\/principal\/censo-experimental\/","url":"https:\/\/cpv2024.ine.gob.bo\/index.php\/principal\/censo-experimental\/","name":"Censo Experimental - 2025 - Censo 2024","isPartOf":{"@id":"https:\/\/cpv2024.ine.gob.bo\/#website"},"datePublished":"2025-07-31T13:16:29+00:00","dateModified":"2025-08-22T21:09:43+00:00","breadcrumb":{"@id":"https:\/\/cpv2024.ine.gob.bo\/index.php\/principal\/censo-experimental\/#breadcrumb"},"inLanguage":"es","potentialAction":[{"@type":"ReadAction","target":["https:\/\/cpv2024.ine.gob.bo\/index.php\/principal\/censo-experimental\/"]}]},{"@type":"BreadcrumbList","@id":"https:\/\/cpv2024.ine.gob.bo\/index.php\/principal\/censo-experimental\/#breadcrumb","itemListElement":[{"@type":"ListItem","position":1,"name":"Portada","item":"https:\/\/cpv2024.ine.gob.bo\/"},{"@type":"ListItem","position":2,"name":"PRINCIPAL","item":"https:\/\/cpv2024.ine.gob.bo\/"},{"@type":"ListItem","position":3,"name":"Censo Experimental &#8211; 2025"}]},{"@type":"WebSite","@id":"https:\/\/cpv2024.ine.gob.bo\/#website","url":"https:\/\/cpv2024.ine.gob.bo\/","name":"Censo 2024","description":"Pagina oficial del censo de poblaci\u00f3n Bolivia 2024","publisher":{"@id":"https:\/\/cpv2024.ine.gob.bo\/#organization"},"alternateName":"https:\/\/cpv2024.ine.gob.bo\/","potentialAction":[{"@type":"SearchAction","target":{"@type":"EntryPoint","urlTemplate":"https:\/\/cpv2024.ine.gob.bo\/?s={search_term_string}"},"query-input":{"@type":"PropertyValueSpecification","valueRequired":true,"valueName":"search_term_string"}}],"inLanguage":"es"},{"@type":"Organization","@id":"https:\/\/cpv2024.ine.gob.bo\/#organization","name":"Censo 2024","url":"https:\/\/cpv2024.ine.gob.bo\/","logo":{"@type":"ImageObject","inLanguage":"es","@id":"https:\/\/cpv2024.ine.gob.bo\/#\/schema\/logo\/image\/","url":"https:\/\/cpv2024.ine.gob.bo\/wp-content\/uploads\/2025\/04\/logo-censo_INE-512-px.png","contentUrl":"https:\/\/cpv2024.ine.gob.bo\/wp-content\/uploads\/2025\/04\/logo-censo_INE-512-px.png","width":512,"height":264,"caption":"Censo 2024"},"image":{"@id":"https:\/\/cpv2024.ine.gob.bo\/#\/schema\/logo\/image\/"},"sameAs":["https:\/\/www.facebook.com\/ineboliviaoficial\/?locale=es_LA","https:\/\/x.com\/ine_bolivia"]}]}},"uagb_featured_image_src":{"full":false,"thumbnail":false,"medium":false,"medium_large":false,"large":false,"1536x1536":false,"2048x2048":false,"gg_gallery_thumbnail":false},"uagb_author_info":{"display_name":"sergio","author_link":"https:\/\/cpv2024.ine.gob.bo\/index.php\/author\/sergio\/"},"uagb_comment_info":0,"uagb_excerpt":"Censo Experimental El Censo Experimental tuvo como objetivo aplicar y probar de manera integral todos los procesos, procedimientos, instrumentos, sistemas, y la organizaci\u00f3n del censo, para contar con experiencia previa que facilite y dimensione las necesidades de ejecuci\u00f3n de los procesos para la realizaci\u00f3n del censo. Capinota, del departamento de Cochabamba, fue el municipio elegido&hellip;","_links":{"self":[{"href":"https:\/\/cpv2024.ine.gob.bo\/index.php\/wp-json\/wp\/v2\/pages\/23983","targetHints":{"allow":["GET"]}}],"collection":[{"href":"https:\/\/cpv2024.ine.gob.bo\/index.php\/wp-json\/wp\/v2\/pages"}],"about":[{"href":"https:\/\/cpv2024.ine.gob.bo\/index.php\/wp-json\/wp\/v2\/types\/page"}],"author":[{"embeddable":true,"href":"https:\/\/cpv2024.ine.gob.bo\/index.php\/wp-json\/wp\/v2\/users\/1"}],"replies":[{"embeddable":true,"href":"https:\/\/cpv2024.ine.gob.bo\/index.php\/wp-json\/wp\/v2\/comments?post=23983"}],"version-history":[{"count":4,"href":"https:\/\/cpv2024.ine.gob.bo\/index.php\/wp-json\/wp\/v2\/pages\/23983\/revisions"}],"predecessor-version":[{"id":25772,"href":"https:\/\/cpv2024.ine.gob.bo\/index.php\/wp-json\/wp\/v2\/pages\/23983\/revisions\/25772"}],"up":[{"embeddable":true,"href":"https:\/\/cpv2024.ine.gob.bo\/index.php\/wp-json\/wp\/v2\/pages\/2"}],"wp:attachment":[{"href":"https:\/\/cpv2024.ine.gob.bo\/index.php\/wp-json\/wp\/v2\/media?parent=23983"}],"curies":[{"name":"wp","href":"https:\/\/api.w.org\/{rel}","templated":true}]}}