{"id":23988,"date":"2025-07-31T13:32:10","date_gmt":"2025-07-31T13:32:10","guid":{"rendered":"https:\/\/cpv2024.ine.gob.bo\/?page_id=23988"},"modified":"2025-08-19T16:30:14","modified_gmt":"2025-08-19T16:30:14","slug":"logistica-2025","status":"publish","type":"page","link":"https:\/\/cpv2024.ine.gob.bo\/index.php\/principal\/logistica-2025\/","title":{"rendered":"Log\u00edstica &#8211; 2025"},"content":{"rendered":"\n<div class=\"wp-block-group has-global-padding is-layout-constrained wp-container-core-group-is-layout-0b40682b wp-block-group-is-layout-constrained\">\n<p class=\"has-large-font-size\"><strong>Log\u00edstica<\/strong><\/p>\n\n\n\n<p>El armado de cajas censales tuvo como objetivo preparar y organizar el material censal de acuerdo al marco censal generado en la ACE, garantizando mediante controles de calidad que cada agente censal y jefe jurisdiccional reciba los insumos necesarios para el operativo censal.<\/p>\n\n\n\n<p>Para este trabajo se cont\u00f3 con el apoyo de 300 auxiliares log\u00edsticos, quienes desempe\u00f1aron las tareas de producci\u00f3n para los nueve departamentos de Bolivia en el Centro de Operaciones de Irpavi, se prepar\u00f3 un total de 97.782 cajas en un periodo aproximadamente de tres meses. El proceso se desarroll\u00f3 de la siguiente manera:<\/p>\n\n\n\n<figure class=\"wp-block-image size-full\"><img loading=\"lazy\" decoding=\"async\" width=\"2560\" height=\"541\" src=\"https:\/\/cpv2024.ine.gob.bo\/wp-content\/uploads\/2025\/08\/ICONOGRAFIA-01-scaled.png\" alt=\"\" class=\"wp-image-25543\" srcset=\"https:\/\/cpv2024.ine.gob.bo\/wp-content\/uploads\/2025\/08\/ICONOGRAFIA-01-scaled.png 2560w, https:\/\/cpv2024.ine.gob.bo\/wp-content\/uploads\/2025\/08\/ICONOGRAFIA-01-300x63.png 300w, https:\/\/cpv2024.ine.gob.bo\/wp-content\/uploads\/2025\/08\/ICONOGRAFIA-01-1024x216.png 1024w, https:\/\/cpv2024.ine.gob.bo\/wp-content\/uploads\/2025\/08\/ICONOGRAFIA-01-768x162.png 768w, https:\/\/cpv2024.ine.gob.bo\/wp-content\/uploads\/2025\/08\/ICONOGRAFIA-01-1536x324.png 1536w, https:\/\/cpv2024.ine.gob.bo\/wp-content\/uploads\/2025\/08\/ICONOGRAFIA-01-2048x432.png 2048w\" sizes=\"auto, (max-width: 2560px) 100vw, 2560px\" \/><\/figure>\n\n\n\n<p>Como parte del control de calidad, se realiz\u00f3 un muestreo aleatorio al armado de cajas censales, verificando que cada una contuviera los materiales correctos y en las cantidades establecidas, adem\u00e1s de confirmar que correspondiera al segmento y sector asignado. Esta verificaci\u00f3n permiti\u00f3 asegurar la calidad y completitud del material censal antes de su distribuci\u00f3n.<\/p>\n\n\n\n<p>Se generaron cajas censales para cada uno de los jefes censales de la estructura, un total de 97.321 cajas, adem\u00e1s de cajas de reserva, que conten\u00edan m\u00e1s de 530 mil bolsas censales.<\/p>\n\n\n\n<p>De manera coordinada con Operativos de Campo y las oficinas departamentales, se organiz\u00f3 y ejecut\u00f3 la distribuci\u00f3n de cajas censales, con el objetivo de que cada agente censal y jefe jurisdiccional cuente con los cuestionarios y material necesarios para garantizar ejecutar la entrevista en cada una de las viviendas de todo el territorio nacional, adem\u00e1s de personas que fueron censadas en la calle (viajeros y personas que viven en la calle).<\/p>\n\n\n\n<p>Para la ejecuci\u00f3n de este proceso los responsables departamentales efectuaron las gestiones correspondientes para contar con centros de almacenaje departamentales, municipales y en \u00e1reas y zonas censales, en recintos militares, unidades escolares, infraestructura vecinal o comunitaria u otras, con la superficie requerida para la recepci\u00f3n, organizaci\u00f3n y almacenaje de las cajas censales de su jurisdicci\u00f3n.<\/p>\n\n\n\n<p>Se realiz\u00f3 el seguimiento y monitoreo correspondiente a la distribuci\u00f3n a trav\u00e9s del Sistema FlowBox, escaneando el c\u00f3digo QR de las cajas censales en los diferentes tramos.<\/p>\n\n\n\n<figure class=\"wp-block-image size-full\"><img loading=\"lazy\" decoding=\"async\" width=\"2560\" height=\"938\" src=\"https:\/\/cpv2024.ine.gob.bo\/wp-content\/uploads\/2025\/08\/ICONOGRAFIA-02-OK-scaled.png\" alt=\"\" class=\"wp-image-25545\" srcset=\"https:\/\/cpv2024.ine.gob.bo\/wp-content\/uploads\/2025\/08\/ICONOGRAFIA-02-OK-scaled.png 2560w, https:\/\/cpv2024.ine.gob.bo\/wp-content\/uploads\/2025\/08\/ICONOGRAFIA-02-OK-300x110.png 300w, https:\/\/cpv2024.ine.gob.bo\/wp-content\/uploads\/2025\/08\/ICONOGRAFIA-02-OK-1024x375.png 1024w, https:\/\/cpv2024.ine.gob.bo\/wp-content\/uploads\/2025\/08\/ICONOGRAFIA-02-OK-768x281.png 768w, https:\/\/cpv2024.ine.gob.bo\/wp-content\/uploads\/2025\/08\/ICONOGRAFIA-02-OK-1536x563.png 1536w, https:\/\/cpv2024.ine.gob.bo\/wp-content\/uploads\/2025\/08\/ICONOGRAFIA-02-OK-2048x750.png 2048w\" sizes=\"auto, (max-width: 2560px) 100vw, 2560px\" \/><\/figure>\n\n\n\t\t\t\t\t<div\n\t\t\t\t\t\tclass=\"wp-block-uagb-image-gallery uagb-block-7cc237c5     \"\n\t\t\t\t\t\tstyle=\"\"\n\t\t\t\t\t>\n\t\t\t\t\t\t\t\t\t\t\t<div class=\"spectra-image-gallery spectra-image-gallery__layout--grid spectra-image-gallery__layout--grid-col-4 spectra-image-gallery__layout--grid-col-tab-3 spectra-image-gallery__layout--grid-col-mob-2\">\n\t\t\t\t\t\t\t\t\t\t\t<div class='spectra-image-gallery__media-wrapper' data-spectra-gallery-image-id='23766' tabindex=\"0\">\n\t\t\t\t\t\t\t<div class=\"spectra-image-gallery__media spectra-image-gallery__media--grid\">\n\t\t\t\t<picture>\n\t\t\t\t\t<source media=\"(min-width: 1024px)\" srcset=\"https:\/\/cpv2024.ine.gob.bo\/wp-content\/uploads\/2025\/07\/20240119_104128-1-1024x578.jpg\">\n\t\t\t\t\t<source media=\"(min-width: 768px)\" srcset=\"https:\/\/cpv2024.ine.gob.bo\/wp-content\/uploads\/2025\/07\/20240119_104128-1-1024x578.jpg\">\n\t\t\t\t\t<img decoding=\"async\" class=\"spectra-image-gallery__media-thumbnail spectra-image-gallery__media-thumbnail--grid\" src=\"https:\/\/cpv2024.ine.gob.bo\/wp-content\/uploads\/2025\/07\/20240119_104128-1-300x169.jpg\" alt=\"\" loading=\"lazy\" \/>\n\t\t\t\t<\/picture>\n\t\t\t\t<div class=\"spectra-image-gallery__media-thumbnail-blurrer\"><\/div>\n\t\t\t\t\t\t\t\t\t\t\t<div class=\"spectra-image-gallery__media-thumbnail-caption-wrapper spectra-image-gallery__media-thumbnail-caption-wrapper--overlay\">\n\t\t\t\t\t\t\t\t\t\t\t<div class=\"spectra-image-gallery__media-thumbnail-caption spectra-image-gallery__media-thumbnail-caption--overlay\">\n\t\t\t\t\tArmado cajas censales\t\t\t\t<\/div>\n\t\t\t\t\t\t\t\t\t\t<\/div>\n\t\t\t\t\t\t\t\t\t<\/div>\n\t\t\t\t\t\t<\/div>\n\t\t\t\t\t\t<div class='spectra-image-gallery__media-wrapper' data-spectra-gallery-image-id='23769' tabindex=\"0\">\n\t\t\t\t\t\t\t<div class=\"spectra-image-gallery__media spectra-image-gallery__media--grid\">\n\t\t\t\t<picture>\n\t\t\t\t\t<source media=\"(min-width: 1024px)\" srcset=\"https:\/\/cpv2024.ine.gob.bo\/wp-content\/uploads\/2025\/07\/DSC00481-1024x576.jpg\">\n\t\t\t\t\t<source media=\"(min-width: 768px)\" srcset=\"https:\/\/cpv2024.ine.gob.bo\/wp-content\/uploads\/2025\/07\/DSC00481-1024x576.jpg\">\n\t\t\t\t\t<img decoding=\"async\" class=\"spectra-image-gallery__media-thumbnail spectra-image-gallery__media-thumbnail--grid\" src=\"https:\/\/cpv2024.ine.gob.bo\/wp-content\/uploads\/2025\/07\/DSC00481-300x169.jpg\" alt=\"\" loading=\"lazy\" \/>\n\t\t\t\t<\/picture>\n\t\t\t\t<div class=\"spectra-image-gallery__media-thumbnail-blurrer\"><\/div>\n\t\t\t\t\t\t\t\t\t\t\t<div class=\"spectra-image-gallery__media-thumbnail-caption-wrapper spectra-image-gallery__media-thumbnail-caption-wrapper--overlay\">\n\t\t\t\t\t\t\t\t\t\t\t<div class=\"spectra-image-gallery__media-thumbnail-caption spectra-image-gallery__media-thumbnail-caption--overlay\">\n\t\t\t\t\tArmado cajas censales\t\t\t\t<\/div>\n\t\t\t\t\t\t\t\t\t\t<\/div>\n\t\t\t\t\t\t\t\t\t<\/div>\n\t\t\t\t\t\t<\/div>\n\t\t\t\t\t\t<div class='spectra-image-gallery__media-wrapper' data-spectra-gallery-image-id='23768' tabindex=\"0\">\n\t\t\t\t\t\t\t<div class=\"spectra-image-gallery__media spectra-image-gallery__media--grid\">\n\t\t\t\t<picture>\n\t\t\t\t\t<source media=\"(min-width: 1024px)\" srcset=\"https:\/\/cpv2024.ine.gob.bo\/wp-content\/uploads\/2025\/07\/20240119_110403-1024x682.jpg\">\n\t\t\t\t\t<source media=\"(min-width: 768px)\" srcset=\"https:\/\/cpv2024.ine.gob.bo\/wp-content\/uploads\/2025\/07\/20240119_110403-1024x682.jpg\">\n\t\t\t\t\t<img decoding=\"async\" class=\"spectra-image-gallery__media-thumbnail spectra-image-gallery__media-thumbnail--grid\" src=\"https:\/\/cpv2024.ine.gob.bo\/wp-content\/uploads\/2025\/07\/20240119_110403-300x200.jpg\" alt=\"\" loading=\"lazy\" \/>\n\t\t\t\t<\/picture>\n\t\t\t\t<div class=\"spectra-image-gallery__media-thumbnail-blurrer\"><\/div>\n\t\t\t\t\t\t\t\t\t\t\t<div class=\"spectra-image-gallery__media-thumbnail-caption-wrapper spectra-image-gallery__media-thumbnail-caption-wrapper--overlay\">\n\t\t\t\t\t\t\t\t\t\t\t<div class=\"spectra-image-gallery__media-thumbnail-caption spectra-image-gallery__media-thumbnail-caption--overlay\">\n\t\t\t\t\tArmado cajas censales\t\t\t\t<\/div>\n\t\t\t\t\t\t\t\t\t\t<\/div>\n\t\t\t\t\t\t\t\t\t<\/div>\n\t\t\t\t\t\t<\/div>\n\t\t\t\t\t\t<div class='spectra-image-gallery__media-wrapper' data-spectra-gallery-image-id='23767' tabindex=\"0\">\n\t\t\t\t\t\t\t<div class=\"spectra-image-gallery__media spectra-image-gallery__media--grid\">\n\t\t\t\t<picture>\n\t\t\t\t\t<source media=\"(min-width: 1024px)\" srcset=\"https:\/\/cpv2024.ine.gob.bo\/wp-content\/uploads\/2025\/07\/WhatsApp-Image-2025-07-22-at-16.13.01_9482d590-1024x577.jpg\">\n\t\t\t\t\t<source media=\"(min-width: 768px)\" srcset=\"https:\/\/cpv2024.ine.gob.bo\/wp-content\/uploads\/2025\/07\/WhatsApp-Image-2025-07-22-at-16.13.01_9482d590-1024x577.jpg\">\n\t\t\t\t\t<img decoding=\"async\" class=\"spectra-image-gallery__media-thumbnail spectra-image-gallery__media-thumbnail--grid\" src=\"https:\/\/cpv2024.ine.gob.bo\/wp-content\/uploads\/2025\/07\/WhatsApp-Image-2025-07-22-at-16.13.01_9482d590-300x169.jpg\" alt=\"\" loading=\"lazy\" \/>\n\t\t\t\t<\/picture>\n\t\t\t\t<div class=\"spectra-image-gallery__media-thumbnail-blurrer\"><\/div>\n\t\t\t\t\t\t\t\t\t\t\t<div class=\"spectra-image-gallery__media-thumbnail-caption-wrapper spectra-image-gallery__media-thumbnail-caption-wrapper--overlay\">\n\t\t\t\t\t\t\t\t\t\t\t<div class=\"spectra-image-gallery__media-thumbnail-caption spectra-image-gallery__media-thumbnail-caption--overlay\">\n\t\t\t\t\tArmado cajas censales\t\t\t\t<\/div>\n\t\t\t\t\t\t\t\t\t\t<\/div>\n\t\t\t\t\t\t\t\t\t<\/div>\n\t\t\t\t\t\t<\/div>\n\t\t\t\t\t\t\t\t\t\t<\/div>\n\t\t\t\t\t\t\t\t\t\t\t\t\t\t\t\t\t\t<\/div>\n\t\t\t\t\t\t\t\t\t\t\t<div class='spectra-image-gallery__control-lightbox' tabindex='0'>\n\t\t\t\t\t\t\t\t\t\t\t<div class=\"swiper spectra-image-gallery__control-lightbox--main\" dir=\"\">\n\t\t\t\t\t<div class=\"swiper-wrapper\">\n\t\t\t\t\t\t\t\t\t\t\t\t\t\n\t\t\t\t\t\t\t<div class=\"swiper-slide\">\n\t\t\t\t\t\t\t\t<img class=\"swiper-lazy\" data-src=\"https:\/\/cpv2024.ine.gob.bo\/wp-content\/uploads\/2025\/07\/20240119_104128-1-scaled.jpg\" alt=\"\"\/>\n\t\t\t\t\t\t\t\t<div class=\"swiper-lazy-preloader swiper-lazy-preloader-white\"><\/div>\n\t\t\t\t\t\t\t\t\t\t\t\t\t\t\t<\/div>\n\t\t\t\t\t\t\t\t\t\t\t\t\t\n\t\t\t\t\t\t\t<div class=\"swiper-slide\">\n\t\t\t\t\t\t\t\t<img class=\"swiper-lazy\" data-src=\"https:\/\/cpv2024.ine.gob.bo\/wp-content\/uploads\/2025\/07\/DSC00481-scaled.jpg\" alt=\"\"\/>\n\t\t\t\t\t\t\t\t<div class=\"swiper-lazy-preloader swiper-lazy-preloader-white\"><\/div>\n\t\t\t\t\t\t\t\t\t\t\t\t\t\t\t<\/div>\n\t\t\t\t\t\t\t\t\t\t\t\t\t\n\t\t\t\t\t\t\t<div class=\"swiper-slide\">\n\t\t\t\t\t\t\t\t<img class=\"swiper-lazy\" data-src=\"https:\/\/cpv2024.ine.gob.bo\/wp-content\/uploads\/2025\/07\/20240119_110403-scaled.jpg\" alt=\"\"\/>\n\t\t\t\t\t\t\t\t<div class=\"swiper-lazy-preloader swiper-lazy-preloader-white\"><\/div>\n\t\t\t\t\t\t\t\t\t\t\t\t\t\t\t<\/div>\n\t\t\t\t\t\t\t\t\t\t\t\t\t\n\t\t\t\t\t\t\t<div class=\"swiper-slide\">\n\t\t\t\t\t\t\t\t<img class=\"swiper-lazy\" data-src=\"https:\/\/cpv2024.ine.gob.bo\/wp-content\/uploads\/2025\/07\/WhatsApp-Image-2025-07-22-at-16.13.01_9482d590.jpg\" alt=\"\"\/>\n\t\t\t\t\t\t\t\t<div class=\"swiper-lazy-preloader swiper-lazy-preloader-white\"><\/div>\n\t\t\t\t\t\t\t\t\t\t\t\t\t\t\t<\/div>\n\t\t\t\t\t\t\t\t\t\t\t<\/div>\n\t\t\t\t\t<div class=\"swiper-button-next\"><\/div>\n\t\t\t\t\t<div class=\"swiper-button-prev\"><\/div>\n\t\t\t\t<\/div>\t\t\t\n\t\t\t\t\t\t\t\t\t\t\t\t\t\t\t\t\t\t\t\t\t\t\t\t\t\t\t\t\t\t\t\t<button class='spectra-image-gallery__control-lightbox--close' aria-label=\"Close\">\n\t\t\t\t\t\t\t\t\t\t\t\t\t<svg xmlns=\"https:\/\/www.w3.org\/2000\/svg\" viewBox= \"0 0 320 512\"><path d=\"M310.6 361.4c12.5 12.5 12.5 32.75 0 45.25C304.4 412.9 296.2 416 288 416s-16.38-3.125-22.62-9.375L160 301.3L54.63 406.6C48.38 412.9 40.19 416 32 416S15.63 412.9 9.375 406.6c-12.5-12.5-12.5-32.75 0-45.25l105.4-105.4L9.375 150.6c-12.5-12.5-12.5-32.75 0-45.25s32.75-12.5 45.25 0L160 210.8l105.4-105.4c12.5-12.5 32.75-12.5 45.25 0s12.5 32.75 0 45.25l-105.4 105.4L310.6 361.4z\"><\/path><\/svg>\n\t\t\t\t\t\t\t\t\t\t\t\t<\/button>\n\t\t\t\t\t\t\t\t\t\t\t\t\t<\/div>\n\t\t\t\t\t\t\t\t\t<\/div>\n","protected":false},"excerpt":{"rendered":"<p>Log\u00edstica El armado de cajas censales tuvo como objetivo preparar y organizar el material censal de acuerdo al marco censal generado en la ACE, garantizando mediante controles de calidad que cada agente censal y jefe jurisdiccional reciba los insumos necesarios para el operativo censal. Para este trabajo se cont\u00f3 con el apoyo de 300 auxiliares [&hellip;]<\/p>\n","protected":false},"author":1,"featured_media":0,"parent":2,"menu_order":0,"comment_status":"closed","ping_status":"closed","template":"wp-custom-template-sticky-menu","meta":{"inline_featured_image":false,"_uag_custom_page_level_css":"","_joinchat":[],"footnotes":""},"class_list":["post-23988","page","type-page","status-publish","hentry"],"yoast_head":"<!-- This site is optimized with the Yoast SEO plugin v26.2 - https:\/\/yoast.com\/wordpress\/plugins\/seo\/ -->\n<title>Log\u00edstica - 2025 - Censo 2024<\/title>\n<meta name=\"robots\" content=\"index, follow, max-snippet:-1, max-image-preview:large, max-video-preview:-1\" \/>\n<link rel=\"canonical\" href=\"https:\/\/cpv2024.ine.gob.bo\/index.php\/principal\/logistica-2025\/\" \/>\n<meta property=\"og:locale\" content=\"es_ES\" \/>\n<meta property=\"og:type\" content=\"article\" \/>\n<meta property=\"og:title\" content=\"Log\u00edstica - 2025 - Censo 2024\" \/>\n<meta property=\"og:description\" content=\"Log\u00edstica El armado de cajas censales tuvo como objetivo preparar y organizar el material censal de acuerdo al marco censal generado en la ACE, garantizando mediante controles de calidad que cada agente censal y jefe jurisdiccional reciba los insumos necesarios para el operativo censal. Para este trabajo se cont\u00f3 con el apoyo de 300 auxiliares [&hellip;]\" \/>\n<meta property=\"og:url\" content=\"https:\/\/cpv2024.ine.gob.bo\/index.php\/principal\/logistica-2025\/\" \/>\n<meta property=\"og:site_name\" content=\"Censo 2024\" \/>\n<meta property=\"article:publisher\" content=\"https:\/\/www.facebook.com\/ineboliviaoficial\/?locale=es_LA\" \/>\n<meta property=\"article:modified_time\" content=\"2025-08-19T16:30:14+00:00\" \/>\n<meta property=\"og:image\" content=\"https:\/\/cpv2024.ine.gob.bo\/wp-content\/uploads\/2025\/08\/ICONOGRAFIA-01-scaled.png\" \/>\n\t<meta property=\"og:image:width\" content=\"2560\" \/>\n\t<meta property=\"og:image:height\" content=\"541\" \/>\n\t<meta property=\"og:image:type\" content=\"image\/png\" \/>\n<meta name=\"twitter:card\" content=\"summary_large_image\" \/>\n<meta name=\"twitter:site\" content=\"@ine_bolivia\" \/>\n<meta name=\"twitter:label1\" content=\"Tiempo de lectura\" \/>\n\t<meta name=\"twitter:data1\" content=\"2 minutos\" \/>\n<script type=\"application\/ld+json\" class=\"yoast-schema-graph\">{\"@context\":\"https:\/\/schema.org\",\"@graph\":[{\"@type\":\"WebPage\",\"@id\":\"https:\/\/cpv2024.ine.gob.bo\/index.php\/principal\/logistica-2025\/\",\"url\":\"https:\/\/cpv2024.ine.gob.bo\/index.php\/principal\/logistica-2025\/\",\"name\":\"Log\u00edstica - 2025 - Censo 2024\",\"isPartOf\":{\"@id\":\"https:\/\/cpv2024.ine.gob.bo\/#website\"},\"primaryImageOfPage\":{\"@id\":\"https:\/\/cpv2024.ine.gob.bo\/index.php\/principal\/logistica-2025\/#primaryimage\"},\"image\":{\"@id\":\"https:\/\/cpv2024.ine.gob.bo\/index.php\/principal\/logistica-2025\/#primaryimage\"},\"thumbnailUrl\":\"https:\/\/cpv2024.ine.gob.bo\/wp-content\/uploads\/2025\/08\/ICONOGRAFIA-01-scaled.png\",\"datePublished\":\"2025-07-31T13:32:10+00:00\",\"dateModified\":\"2025-08-19T16:30:14+00:00\",\"breadcrumb\":{\"@id\":\"https:\/\/cpv2024.ine.gob.bo\/index.php\/principal\/logistica-2025\/#breadcrumb\"},\"inLanguage\":\"es\",\"potentialAction\":[{\"@type\":\"ReadAction\",\"target\":[\"https:\/\/cpv2024.ine.gob.bo\/index.php\/principal\/logistica-2025\/\"]}]},{\"@type\":\"ImageObject\",\"inLanguage\":\"es\",\"@id\":\"https:\/\/cpv2024.ine.gob.bo\/index.php\/principal\/logistica-2025\/#primaryimage\",\"url\":\"https:\/\/cpv2024.ine.gob.bo\/wp-content\/uploads\/2025\/08\/ICONOGRAFIA-01-scaled.png\",\"contentUrl\":\"https:\/\/cpv2024.ine.gob.bo\/wp-content\/uploads\/2025\/08\/ICONOGRAFIA-01-scaled.png\",\"width\":2560,\"height\":541},{\"@type\":\"BreadcrumbList\",\"@id\":\"https:\/\/cpv2024.ine.gob.bo\/index.php\/principal\/logistica-2025\/#breadcrumb\",\"itemListElement\":[{\"@type\":\"ListItem\",\"position\":1,\"name\":\"Portada\",\"item\":\"https:\/\/cpv2024.ine.gob.bo\/\"},{\"@type\":\"ListItem\",\"position\":2,\"name\":\"PRINCIPAL\",\"item\":\"https:\/\/cpv2024.ine.gob.bo\/\"},{\"@type\":\"ListItem\",\"position\":3,\"name\":\"Log\u00edstica &#8211; 2025\"}]},{\"@type\":\"WebSite\",\"@id\":\"https:\/\/cpv2024.ine.gob.bo\/#website\",\"url\":\"https:\/\/cpv2024.ine.gob.bo\/\",\"name\":\"Censo 2024\",\"description\":\"Pagina oficial del censo de poblaci\u00f3n Bolivia 2024\",\"publisher\":{\"@id\":\"https:\/\/cpv2024.ine.gob.bo\/#organization\"},\"alternateName\":\"https:\/\/cpv2024.ine.gob.bo\/\",\"potentialAction\":[{\"@type\":\"SearchAction\",\"target\":{\"@type\":\"EntryPoint\",\"urlTemplate\":\"https:\/\/cpv2024.ine.gob.bo\/?s={search_term_string}\"},\"query-input\":{\"@type\":\"PropertyValueSpecification\",\"valueRequired\":true,\"valueName\":\"search_term_string\"}}],\"inLanguage\":\"es\"},{\"@type\":\"Organization\",\"@id\":\"https:\/\/cpv2024.ine.gob.bo\/#organization\",\"name\":\"Censo 2024\",\"url\":\"https:\/\/cpv2024.ine.gob.bo\/\",\"logo\":{\"@type\":\"ImageObject\",\"inLanguage\":\"es\",\"@id\":\"https:\/\/cpv2024.ine.gob.bo\/#\/schema\/logo\/image\/\",\"url\":\"https:\/\/cpv2024.ine.gob.bo\/wp-content\/uploads\/2025\/04\/logo-censo_INE-512-px.png\",\"contentUrl\":\"https:\/\/cpv2024.ine.gob.bo\/wp-content\/uploads\/2025\/04\/logo-censo_INE-512-px.png\",\"width\":512,\"height\":264,\"caption\":\"Censo 2024\"},\"image\":{\"@id\":\"https:\/\/cpv2024.ine.gob.bo\/#\/schema\/logo\/image\/\"},\"sameAs\":[\"https:\/\/www.facebook.com\/ineboliviaoficial\/?locale=es_LA\",\"https:\/\/x.com\/ine_bolivia\"]}]}<\/script>\n<!-- \/ Yoast SEO plugin. -->","yoast_head_json":{"title":"Log\u00edstica - 2025 - Censo 2024","robots":{"index":"index","follow":"follow","max-snippet":"max-snippet:-1","max-image-preview":"max-image-preview:large","max-video-preview":"max-video-preview:-1"},"canonical":"https:\/\/cpv2024.ine.gob.bo\/index.php\/principal\/logistica-2025\/","og_locale":"es_ES","og_type":"article","og_title":"Log\u00edstica - 2025 - Censo 2024","og_description":"Log\u00edstica El armado de cajas censales tuvo como objetivo preparar y organizar el material censal de acuerdo al marco censal generado en la ACE, garantizando mediante controles de calidad que cada agente censal y jefe jurisdiccional reciba los insumos necesarios para el operativo censal. Para este trabajo se cont\u00f3 con el apoyo de 300 auxiliares [&hellip;]","og_url":"https:\/\/cpv2024.ine.gob.bo\/index.php\/principal\/logistica-2025\/","og_site_name":"Censo 2024","article_publisher":"https:\/\/www.facebook.com\/ineboliviaoficial\/?locale=es_LA","article_modified_time":"2025-08-19T16:30:14+00:00","og_image":[{"width":2560,"height":541,"url":"https:\/\/cpv2024.ine.gob.bo\/wp-content\/uploads\/2025\/08\/ICONOGRAFIA-01-scaled.png","type":"image\/png"}],"twitter_card":"summary_large_image","twitter_site":"@ine_bolivia","twitter_misc":{"Tiempo de lectura":"2 minutos"},"schema":{"@context":"https:\/\/schema.org","@graph":[{"@type":"WebPage","@id":"https:\/\/cpv2024.ine.gob.bo\/index.php\/principal\/logistica-2025\/","url":"https:\/\/cpv2024.ine.gob.bo\/index.php\/principal\/logistica-2025\/","name":"Log\u00edstica - 2025 - Censo 2024","isPartOf":{"@id":"https:\/\/cpv2024.ine.gob.bo\/#website"},"primaryImageOfPage":{"@id":"https:\/\/cpv2024.ine.gob.bo\/index.php\/principal\/logistica-2025\/#primaryimage"},"image":{"@id":"https:\/\/cpv2024.ine.gob.bo\/index.php\/principal\/logistica-2025\/#primaryimage"},"thumbnailUrl":"https:\/\/cpv2024.ine.gob.bo\/wp-content\/uploads\/2025\/08\/ICONOGRAFIA-01-scaled.png","datePublished":"2025-07-31T13:32:10+00:00","dateModified":"2025-08-19T16:30:14+00:00","breadcrumb":{"@id":"https:\/\/cpv2024.ine.gob.bo\/index.php\/principal\/logistica-2025\/#breadcrumb"},"inLanguage":"es","potentialAction":[{"@type":"ReadAction","target":["https:\/\/cpv2024.ine.gob.bo\/index.php\/principal\/logistica-2025\/"]}]},{"@type":"ImageObject","inLanguage":"es","@id":"https:\/\/cpv2024.ine.gob.bo\/index.php\/principal\/logistica-2025\/#primaryimage","url":"https:\/\/cpv2024.ine.gob.bo\/wp-content\/uploads\/2025\/08\/ICONOGRAFIA-01-scaled.png","contentUrl":"https:\/\/cpv2024.ine.gob.bo\/wp-content\/uploads\/2025\/08\/ICONOGRAFIA-01-scaled.png","width":2560,"height":541},{"@type":"BreadcrumbList","@id":"https:\/\/cpv2024.ine.gob.bo\/index.php\/principal\/logistica-2025\/#breadcrumb","itemListElement":[{"@type":"ListItem","position":1,"name":"Portada","item":"https:\/\/cpv2024.ine.gob.bo\/"},{"@type":"ListItem","position":2,"name":"PRINCIPAL","item":"https:\/\/cpv2024.ine.gob.bo\/"},{"@type":"ListItem","position":3,"name":"Log\u00edstica &#8211; 2025"}]},{"@type":"WebSite","@id":"https:\/\/cpv2024.ine.gob.bo\/#website","url":"https:\/\/cpv2024.ine.gob.bo\/","name":"Censo 2024","description":"Pagina oficial del censo de poblaci\u00f3n Bolivia 2024","publisher":{"@id":"https:\/\/cpv2024.ine.gob.bo\/#organization"},"alternateName":"https:\/\/cpv2024.ine.gob.bo\/","potentialAction":[{"@type":"SearchAction","target":{"@type":"EntryPoint","urlTemplate":"https:\/\/cpv2024.ine.gob.bo\/?s={search_term_string}"},"query-input":{"@type":"PropertyValueSpecification","valueRequired":true,"valueName":"search_term_string"}}],"inLanguage":"es"},{"@type":"Organization","@id":"https:\/\/cpv2024.ine.gob.bo\/#organization","name":"Censo 2024","url":"https:\/\/cpv2024.ine.gob.bo\/","logo":{"@type":"ImageObject","inLanguage":"es","@id":"https:\/\/cpv2024.ine.gob.bo\/#\/schema\/logo\/image\/","url":"https:\/\/cpv2024.ine.gob.bo\/wp-content\/uploads\/2025\/04\/logo-censo_INE-512-px.png","contentUrl":"https:\/\/cpv2024.ine.gob.bo\/wp-content\/uploads\/2025\/04\/logo-censo_INE-512-px.png","width":512,"height":264,"caption":"Censo 2024"},"image":{"@id":"https:\/\/cpv2024.ine.gob.bo\/#\/schema\/logo\/image\/"},"sameAs":["https:\/\/www.facebook.com\/ineboliviaoficial\/?locale=es_LA","https:\/\/x.com\/ine_bolivia"]}]}},"uagb_featured_image_src":{"full":false,"thumbnail":false,"medium":false,"medium_large":false,"large":false,"1536x1536":false,"2048x2048":false,"gg_gallery_thumbnail":false},"uagb_author_info":{"display_name":"sergio","author_link":"https:\/\/cpv2024.ine.gob.bo\/index.php\/author\/sergio\/"},"uagb_comment_info":0,"uagb_excerpt":"Log\u00edstica El armado de cajas censales tuvo como objetivo preparar y organizar el material censal de acuerdo al marco censal generado en la ACE, garantizando mediante controles de calidad que cada agente censal y jefe jurisdiccional reciba los insumos necesarios para el operativo censal. Para este trabajo se cont\u00f3 con el apoyo de 300 auxiliares&hellip;","_links":{"self":[{"href":"https:\/\/cpv2024.ine.gob.bo\/index.php\/wp-json\/wp\/v2\/pages\/23988","targetHints":{"allow":["GET"]}}],"collection":[{"href":"https:\/\/cpv2024.ine.gob.bo\/index.php\/wp-json\/wp\/v2\/pages"}],"about":[{"href":"https:\/\/cpv2024.ine.gob.bo\/index.php\/wp-json\/wp\/v2\/types\/page"}],"author":[{"embeddable":true,"href":"https:\/\/cpv2024.ine.gob.bo\/index.php\/wp-json\/wp\/v2\/users\/1"}],"replies":[{"embeddable":true,"href":"https:\/\/cpv2024.ine.gob.bo\/index.php\/wp-json\/wp\/v2\/comments?post=23988"}],"version-history":[{"count":3,"href":"https:\/\/cpv2024.ine.gob.bo\/index.php\/wp-json\/wp\/v2\/pages\/23988\/revisions"}],"predecessor-version":[{"id":25546,"href":"https:\/\/cpv2024.ine.gob.bo\/index.php\/wp-json\/wp\/v2\/pages\/23988\/revisions\/25546"}],"up":[{"embeddable":true,"href":"https:\/\/cpv2024.ine.gob.bo\/index.php\/wp-json\/wp\/v2\/pages\/2"}],"wp:attachment":[{"href":"https:\/\/cpv2024.ine.gob.bo\/index.php\/wp-json\/wp\/v2\/media?parent=23988"}],"curies":[{"name":"wp","href":"https:\/\/api.w.org\/{rel}","templated":true}]}}