{"id":23997,"date":"2025-07-31T13:42:06","date_gmt":"2025-07-31T13:42:06","guid":{"rendered":"https:\/\/cpv2024.ine.gob.bo\/?page_id=23997"},"modified":"2025-09-04T14:35:45","modified_gmt":"2025-09-04T14:35:45","slug":"capacitacion-2025","status":"publish","type":"page","link":"https:\/\/cpv2024.ine.gob.bo\/index.php\/principal\/capacitacion-2025\/","title":{"rendered":"Capacitaci\u00f3n &#8211; 2025"},"content":{"rendered":"\n<div class=\"wp-block-group has-global-padding is-layout-constrained wp-container-core-group-is-layout-0b40682b wp-block-group-is-layout-constrained\">\n<p class=\"has-large-font-size\"><strong>Capacitaci\u00f3n<\/strong><\/p>\n\n\n\n<p>El objetivo de este proceso fue capacitar a la estructura censal (jefe de Unidad Territorial Censal, jefe de \u00e1rea, jefe de zona, supervisor de sector, censista) en los contenidos \u00edntegros del cuestionario censal, el recorrido de sus espacios censales asignados y los procesos y operativo censal.<\/p>\n\n\n\n<p>Para la capacitaci\u00f3n de toda la estructura censal se asumi\u00f3 el modelo de \u201ccapacitaci\u00f3n en cascada\u201d&nbsp; entendiendo este modelo como la forma de organizar o estructurar la capacitaci\u00f3n que consiste en capacitar a grupos de personas, quienes posteriormente asumir\u00e1n el rol de capacitadoras\/es de nuevos grupos utilizando una serie de herramientas did\u00e1cticas cuya importancia radica en que se puede llegar a un n\u00famero significativo de personas de manera simult\u00e1nea y en tiempos breves; el m\u00e1s grande que ejecuta el pa\u00eds en tiempos de paz; casi 700.000 personas capacitadas entre jefes jurisdiccionales, censistas, reservas y reemplazos.<\/p>\n\n\n\n<p class=\"has-large-font-size\"><strong>Estructura del modelo capacitaci\u00f3n en cascada<\/strong><\/p>\n\n\n\n<figure class=\"wp-block-image size-full\"><img loading=\"lazy\" decoding=\"async\" width=\"2560\" height=\"1451\" src=\"https:\/\/cpv2024.ine.gob.bo\/wp-content\/uploads\/2025\/08\/grafico-4-corregido-final-scaled.png\" alt=\"\" class=\"wp-image-25740\" srcset=\"https:\/\/cpv2024.ine.gob.bo\/wp-content\/uploads\/2025\/08\/grafico-4-corregido-final-scaled.png 2560w, https:\/\/cpv2024.ine.gob.bo\/wp-content\/uploads\/2025\/08\/grafico-4-corregido-final-300x170.png 300w, https:\/\/cpv2024.ine.gob.bo\/wp-content\/uploads\/2025\/08\/grafico-4-corregido-final-1024x581.png 1024w, https:\/\/cpv2024.ine.gob.bo\/wp-content\/uploads\/2025\/08\/grafico-4-corregido-final-768x435.png 768w, https:\/\/cpv2024.ine.gob.bo\/wp-content\/uploads\/2025\/08\/grafico-4-corregido-final-1536x871.png 1536w, https:\/\/cpv2024.ine.gob.bo\/wp-content\/uploads\/2025\/08\/grafico-4-corregido-final-2048x1161.png 2048w\" sizes=\"auto, (max-width: 2560px) 100vw, 2560px\" \/><\/figure>\n\n\n\n<p>Por las caracter\u00edsticas de la capacitaci\u00f3n para los distintos actores, se sigui\u00f3 la capacitaci\u00f3n por niveles en dos estructuras, una destinada a la capacitaci\u00f3n de jefas\/es jurisdiccionales y otra destinada a la capacitaci\u00f3n de agentes censales.<\/p>\n\n\n\n<p>En una primera etapa se capacito a jefes jurisdiccionales para que desde sus roles desarrollen actividades destinadas a la organizaci\u00f3n y desarrollo del Censo 2024 y en una segunda etapa se capacito a los agentes censales.<\/p>\n\n\n\t\t\t\t\t<div\n\t\t\t\t\t\tclass=\"wp-block-uagb-image-gallery uagb-block-0f2fe8ff     \"\n\t\t\t\t\t\tstyle=\"\"\n\t\t\t\t\t>\n\t\t\t\t\t\t\t\t\t\t\t<div class=\"spectra-image-gallery spectra-image-gallery__layout--grid spectra-image-gallery__layout--grid-col-3 spectra-image-gallery__layout--grid-col-tab-3 spectra-image-gallery__layout--grid-col-mob-2\">\n\t\t\t\t\t\t\t\t\t\t\t<div class='spectra-image-gallery__media-wrapper' data-spectra-gallery-image-id='23792' tabindex=\"0\">\n\t\t\t\t\t\t\t<div class=\"spectra-image-gallery__media spectra-image-gallery__media--grid\">\n\t\t\t\t<picture>\n\t\t\t\t\t<source media=\"(min-width: 1024px)\" srcset=\"https:\/\/cpv2024.ine.gob.bo\/wp-content\/uploads\/2025\/07\/CAPACITACION.jpg\">\n\t\t\t\t\t<source media=\"(min-width: 768px)\" srcset=\"https:\/\/cpv2024.ine.gob.bo\/wp-content\/uploads\/2025\/07\/CAPACITACION.jpg\">\n\t\t\t\t\t<img decoding=\"async\" class=\"spectra-image-gallery__media-thumbnail spectra-image-gallery__media-thumbnail--grid\" src=\"https:\/\/cpv2024.ine.gob.bo\/wp-content\/uploads\/2025\/07\/CAPACITACION-300x225.jpg\" alt=\"\" loading=\"lazy\" \/>\n\t\t\t\t<\/picture>\n\t\t\t\t<div class=\"spectra-image-gallery__media-thumbnail-blurrer\"><\/div>\n\t\t\t\t\t\t\t\t\t\t\t<div class=\"spectra-image-gallery__media-thumbnail-caption-wrapper spectra-image-gallery__media-thumbnail-caption-wrapper--overlay\">\n\t\t\t\t\t\t\t\t\t\t\t<div class=\"spectra-image-gallery__media-thumbnail-caption spectra-image-gallery__media-thumbnail-caption--overlay\">\n\t\t\t\t\tCapacitaci\u00f3n\t\t\t\t<\/div>\n\t\t\t\t\t\t\t\t\t\t<\/div>\n\t\t\t\t\t\t\t\t\t<\/div>\n\t\t\t\t\t\t<\/div>\n\t\t\t\t\t\t<div class='spectra-image-gallery__media-wrapper' data-spectra-gallery-image-id='23794' tabindex=\"0\">\n\t\t\t\t\t\t\t<div class=\"spectra-image-gallery__media spectra-image-gallery__media--grid\">\n\t\t\t\t<picture>\n\t\t\t\t\t<source media=\"(min-width: 1024px)\" srcset=\"https:\/\/cpv2024.ine.gob.bo\/wp-content\/uploads\/2025\/07\/45385150-bac6-48a1-91e7-4e0d12d7a2b8.jpg\">\n\t\t\t\t\t<source media=\"(min-width: 768px)\" srcset=\"https:\/\/cpv2024.ine.gob.bo\/wp-content\/uploads\/2025\/07\/45385150-bac6-48a1-91e7-4e0d12d7a2b8.jpg\">\n\t\t\t\t\t<img decoding=\"async\" class=\"spectra-image-gallery__media-thumbnail spectra-image-gallery__media-thumbnail--grid\" src=\"https:\/\/cpv2024.ine.gob.bo\/wp-content\/uploads\/2025\/07\/45385150-bac6-48a1-91e7-4e0d12d7a2b8-300x205.jpg\" alt=\"\" loading=\"lazy\" \/>\n\t\t\t\t<\/picture>\n\t\t\t\t<div class=\"spectra-image-gallery__media-thumbnail-blurrer\"><\/div>\n\t\t\t\t\t\t\t\t\t\t\t<div class=\"spectra-image-gallery__media-thumbnail-caption-wrapper spectra-image-gallery__media-thumbnail-caption-wrapper--overlay\">\n\t\t\t\t\t\t\t\t\t\t\t<div class=\"spectra-image-gallery__media-thumbnail-caption spectra-image-gallery__media-thumbnail-caption--overlay\">\n\t\t\t\t\tCapacitaci\u00f3n\t\t\t\t<\/div>\n\t\t\t\t\t\t\t\t\t\t<\/div>\n\t\t\t\t\t\t\t\t\t<\/div>\n\t\t\t\t\t\t<\/div>\n\t\t\t\t\t\t<div class='spectra-image-gallery__media-wrapper' data-spectra-gallery-image-id='23793' tabindex=\"0\">\n\t\t\t\t\t\t\t<div class=\"spectra-image-gallery__media spectra-image-gallery__media--grid\">\n\t\t\t\t<picture>\n\t\t\t\t\t<source media=\"(min-width: 1024px)\" srcset=\"https:\/\/cpv2024.ine.gob.bo\/wp-content\/uploads\/2025\/07\/WhatsApp-Image-2024-02-17-at-12.24.28-PM-1024x768.jpeg.jpg\">\n\t\t\t\t\t<source media=\"(min-width: 768px)\" srcset=\"https:\/\/cpv2024.ine.gob.bo\/wp-content\/uploads\/2025\/07\/WhatsApp-Image-2024-02-17-at-12.24.28-PM-1024x768.jpeg.jpg\">\n\t\t\t\t\t<img decoding=\"async\" class=\"spectra-image-gallery__media-thumbnail spectra-image-gallery__media-thumbnail--grid\" src=\"https:\/\/cpv2024.ine.gob.bo\/wp-content\/uploads\/2025\/07\/WhatsApp-Image-2024-02-17-at-12.24.28-PM-1024x768.jpeg-300x225.jpg\" alt=\"\" loading=\"lazy\" \/>\n\t\t\t\t<\/picture>\n\t\t\t\t<div class=\"spectra-image-gallery__media-thumbnail-blurrer\"><\/div>\n\t\t\t\t\t\t\t\t\t\t\t<div class=\"spectra-image-gallery__media-thumbnail-caption-wrapper spectra-image-gallery__media-thumbnail-caption-wrapper--overlay\">\n\t\t\t\t\t\t\t\t\t\t\t<div class=\"spectra-image-gallery__media-thumbnail-caption spectra-image-gallery__media-thumbnail-caption--overlay\">\n\t\t\t\t\tCapacitaci\u00f3n\t\t\t\t<\/div>\n\t\t\t\t\t\t\t\t\t\t<\/div>\n\t\t\t\t\t\t\t\t\t<\/div>\n\t\t\t\t\t\t<\/div>\n\t\t\t\t\t\t\t\t\t\t<\/div>\n\t\t\t\t\t\t\t\t\t\t\t\t\t\t\t\t\t\t<\/div>\n\t\t\t\t\t\t\t\t\t\t\t<div class='spectra-image-gallery__control-lightbox' tabindex='0'>\n\t\t\t\t\t\t\t\t\t\t\t<div class=\"swiper spectra-image-gallery__control-lightbox--main\" dir=\"\">\n\t\t\t\t\t<div class=\"swiper-wrapper\">\n\t\t\t\t\t\t\t\t\t\t\t\t\t\n\t\t\t\t\t\t\t<div class=\"swiper-slide\">\n\t\t\t\t\t\t\t\t<img class=\"swiper-lazy\" data-src=\"https:\/\/cpv2024.ine.gob.bo\/wp-content\/uploads\/2025\/07\/CAPACITACION.jpg\" alt=\"\"\/>\n\t\t\t\t\t\t\t\t<div class=\"swiper-lazy-preloader swiper-lazy-preloader-white\"><\/div>\n\t\t\t\t\t\t\t\t\t\t\t\t\t\t\t<\/div>\n\t\t\t\t\t\t\t\t\t\t\t\t\t\n\t\t\t\t\t\t\t<div class=\"swiper-slide\">\n\t\t\t\t\t\t\t\t<img class=\"swiper-lazy\" data-src=\"https:\/\/cpv2024.ine.gob.bo\/wp-content\/uploads\/2025\/07\/45385150-bac6-48a1-91e7-4e0d12d7a2b8.jpg\" alt=\"\"\/>\n\t\t\t\t\t\t\t\t<div class=\"swiper-lazy-preloader swiper-lazy-preloader-white\"><\/div>\n\t\t\t\t\t\t\t\t\t\t\t\t\t\t\t<\/div>\n\t\t\t\t\t\t\t\t\t\t\t\t\t\n\t\t\t\t\t\t\t<div class=\"swiper-slide\">\n\t\t\t\t\t\t\t\t<img class=\"swiper-lazy\" data-src=\"https:\/\/cpv2024.ine.gob.bo\/wp-content\/uploads\/2025\/07\/WhatsApp-Image-2024-02-17-at-12.24.28-PM-1024x768.jpeg.jpg\" alt=\"\"\/>\n\t\t\t\t\t\t\t\t<div class=\"swiper-lazy-preloader swiper-lazy-preloader-white\"><\/div>\n\t\t\t\t\t\t\t\t\t\t\t\t\t\t\t<\/div>\n\t\t\t\t\t\t\t\t\t\t\t<\/div>\n\t\t\t\t\t<div class=\"swiper-button-next\"><\/div>\n\t\t\t\t\t<div class=\"swiper-button-prev\"><\/div>\n\t\t\t\t<\/div>\t\t\t\n\t\t\t\t\t\t\t\t\t\t\t\t\t\t\t\t\t\t\t\t\t\t\t\t\t\t\t\t\t\t\t\t<button class='spectra-image-gallery__control-lightbox--close' aria-label=\"Close\">\n\t\t\t\t\t\t\t\t\t\t\t\t\t<svg xmlns=\"https:\/\/www.w3.org\/2000\/svg\" viewBox= \"0 0 320 512\"><path d=\"M310.6 361.4c12.5 12.5 12.5 32.75 0 45.25C304.4 412.9 296.2 416 288 416s-16.38-3.125-22.62-9.375L160 301.3L54.63 406.6C48.38 412.9 40.19 416 32 416S15.63 412.9 9.375 406.6c-12.5-12.5-12.5-32.75 0-45.25l105.4-105.4L9.375 150.6c-12.5-12.5-12.5-32.75 0-45.25s32.75-12.5 45.25 0L160 210.8l105.4-105.4c12.5-12.5 32.75-12.5 45.25 0s12.5 32.75 0 45.25l-105.4 105.4L310.6 361.4z\"><\/path><\/svg>\n\t\t\t\t\t\t\t\t\t\t\t\t<\/button>\n\t\t\t\t\t\t\t\t\t\t\t\t\t<\/div>\n\t\t\t\t\t\t\t\t\t\n\n\n<p>Para llevar a cabo las capacitaciones a la estructura censal se elabor\u00f3 los siguientes instrumentos:<\/p>\n\n\n\n<ul class=\"wp-block-list\">\n<li><a href=\"https:\/\/nube.ine.gob.bo\/index.php\/s\/hLySa0G6DuBrfoh\/download\">Manual del Capacitador<\/a><\/li>\n\n\n\n<li><a href=\"https:\/\/nube.ine.gob.bo\/index.php\/s\/PFS4gNgIz4ZW2kR\/download\">Manual del Instructor<\/a><\/li>\n\n\n\n<li><a href=\"https:\/\/nube.ine.gob.bo\/index.php\/s\/fRzciSGlcmcK4te\/download\">Manual del Jefe de la Unidad Territorial Censal (UTC)<\/a><\/li>\n\n\n\n<li><a href=\"https:\/\/nube.ine.gob.bo\/index.php\/s\/fNQ9YpGr3yooWc3\/download\">Manual del Jefe de \u00c1rea<\/a><\/li>\n\n\n\n<li><a href=\"https:\/\/nube.ine.gob.bo\/index.php\/s\/wqSBVYuhGHJt0VQ\/download\">Manual del Jefe de Zona<\/a><\/li>\n\n\n\n<li><a href=\"https:\/\/nube.ine.gob.bo\/index.php\/s\/Pm2WwAntk2wK8xX\/download\">Manual del Supervisor de sector<\/a><\/li>\n\n\n\n<li><a href=\"https:\/\/nube.ine.gob.bo\/index.php\/s\/WsuerPiCAtPi5ET\/download\">Manual del Censista<\/a><\/li>\n\n\n\n<li>Plataforma virtual de capacitaci\u00f3n \u201cYo me capacito\u201d<\/li>\n\n\n\n<li>Producci\u00f3n audiovisual<\/li>\n<\/ul>\n<\/div>\n\n\n\n<p><\/p>\n","protected":false},"excerpt":{"rendered":"<p>Capacitaci\u00f3n El objetivo de este proceso fue capacitar a la estructura censal (jefe de Unidad Territorial Censal, jefe de \u00e1rea, jefe de zona, supervisor de sector, censista) en los contenidos \u00edntegros del cuestionario censal, el recorrido de sus espacios censales asignados y los procesos y operativo censal. Para la capacitaci\u00f3n de toda la estructura censal [&hellip;]<\/p>\n","protected":false},"author":1,"featured_media":0,"parent":2,"menu_order":0,"comment_status":"closed","ping_status":"closed","template":"wp-custom-template-sticky-menu","meta":{"inline_featured_image":false,"_uag_custom_page_level_css":"","_joinchat":[],"footnotes":""},"class_list":["post-23997","page","type-page","status-publish","hentry"],"yoast_head":"<!-- This site is optimized with the Yoast SEO plugin v26.2 - https:\/\/yoast.com\/wordpress\/plugins\/seo\/ -->\n<title>Capacitaci\u00f3n - 2025 - Censo 2024<\/title>\n<meta name=\"robots\" content=\"index, follow, max-snippet:-1, max-image-preview:large, max-video-preview:-1\" \/>\n<link rel=\"canonical\" href=\"https:\/\/cpv2024.ine.gob.bo\/index.php\/principal\/capacitacion-2025\/\" \/>\n<meta property=\"og:locale\" content=\"es_ES\" \/>\n<meta property=\"og:type\" content=\"article\" \/>\n<meta property=\"og:title\" content=\"Capacitaci\u00f3n - 2025 - Censo 2024\" \/>\n<meta property=\"og:description\" content=\"Capacitaci\u00f3n El objetivo de este proceso fue capacitar a la estructura censal (jefe de Unidad Territorial Censal, jefe de \u00e1rea, jefe de zona, supervisor de sector, censista) en los contenidos \u00edntegros del cuestionario censal, el recorrido de sus espacios censales asignados y los procesos y operativo censal. Para la capacitaci\u00f3n de toda la estructura censal [&hellip;]\" \/>\n<meta property=\"og:url\" content=\"https:\/\/cpv2024.ine.gob.bo\/index.php\/principal\/capacitacion-2025\/\" \/>\n<meta property=\"og:site_name\" content=\"Censo 2024\" \/>\n<meta property=\"article:publisher\" content=\"https:\/\/www.facebook.com\/ineboliviaoficial\/?locale=es_LA\" \/>\n<meta property=\"article:modified_time\" content=\"2025-09-04T14:35:45+00:00\" \/>\n<meta property=\"og:image\" content=\"https:\/\/cpv2024.ine.gob.bo\/wp-content\/uploads\/2025\/08\/grafico-4-corregido-final-scaled.png\" \/>\n\t<meta property=\"og:image:width\" content=\"2560\" \/>\n\t<meta property=\"og:image:height\" content=\"1451\" \/>\n\t<meta property=\"og:image:type\" content=\"image\/png\" \/>\n<meta name=\"twitter:card\" content=\"summary_large_image\" \/>\n<meta name=\"twitter:site\" content=\"@ine_bolivia\" \/>\n<meta name=\"twitter:label1\" content=\"Tiempo de lectura\" \/>\n\t<meta name=\"twitter:data1\" content=\"1 minuto\" \/>\n<script type=\"application\/ld+json\" class=\"yoast-schema-graph\">{\"@context\":\"https:\/\/schema.org\",\"@graph\":[{\"@type\":\"WebPage\",\"@id\":\"https:\/\/cpv2024.ine.gob.bo\/index.php\/principal\/capacitacion-2025\/\",\"url\":\"https:\/\/cpv2024.ine.gob.bo\/index.php\/principal\/capacitacion-2025\/\",\"name\":\"Capacitaci\u00f3n - 2025 - Censo 2024\",\"isPartOf\":{\"@id\":\"https:\/\/cpv2024.ine.gob.bo\/#website\"},\"primaryImageOfPage\":{\"@id\":\"https:\/\/cpv2024.ine.gob.bo\/index.php\/principal\/capacitacion-2025\/#primaryimage\"},\"image\":{\"@id\":\"https:\/\/cpv2024.ine.gob.bo\/index.php\/principal\/capacitacion-2025\/#primaryimage\"},\"thumbnailUrl\":\"https:\/\/cpv2024.ine.gob.bo\/wp-content\/uploads\/2025\/08\/grafico-4-corregido-final-scaled.png\",\"datePublished\":\"2025-07-31T13:42:06+00:00\",\"dateModified\":\"2025-09-04T14:35:45+00:00\",\"breadcrumb\":{\"@id\":\"https:\/\/cpv2024.ine.gob.bo\/index.php\/principal\/capacitacion-2025\/#breadcrumb\"},\"inLanguage\":\"es\",\"potentialAction\":[{\"@type\":\"ReadAction\",\"target\":[\"https:\/\/cpv2024.ine.gob.bo\/index.php\/principal\/capacitacion-2025\/\"]}]},{\"@type\":\"ImageObject\",\"inLanguage\":\"es\",\"@id\":\"https:\/\/cpv2024.ine.gob.bo\/index.php\/principal\/capacitacion-2025\/#primaryimage\",\"url\":\"https:\/\/cpv2024.ine.gob.bo\/wp-content\/uploads\/2025\/08\/grafico-4-corregido-final-scaled.png\",\"contentUrl\":\"https:\/\/cpv2024.ine.gob.bo\/wp-content\/uploads\/2025\/08\/grafico-4-corregido-final-scaled.png\",\"width\":2560,\"height\":1451},{\"@type\":\"BreadcrumbList\",\"@id\":\"https:\/\/cpv2024.ine.gob.bo\/index.php\/principal\/capacitacion-2025\/#breadcrumb\",\"itemListElement\":[{\"@type\":\"ListItem\",\"position\":1,\"name\":\"Portada\",\"item\":\"https:\/\/cpv2024.ine.gob.bo\/\"},{\"@type\":\"ListItem\",\"position\":2,\"name\":\"PRINCIPAL\",\"item\":\"https:\/\/cpv2024.ine.gob.bo\/\"},{\"@type\":\"ListItem\",\"position\":3,\"name\":\"Capacitaci\u00f3n &#8211; 2025\"}]},{\"@type\":\"WebSite\",\"@id\":\"https:\/\/cpv2024.ine.gob.bo\/#website\",\"url\":\"https:\/\/cpv2024.ine.gob.bo\/\",\"name\":\"Censo 2024\",\"description\":\"Pagina oficial del censo de poblaci\u00f3n Bolivia 2024\",\"publisher\":{\"@id\":\"https:\/\/cpv2024.ine.gob.bo\/#organization\"},\"alternateName\":\"https:\/\/cpv2024.ine.gob.bo\/\",\"potentialAction\":[{\"@type\":\"SearchAction\",\"target\":{\"@type\":\"EntryPoint\",\"urlTemplate\":\"https:\/\/cpv2024.ine.gob.bo\/?s={search_term_string}\"},\"query-input\":{\"@type\":\"PropertyValueSpecification\",\"valueRequired\":true,\"valueName\":\"search_term_string\"}}],\"inLanguage\":\"es\"},{\"@type\":\"Organization\",\"@id\":\"https:\/\/cpv2024.ine.gob.bo\/#organization\",\"name\":\"Censo 2024\",\"url\":\"https:\/\/cpv2024.ine.gob.bo\/\",\"logo\":{\"@type\":\"ImageObject\",\"inLanguage\":\"es\",\"@id\":\"https:\/\/cpv2024.ine.gob.bo\/#\/schema\/logo\/image\/\",\"url\":\"https:\/\/cpv2024.ine.gob.bo\/wp-content\/uploads\/2025\/04\/logo-censo_INE-512-px.png\",\"contentUrl\":\"https:\/\/cpv2024.ine.gob.bo\/wp-content\/uploads\/2025\/04\/logo-censo_INE-512-px.png\",\"width\":512,\"height\":264,\"caption\":\"Censo 2024\"},\"image\":{\"@id\":\"https:\/\/cpv2024.ine.gob.bo\/#\/schema\/logo\/image\/\"},\"sameAs\":[\"https:\/\/www.facebook.com\/ineboliviaoficial\/?locale=es_LA\",\"https:\/\/x.com\/ine_bolivia\"]}]}<\/script>\n<!-- \/ Yoast SEO plugin. -->","yoast_head_json":{"title":"Capacitaci\u00f3n - 2025 - Censo 2024","robots":{"index":"index","follow":"follow","max-snippet":"max-snippet:-1","max-image-preview":"max-image-preview:large","max-video-preview":"max-video-preview:-1"},"canonical":"https:\/\/cpv2024.ine.gob.bo\/index.php\/principal\/capacitacion-2025\/","og_locale":"es_ES","og_type":"article","og_title":"Capacitaci\u00f3n - 2025 - Censo 2024","og_description":"Capacitaci\u00f3n El objetivo de este proceso fue capacitar a la estructura censal (jefe de Unidad Territorial Censal, jefe de \u00e1rea, jefe de zona, supervisor de sector, censista) en los contenidos \u00edntegros del cuestionario censal, el recorrido de sus espacios censales asignados y los procesos y operativo censal. Para la capacitaci\u00f3n de toda la estructura censal [&hellip;]","og_url":"https:\/\/cpv2024.ine.gob.bo\/index.php\/principal\/capacitacion-2025\/","og_site_name":"Censo 2024","article_publisher":"https:\/\/www.facebook.com\/ineboliviaoficial\/?locale=es_LA","article_modified_time":"2025-09-04T14:35:45+00:00","og_image":[{"width":2560,"height":1451,"url":"https:\/\/cpv2024.ine.gob.bo\/wp-content\/uploads\/2025\/08\/grafico-4-corregido-final-scaled.png","type":"image\/png"}],"twitter_card":"summary_large_image","twitter_site":"@ine_bolivia","twitter_misc":{"Tiempo de lectura":"1 minuto"},"schema":{"@context":"https:\/\/schema.org","@graph":[{"@type":"WebPage","@id":"https:\/\/cpv2024.ine.gob.bo\/index.php\/principal\/capacitacion-2025\/","url":"https:\/\/cpv2024.ine.gob.bo\/index.php\/principal\/capacitacion-2025\/","name":"Capacitaci\u00f3n - 2025 - Censo 2024","isPartOf":{"@id":"https:\/\/cpv2024.ine.gob.bo\/#website"},"primaryImageOfPage":{"@id":"https:\/\/cpv2024.ine.gob.bo\/index.php\/principal\/capacitacion-2025\/#primaryimage"},"image":{"@id":"https:\/\/cpv2024.ine.gob.bo\/index.php\/principal\/capacitacion-2025\/#primaryimage"},"thumbnailUrl":"https:\/\/cpv2024.ine.gob.bo\/wp-content\/uploads\/2025\/08\/grafico-4-corregido-final-scaled.png","datePublished":"2025-07-31T13:42:06+00:00","dateModified":"2025-09-04T14:35:45+00:00","breadcrumb":{"@id":"https:\/\/cpv2024.ine.gob.bo\/index.php\/principal\/capacitacion-2025\/#breadcrumb"},"inLanguage":"es","potentialAction":[{"@type":"ReadAction","target":["https:\/\/cpv2024.ine.gob.bo\/index.php\/principal\/capacitacion-2025\/"]}]},{"@type":"ImageObject","inLanguage":"es","@id":"https:\/\/cpv2024.ine.gob.bo\/index.php\/principal\/capacitacion-2025\/#primaryimage","url":"https:\/\/cpv2024.ine.gob.bo\/wp-content\/uploads\/2025\/08\/grafico-4-corregido-final-scaled.png","contentUrl":"https:\/\/cpv2024.ine.gob.bo\/wp-content\/uploads\/2025\/08\/grafico-4-corregido-final-scaled.png","width":2560,"height":1451},{"@type":"BreadcrumbList","@id":"https:\/\/cpv2024.ine.gob.bo\/index.php\/principal\/capacitacion-2025\/#breadcrumb","itemListElement":[{"@type":"ListItem","position":1,"name":"Portada","item":"https:\/\/cpv2024.ine.gob.bo\/"},{"@type":"ListItem","position":2,"name":"PRINCIPAL","item":"https:\/\/cpv2024.ine.gob.bo\/"},{"@type":"ListItem","position":3,"name":"Capacitaci\u00f3n &#8211; 2025"}]},{"@type":"WebSite","@id":"https:\/\/cpv2024.ine.gob.bo\/#website","url":"https:\/\/cpv2024.ine.gob.bo\/","name":"Censo 2024","description":"Pagina oficial del censo de poblaci\u00f3n Bolivia 2024","publisher":{"@id":"https:\/\/cpv2024.ine.gob.bo\/#organization"},"alternateName":"https:\/\/cpv2024.ine.gob.bo\/","potentialAction":[{"@type":"SearchAction","target":{"@type":"EntryPoint","urlTemplate":"https:\/\/cpv2024.ine.gob.bo\/?s={search_term_string}"},"query-input":{"@type":"PropertyValueSpecification","valueRequired":true,"valueName":"search_term_string"}}],"inLanguage":"es"},{"@type":"Organization","@id":"https:\/\/cpv2024.ine.gob.bo\/#organization","name":"Censo 2024","url":"https:\/\/cpv2024.ine.gob.bo\/","logo":{"@type":"ImageObject","inLanguage":"es","@id":"https:\/\/cpv2024.ine.gob.bo\/#\/schema\/logo\/image\/","url":"https:\/\/cpv2024.ine.gob.bo\/wp-content\/uploads\/2025\/04\/logo-censo_INE-512-px.png","contentUrl":"https:\/\/cpv2024.ine.gob.bo\/wp-content\/uploads\/2025\/04\/logo-censo_INE-512-px.png","width":512,"height":264,"caption":"Censo 2024"},"image":{"@id":"https:\/\/cpv2024.ine.gob.bo\/#\/schema\/logo\/image\/"},"sameAs":["https:\/\/www.facebook.com\/ineboliviaoficial\/?locale=es_LA","https:\/\/x.com\/ine_bolivia"]}]}},"uagb_featured_image_src":{"full":false,"thumbnail":false,"medium":false,"medium_large":false,"large":false,"1536x1536":false,"2048x2048":false,"gg_gallery_thumbnail":false},"uagb_author_info":{"display_name":"sergio","author_link":"https:\/\/cpv2024.ine.gob.bo\/index.php\/author\/sergio\/"},"uagb_comment_info":0,"uagb_excerpt":"Capacitaci\u00f3n El objetivo de este proceso fue capacitar a la estructura censal (jefe de Unidad Territorial Censal, jefe de \u00e1rea, jefe de zona, supervisor de sector, censista) en los contenidos \u00edntegros del cuestionario censal, el recorrido de sus espacios censales asignados y los procesos y operativo censal. Para la capacitaci\u00f3n de toda la estructura censal&hellip;","_links":{"self":[{"href":"https:\/\/cpv2024.ine.gob.bo\/index.php\/wp-json\/wp\/v2\/pages\/23997","targetHints":{"allow":["GET"]}}],"collection":[{"href":"https:\/\/cpv2024.ine.gob.bo\/index.php\/wp-json\/wp\/v2\/pages"}],"about":[{"href":"https:\/\/cpv2024.ine.gob.bo\/index.php\/wp-json\/wp\/v2\/types\/page"}],"author":[{"embeddable":true,"href":"https:\/\/cpv2024.ine.gob.bo\/index.php\/wp-json\/wp\/v2\/users\/1"}],"replies":[{"embeddable":true,"href":"https:\/\/cpv2024.ine.gob.bo\/index.php\/wp-json\/wp\/v2\/comments?post=23997"}],"version-history":[{"count":9,"href":"https:\/\/cpv2024.ine.gob.bo\/index.php\/wp-json\/wp\/v2\/pages\/23997\/revisions"}],"predecessor-version":[{"id":28059,"href":"https:\/\/cpv2024.ine.gob.bo\/index.php\/wp-json\/wp\/v2\/pages\/23997\/revisions\/28059"}],"up":[{"embeddable":true,"href":"https:\/\/cpv2024.ine.gob.bo\/index.php\/wp-json\/wp\/v2\/pages\/2"}],"wp:attachment":[{"href":"https:\/\/cpv2024.ine.gob.bo\/index.php\/wp-json\/wp\/v2\/media?parent=23997"}],"curies":[{"name":"wp","href":"https:\/\/api.w.org\/{rel}","templated":true}]}}