{"id":24004,"date":"2025-07-31T13:57:15","date_gmt":"2025-07-31T13:57:15","guid":{"rendered":"https:\/\/cpv2024.ine.gob.bo\/?page_id=24004"},"modified":"2025-08-25T18:58:05","modified_gmt":"2025-08-25T18:58:05","slug":"conteo-poblacional-preliminar","status":"publish","type":"page","link":"https:\/\/cpv2024.ine.gob.bo\/index.php\/principal\/conteo-poblacional-preliminar\/","title":{"rendered":"Conteo poblacional preliminar &#8211; 2025"},"content":{"rendered":"\n<div class=\"wp-block-group has-global-padding is-layout-constrained wp-container-core-group-is-layout-0b40682b wp-block-group-is-layout-constrained\">\n<p class=\"has-large-font-size\"><strong>Conteo poblacional preliminar<\/strong><\/p>\n\n\n\n<p>El objetivo de este proceso fue contar con datos preliminares de poblaci\u00f3n por municipio\/autonom\u00edas ind\u00edgenas originario campesinas para el cumplimiento de la normativa establecida.<\/p>\n\n\n\n<p>Se realizaron las siguientes actividades iniciales:<\/p>\n\n\n\n<ul class=\"wp-block-list\">\n<li>Retorno de cajas censales<\/li>\n\n\n\n<li>Limpieza y separaci\u00f3n de material sobrante.<\/li>\n\n\n\n<li>Validaci\u00f3n de ubicaci\u00f3n geogr\u00e1fica con el marco censal.<\/li>\n\n\n\n<li>Verificaci\u00f3n y registro en el sistema de conteo preliminar del n\u00famero cuestionario, y si es vivienda ocupada el n\u00famero de mujeres y hombres en el cuestionario censal.<\/li>\n\n\n\n<li>Preparaci\u00f3n de la documentaci\u00f3n censal para su guillotinado organiz\u00e1ndolo por sectores censales.<\/li>\n<\/ul>\n\n\n\n<p>Despu\u00e9s del escaneo de los cuestionarios organizados por sectores censales, los datos del registrados en las mesas de limpieza y registro, fueron sometidos a la verificaci\u00f3n b\u00e1sica de datos del cuestionario censal, con la transcripci\u00f3n b\u00e1sica de datos de cuestionarios digitalizados: cap\u00edtulo A (n\u00famero de cuestionario, manzana, ciudad\/comunidad) y del cap\u00edtulo G para cada persona (n\u00famero, nombre, parentesco, sexo, edad, autoidentificaci\u00f3n ind\u00edgena), adem\u00e1s de verificar marcas visibles y observaciones escritas.<\/p>\n\n\n\n<p>El sistema verific\u00f3 autom\u00e1ticamente que el n\u00famero de personas retranscritas coincida con el conteo poblacional y gener\u00f3 alertas en caso de diferencias.<\/p>\n\n\n\n<p>El 29 de agosto de 2024, el INE entreg\u00f3 los resultados del conteo poblacional preliminar.<\/p>\n<\/div>\n","protected":false},"excerpt":{"rendered":"<p>Conteo poblacional preliminar El objetivo de este proceso fue contar con datos preliminares de poblaci\u00f3n por municipio\/autonom\u00edas ind\u00edgenas originario campesinas para el cumplimiento de la normativa establecida. Se realizaron las siguientes actividades iniciales: Despu\u00e9s del escaneo de los cuestionarios organizados por sectores censales, los datos del registrados en las mesas de limpieza y registro, fueron [&hellip;]<\/p>\n","protected":false},"author":1,"featured_media":0,"parent":2,"menu_order":0,"comment_status":"closed","ping_status":"closed","template":"wp-custom-template-sticky-menu","meta":{"inline_featured_image":false,"_uag_custom_page_level_css":"","_joinchat":[],"footnotes":""},"class_list":["post-24004","page","type-page","status-publish","hentry"],"yoast_head":"<!-- This site is optimized with the Yoast SEO plugin v26.2 - https:\/\/yoast.com\/wordpress\/plugins\/seo\/ -->\n<title>Conteo poblacional preliminar - 2025 - Censo 2024<\/title>\n<meta name=\"robots\" content=\"index, follow, max-snippet:-1, max-image-preview:large, max-video-preview:-1\" \/>\n<link rel=\"canonical\" href=\"https:\/\/cpv2024.ine.gob.bo\/index.php\/principal\/conteo-poblacional-preliminar\/\" \/>\n<meta property=\"og:locale\" content=\"es_ES\" \/>\n<meta property=\"og:type\" content=\"article\" \/>\n<meta property=\"og:title\" content=\"Conteo poblacional preliminar - 2025 - Censo 2024\" \/>\n<meta property=\"og:description\" content=\"Conteo poblacional preliminar El objetivo de este proceso fue contar con datos preliminares de poblaci\u00f3n por municipio\/autonom\u00edas ind\u00edgenas originario campesinas para el cumplimiento de la normativa establecida. Se realizaron las siguientes actividades iniciales: Despu\u00e9s del escaneo de los cuestionarios organizados por sectores censales, los datos del registrados en las mesas de limpieza y registro, fueron [&hellip;]\" \/>\n<meta property=\"og:url\" content=\"https:\/\/cpv2024.ine.gob.bo\/index.php\/principal\/conteo-poblacional-preliminar\/\" \/>\n<meta property=\"og:site_name\" content=\"Censo 2024\" \/>\n<meta property=\"article:publisher\" content=\"https:\/\/www.facebook.com\/ineboliviaoficial\/?locale=es_LA\" \/>\n<meta property=\"article:modified_time\" content=\"2025-08-25T18:58:05+00:00\" \/>\n<meta name=\"twitter:card\" content=\"summary_large_image\" \/>\n<meta name=\"twitter:site\" content=\"@ine_bolivia\" \/>\n<meta name=\"twitter:label1\" content=\"Tiempo de lectura\" \/>\n\t<meta name=\"twitter:data1\" content=\"1 minuto\" \/>\n<script type=\"application\/ld+json\" class=\"yoast-schema-graph\">{\"@context\":\"https:\/\/schema.org\",\"@graph\":[{\"@type\":\"WebPage\",\"@id\":\"https:\/\/cpv2024.ine.gob.bo\/index.php\/principal\/conteo-poblacional-preliminar\/\",\"url\":\"https:\/\/cpv2024.ine.gob.bo\/index.php\/principal\/conteo-poblacional-preliminar\/\",\"name\":\"Conteo poblacional preliminar - 2025 - Censo 2024\",\"isPartOf\":{\"@id\":\"https:\/\/cpv2024.ine.gob.bo\/#website\"},\"datePublished\":\"2025-07-31T13:57:15+00:00\",\"dateModified\":\"2025-08-25T18:58:05+00:00\",\"breadcrumb\":{\"@id\":\"https:\/\/cpv2024.ine.gob.bo\/index.php\/principal\/conteo-poblacional-preliminar\/#breadcrumb\"},\"inLanguage\":\"es\",\"potentialAction\":[{\"@type\":\"ReadAction\",\"target\":[\"https:\/\/cpv2024.ine.gob.bo\/index.php\/principal\/conteo-poblacional-preliminar\/\"]}]},{\"@type\":\"BreadcrumbList\",\"@id\":\"https:\/\/cpv2024.ine.gob.bo\/index.php\/principal\/conteo-poblacional-preliminar\/#breadcrumb\",\"itemListElement\":[{\"@type\":\"ListItem\",\"position\":1,\"name\":\"Portada\",\"item\":\"https:\/\/cpv2024.ine.gob.bo\/\"},{\"@type\":\"ListItem\",\"position\":2,\"name\":\"PRINCIPAL\",\"item\":\"https:\/\/cpv2024.ine.gob.bo\/\"},{\"@type\":\"ListItem\",\"position\":3,\"name\":\"Conteo poblacional preliminar &#8211; 2025\"}]},{\"@type\":\"WebSite\",\"@id\":\"https:\/\/cpv2024.ine.gob.bo\/#website\",\"url\":\"https:\/\/cpv2024.ine.gob.bo\/\",\"name\":\"Censo 2024\",\"description\":\"Pagina oficial del censo de poblaci\u00f3n Bolivia 2024\",\"publisher\":{\"@id\":\"https:\/\/cpv2024.ine.gob.bo\/#organization\"},\"alternateName\":\"https:\/\/cpv2024.ine.gob.bo\/\",\"potentialAction\":[{\"@type\":\"SearchAction\",\"target\":{\"@type\":\"EntryPoint\",\"urlTemplate\":\"https:\/\/cpv2024.ine.gob.bo\/?s={search_term_string}\"},\"query-input\":{\"@type\":\"PropertyValueSpecification\",\"valueRequired\":true,\"valueName\":\"search_term_string\"}}],\"inLanguage\":\"es\"},{\"@type\":\"Organization\",\"@id\":\"https:\/\/cpv2024.ine.gob.bo\/#organization\",\"name\":\"Censo 2024\",\"url\":\"https:\/\/cpv2024.ine.gob.bo\/\",\"logo\":{\"@type\":\"ImageObject\",\"inLanguage\":\"es\",\"@id\":\"https:\/\/cpv2024.ine.gob.bo\/#\/schema\/logo\/image\/\",\"url\":\"https:\/\/cpv2024.ine.gob.bo\/wp-content\/uploads\/2025\/04\/logo-censo_INE-512-px.png\",\"contentUrl\":\"https:\/\/cpv2024.ine.gob.bo\/wp-content\/uploads\/2025\/04\/logo-censo_INE-512-px.png\",\"width\":512,\"height\":264,\"caption\":\"Censo 2024\"},\"image\":{\"@id\":\"https:\/\/cpv2024.ine.gob.bo\/#\/schema\/logo\/image\/\"},\"sameAs\":[\"https:\/\/www.facebook.com\/ineboliviaoficial\/?locale=es_LA\",\"https:\/\/x.com\/ine_bolivia\"]}]}<\/script>\n<!-- \/ Yoast SEO plugin. -->","yoast_head_json":{"title":"Conteo poblacional preliminar - 2025 - Censo 2024","robots":{"index":"index","follow":"follow","max-snippet":"max-snippet:-1","max-image-preview":"max-image-preview:large","max-video-preview":"max-video-preview:-1"},"canonical":"https:\/\/cpv2024.ine.gob.bo\/index.php\/principal\/conteo-poblacional-preliminar\/","og_locale":"es_ES","og_type":"article","og_title":"Conteo poblacional preliminar - 2025 - Censo 2024","og_description":"Conteo poblacional preliminar El objetivo de este proceso fue contar con datos preliminares de poblaci\u00f3n por municipio\/autonom\u00edas ind\u00edgenas originario campesinas para el cumplimiento de la normativa establecida. Se realizaron las siguientes actividades iniciales: Despu\u00e9s del escaneo de los cuestionarios organizados por sectores censales, los datos del registrados en las mesas de limpieza y registro, fueron [&hellip;]","og_url":"https:\/\/cpv2024.ine.gob.bo\/index.php\/principal\/conteo-poblacional-preliminar\/","og_site_name":"Censo 2024","article_publisher":"https:\/\/www.facebook.com\/ineboliviaoficial\/?locale=es_LA","article_modified_time":"2025-08-25T18:58:05+00:00","twitter_card":"summary_large_image","twitter_site":"@ine_bolivia","twitter_misc":{"Tiempo de lectura":"1 minuto"},"schema":{"@context":"https:\/\/schema.org","@graph":[{"@type":"WebPage","@id":"https:\/\/cpv2024.ine.gob.bo\/index.php\/principal\/conteo-poblacional-preliminar\/","url":"https:\/\/cpv2024.ine.gob.bo\/index.php\/principal\/conteo-poblacional-preliminar\/","name":"Conteo poblacional preliminar - 2025 - Censo 2024","isPartOf":{"@id":"https:\/\/cpv2024.ine.gob.bo\/#website"},"datePublished":"2025-07-31T13:57:15+00:00","dateModified":"2025-08-25T18:58:05+00:00","breadcrumb":{"@id":"https:\/\/cpv2024.ine.gob.bo\/index.php\/principal\/conteo-poblacional-preliminar\/#breadcrumb"},"inLanguage":"es","potentialAction":[{"@type":"ReadAction","target":["https:\/\/cpv2024.ine.gob.bo\/index.php\/principal\/conteo-poblacional-preliminar\/"]}]},{"@type":"BreadcrumbList","@id":"https:\/\/cpv2024.ine.gob.bo\/index.php\/principal\/conteo-poblacional-preliminar\/#breadcrumb","itemListElement":[{"@type":"ListItem","position":1,"name":"Portada","item":"https:\/\/cpv2024.ine.gob.bo\/"},{"@type":"ListItem","position":2,"name":"PRINCIPAL","item":"https:\/\/cpv2024.ine.gob.bo\/"},{"@type":"ListItem","position":3,"name":"Conteo poblacional preliminar &#8211; 2025"}]},{"@type":"WebSite","@id":"https:\/\/cpv2024.ine.gob.bo\/#website","url":"https:\/\/cpv2024.ine.gob.bo\/","name":"Censo 2024","description":"Pagina oficial del censo de poblaci\u00f3n Bolivia 2024","publisher":{"@id":"https:\/\/cpv2024.ine.gob.bo\/#organization"},"alternateName":"https:\/\/cpv2024.ine.gob.bo\/","potentialAction":[{"@type":"SearchAction","target":{"@type":"EntryPoint","urlTemplate":"https:\/\/cpv2024.ine.gob.bo\/?s={search_term_string}"},"query-input":{"@type":"PropertyValueSpecification","valueRequired":true,"valueName":"search_term_string"}}],"inLanguage":"es"},{"@type":"Organization","@id":"https:\/\/cpv2024.ine.gob.bo\/#organization","name":"Censo 2024","url":"https:\/\/cpv2024.ine.gob.bo\/","logo":{"@type":"ImageObject","inLanguage":"es","@id":"https:\/\/cpv2024.ine.gob.bo\/#\/schema\/logo\/image\/","url":"https:\/\/cpv2024.ine.gob.bo\/wp-content\/uploads\/2025\/04\/logo-censo_INE-512-px.png","contentUrl":"https:\/\/cpv2024.ine.gob.bo\/wp-content\/uploads\/2025\/04\/logo-censo_INE-512-px.png","width":512,"height":264,"caption":"Censo 2024"},"image":{"@id":"https:\/\/cpv2024.ine.gob.bo\/#\/schema\/logo\/image\/"},"sameAs":["https:\/\/www.facebook.com\/ineboliviaoficial\/?locale=es_LA","https:\/\/x.com\/ine_bolivia"]}]}},"uagb_featured_image_src":{"full":false,"thumbnail":false,"medium":false,"medium_large":false,"large":false,"1536x1536":false,"2048x2048":false,"gg_gallery_thumbnail":false},"uagb_author_info":{"display_name":"sergio","author_link":"https:\/\/cpv2024.ine.gob.bo\/index.php\/author\/sergio\/"},"uagb_comment_info":0,"uagb_excerpt":"Conteo poblacional preliminar El objetivo de este proceso fue contar con datos preliminares de poblaci\u00f3n por municipio\/autonom\u00edas ind\u00edgenas originario campesinas para el cumplimiento de la normativa establecida. Se realizaron las siguientes actividades iniciales: Despu\u00e9s del escaneo de los cuestionarios organizados por sectores censales, los datos del registrados en las mesas de limpieza y registro, fueron&hellip;","_links":{"self":[{"href":"https:\/\/cpv2024.ine.gob.bo\/index.php\/wp-json\/wp\/v2\/pages\/24004","targetHints":{"allow":["GET"]}}],"collection":[{"href":"https:\/\/cpv2024.ine.gob.bo\/index.php\/wp-json\/wp\/v2\/pages"}],"about":[{"href":"https:\/\/cpv2024.ine.gob.bo\/index.php\/wp-json\/wp\/v2\/types\/page"}],"author":[{"embeddable":true,"href":"https:\/\/cpv2024.ine.gob.bo\/index.php\/wp-json\/wp\/v2\/users\/1"}],"replies":[{"embeddable":true,"href":"https:\/\/cpv2024.ine.gob.bo\/index.php\/wp-json\/wp\/v2\/comments?post=24004"}],"version-history":[{"count":9,"href":"https:\/\/cpv2024.ine.gob.bo\/index.php\/wp-json\/wp\/v2\/pages\/24004\/revisions"}],"predecessor-version":[{"id":26579,"href":"https:\/\/cpv2024.ine.gob.bo\/index.php\/wp-json\/wp\/v2\/pages\/24004\/revisions\/26579"}],"up":[{"embeddable":true,"href":"https:\/\/cpv2024.ine.gob.bo\/index.php\/wp-json\/wp\/v2\/pages\/2"}],"wp:attachment":[{"href":"https:\/\/cpv2024.ine.gob.bo\/index.php\/wp-json\/wp\/v2\/media?parent=24004"}],"curies":[{"name":"wp","href":"https:\/\/api.w.org\/{rel}","templated":true}]}}